{"id":23833,"date":"2025-10-30T09:01:44","date_gmt":"2025-10-30T08:01:44","guid":{"rendered":"https:\/\/www.achucarro.org\/?page_id=23833"},"modified":"2025-10-30T16:41:44","modified_gmt":"2025-10-30T15:41:44","slug":"winter-symposium","status":"publish","type":"page","link":"https:\/\/www.achucarro.org\/eu\/winter-symposium\/","title":{"rendered":"Winter Symposium"},"content":{"rendered":"\t\t<div data-elementor-type=\"wp-page\" data-elementor-id=\"23833\" class=\"elementor elementor-23833\">\n\t\t\t\t\t\t<section class=\"elementor-section elementor-top-section elementor-element elementor-element-71c6e70 elementor-section-boxed elementor-section-height-default elementor-section-height-default\" data-id=\"71c6e70\" data-element_type=\"section\">\n\t\t\t\t\t\t<div class=\"elementor-container elementor-column-gap-default\">\n\t\t\t\t\t<div class=\"elementor-column elementor-col-100 elementor-top-column elementor-element elementor-element-5ccd9c3\" data-id=\"5ccd9c3\" data-element_type=\"column\">\n\t\t\t<div class=\"elementor-widget-wrap elementor-element-populated\">\n\t\t\t\t\t\t<div class=\"elementor-element elementor-element-6918d1e elementor-widget elementor-widget-heading\" data-id=\"6918d1e\" data-element_type=\"widget\" data-widget_type=\"heading.default\">\n\t\t\t\t<div class=\"elementor-widget-container\">\n\t\t\t\t\t<h2 class=\"elementor-heading-title elementor-size-default\">Achucarro Winter Symposium<\/h2>\t\t\t\t<\/div>\n\t\t\t\t<\/div>\n\t\t\t\t<div class=\"elementor-element elementor-element-f460089 elementor-widget elementor-widget-heading\" data-id=\"f460089\" data-element_type=\"widget\" data-widget_type=\"heading.default\">\n\t\t\t\t<div class=\"elementor-widget-container\">\n\t\t\t\t\t<h5 class=\"elementor-heading-title elementor-size-default\">curated by Postdoctoral researchers<\/h5>\t\t\t\t<\/div>\n\t\t\t\t<\/div>\n\t\t\t\t\t<\/div>\n\t\t<\/div>\n\t\t\t\t\t<\/div>\n\t\t<\/section>\n\t\t\t\t<section class=\"elementor-section elementor-top-section elementor-element elementor-element-06e0434 elementor-section-boxed elementor-section-height-default elementor-section-height-default\" data-id=\"06e0434\" data-element_type=\"section\" data-settings=\"{&quot;background_background&quot;:&quot;classic&quot;}\">\n\t\t\t\t\t\t<div class=\"elementor-container elementor-column-gap-default\">\n\t\t\t\t\t<div class=\"elementor-column elementor-col-100 elementor-top-column elementor-element elementor-element-f1f0b17\" data-id=\"f1f0b17\" data-element_type=\"column\">\n\t\t\t<div class=\"elementor-widget-wrap elementor-element-populated\">\n\t\t\t\t\t\t<div class=\"elementor-element elementor-element-40e33bc elementor-widget elementor-widget-text-editor\" data-id=\"40e33bc\" data-element_type=\"widget\" data-widget_type=\"text-editor.default\">\n\t\t\t\t<div class=\"elementor-widget-container\">\n\t\t\t\t\t\t\t\t\t<h4><em>Scientific exchange &amp; Career support meeting<\/em>.<\/h4><h5>December 19th, 2025<\/h5><h4>9:00 &#8211; 13:00<\/h4>\t\t\t\t\t\t\t\t<\/div>\n\t\t\t\t<\/div>\n\t\t\t\t<div class=\"elementor-element elementor-element-8ab1d85 elementor-widget elementor-widget-text-editor\" data-id=\"8ab1d85\" data-element_type=\"widget\" data-widget_type=\"text-editor.default\">\n\t\t\t\t<div class=\"elementor-widget-container\">\n\t\t\t\t\t\t\t\t\t<h5 style=\"color: #dc460f;\">Aketxe Room (Ground floor)\nSede Building<br\/>\nScience Park of EHU, Leioa<\/h5>\t\t\t\t\t\t\t\t<\/div>\n\t\t\t\t<\/div>\n\t\t\t\t\t<\/div>\n\t\t<\/div>\n\t\t\t\t\t<\/div>\n\t\t<\/section>\n\t\t\t\t<section class=\"elementor-section elementor-top-section elementor-element elementor-element-fab080a elementor-section-boxed elementor-section-height-default elementor-section-height-default\" data-id=\"fab080a\" data-element_type=\"section\" data-settings=\"{&quot;background_background&quot;:&quot;classic&quot;}\">\n\t\t\t\t\t\t<div class=\"elementor-container elementor-column-gap-default\">\n\t\t\t\t\t<div class=\"elementor-column elementor-col-100 elementor-top-column elementor-element elementor-element-c0491c6\" data-id=\"c0491c6\" data-element_type=\"column\">\n\t\t\t<div class=\"elementor-widget-wrap elementor-element-populated\">\n\t\t\t\t\t\t<div class=\"elementor-element elementor-element-d712eb4 elementor-widget elementor-widget-heading\" data-id=\"d712eb4\" data-element_type=\"widget\" data-widget_type=\"heading.default\">\n\t\t\t\t<div class=\"elementor-widget-container\">\n\t\t\t\t\t<h6 class=\"elementor-heading-title elementor-size-default\">INVITED SPEAKERS<\/h6>\t\t\t\t<\/div>\n\t\t\t\t<\/div>\n\t\t\t\t\t<\/div>\n\t\t<\/div>\n\t\t\t\t\t<\/div>\n\t\t<\/section>\n\t\t\t\t<section class=\"elementor-section elementor-top-section elementor-element elementor-element-cec2883 elementor-section-boxed elementor-section-height-default elementor-section-height-default\" data-id=\"cec2883\" data-element_type=\"section\">\n\t\t\t\t\t\t<div class=\"elementor-container elementor-column-gap-default\">\n\t\t\t\t\t<div class=\"elementor-column elementor-col-20 elementor-top-column elementor-element elementor-element-cd8c5aa\" data-id=\"cd8c5aa\" data-element_type=\"column\">\n\t\t\t<div class=\"elementor-widget-wrap elementor-element-populated\">\n\t\t\t\t\t\t<div class=\"elementor-element elementor-element-62042f1 elementor-widget__width-initial elementor-widget elementor-widget-image\" data-id=\"62042f1\" data-element_type=\"widget\" data-widget_type=\"image.default\">\n\t\t\t\t<div class=\"elementor-widget-container\">\n\t\t\t\t\t\t\t\t\t\t\t\t\t\t\t<img fetchpriority=\"high\" decoding=\"async\" width=\"293\" height=\"300\" src=\"https:\/\/www.achucarro.org\/wp-content\/uploads\/AWS_25_LJS-293x300.jpg\" class=\"attachment-medium size-medium wp-image-23880\" alt=\"\" srcset=\"https:\/\/www.achucarro.org\/wp-content\/uploads\/AWS_25_LJS-293x300.jpg 293w, https:\/\/www.achucarro.org\/wp-content\/uploads\/AWS_25_LJS.jpg 338w\" sizes=\"(max-width: 293px) 100vw, 293px\" \/>\t\t\t\t\t\t\t\t\t\t\t\t\t\t\t<\/div>\n\t\t\t\t<\/div>\n\t\t\t\t<div class=\"elementor-element elementor-element-90d1004 elementor-widget elementor-widget-text-editor\" data-id=\"90d1004\" data-element_type=\"widget\" data-widget_type=\"text-editor.default\">\n\t\t\t\t<div class=\"elementor-widget-container\">\n\t\t\t\t\t\t\t\t\t<p><strong>Laura Jim\u00e9nez S\u00e1nchez<\/strong><br \/>Associate professor at the Faculty of Pharmacy, University of Granada<\/p>\t\t\t\t\t\t\t\t<\/div>\n\t\t\t\t<\/div>\n\t\t\t\t\t<\/div>\n\t\t<\/div>\n\t\t\t\t<div class=\"elementor-column elementor-col-20 elementor-top-column elementor-element elementor-element-3cbd26a\" data-id=\"3cbd26a\" data-element_type=\"column\">\n\t\t\t<div class=\"elementor-widget-wrap elementor-element-populated\">\n\t\t\t\t\t\t<div class=\"elementor-element elementor-element-0282dc2 elementor-widget__width-initial elementor-widget elementor-widget-image\" data-id=\"0282dc2\" data-element_type=\"widget\" data-widget_type=\"image.default\">\n\t\t\t\t<div class=\"elementor-widget-container\">\n\t\t\t\t\t\t\t\t\t\t\t\t\t\t\t<img decoding=\"async\" width=\"200\" height=\"200\" src=\"https:\/\/www.achucarro.org\/wp-content\/uploads\/AWS_25_CPNF.jpg\" class=\"attachment-medium size-medium wp-image-23886\" alt=\"\" srcset=\"https:\/\/www.achucarro.org\/wp-content\/uploads\/AWS_25_CPNF.jpg 200w, https:\/\/www.achucarro.org\/wp-content\/uploads\/AWS_25_CPNF-150x150.jpg 150w\" sizes=\"(max-width: 200px) 100vw, 200px\" \/>\t\t\t\t\t\t\t\t\t\t\t\t\t\t\t<\/div>\n\t\t\t\t<\/div>\n\t\t\t\t<div class=\"elementor-element elementor-element-8e974c4 elementor-widget elementor-widget-text-editor\" data-id=\"8e974c4\" data-element_type=\"widget\" data-widget_type=\"text-editor.default\">\n\t\t\t\t<div class=\"elementor-widget-container\">\n\t\t\t\t\t\t\t\t\t<p><strong>Carmen P\u00e9rez de Nanclares Fern\u00e1ndez <\/strong>Associate professor, Universidad Aut\u00f3noma de Madrid<\/p>\t\t\t\t\t\t\t\t<\/div>\n\t\t\t\t<\/div>\n\t\t\t\t\t<\/div>\n\t\t<\/div>\n\t\t\t\t<div class=\"elementor-column elementor-col-20 elementor-top-column elementor-element elementor-element-5268636\" data-id=\"5268636\" data-element_type=\"column\">\n\t\t\t<div class=\"elementor-widget-wrap elementor-element-populated\">\n\t\t\t\t\t\t<div class=\"elementor-element elementor-element-f807031 elementor-widget__width-initial elementor-widget elementor-widget-image\" data-id=\"f807031\" data-element_type=\"widget\" data-widget_type=\"image.default\">\n\t\t\t\t<div class=\"elementor-widget-container\">\n\t\t\t\t\t\t\t\t\t\t\t\t\t\t\t<img decoding=\"async\" width=\"198\" height=\"255\" src=\"https:\/\/www.achucarro.org\/wp-content\/uploads\/AWS_25_IBC.jpg\" class=\"attachment-medium size-medium wp-image-23895\" alt=\"\" \/>\t\t\t\t\t\t\t\t\t\t\t\t\t\t\t<\/div>\n\t\t\t\t<\/div>\n\t\t\t\t<div class=\"elementor-element elementor-element-cad335c elementor-widget elementor-widget-text-editor\" data-id=\"cad335c\" data-element_type=\"widget\" data-widget_type=\"text-editor.default\">\n\t\t\t\t<div class=\"elementor-widget-container\">\n\t\t\t\t\t\t\t\t\t<p><strong>Irene Dalla Costa <\/strong>Postdoctoral researcher, Max Planck Institute, Frankfurt<\/p>\t\t\t\t\t\t\t\t<\/div>\n\t\t\t\t<\/div>\n\t\t\t\t\t<\/div>\n\t\t<\/div>\n\t\t\t\t<div class=\"elementor-column elementor-col-20 elementor-top-column elementor-element elementor-element-a2a91e0\" data-id=\"a2a91e0\" data-element_type=\"column\">\n\t\t\t<div class=\"elementor-widget-wrap elementor-element-populated\">\n\t\t\t\t\t\t<div class=\"elementor-element elementor-element-cdbaf8d elementor-widget__width-initial elementor-widget elementor-widget-image\" data-id=\"cdbaf8d\" data-element_type=\"widget\" data-widget_type=\"image.default\">\n\t\t\t\t<div class=\"elementor-widget-container\">\n\t\t\t\t\t\t\t\t\t\t\t\t\t\t\t<img loading=\"lazy\" decoding=\"async\" width=\"225\" height=\"225\" src=\"https:\/\/www.achucarro.org\/wp-content\/uploads\/AWS_25_OPO.jpg\" class=\"attachment-large size-large wp-image-23901\" alt=\"\" srcset=\"https:\/\/www.achucarro.org\/wp-content\/uploads\/AWS_25_OPO.jpg 225w, https:\/\/www.achucarro.org\/wp-content\/uploads\/AWS_25_OPO-150x150.jpg 150w\" sizes=\"(max-width: 225px) 100vw, 225px\" \/>\t\t\t\t\t\t\t\t\t\t\t\t\t\t\t<\/div>\n\t\t\t\t<\/div>\n\t\t\t\t<div class=\"elementor-element elementor-element-2bfd758 elementor-widget elementor-widget-text-editor\" data-id=\"2bfd758\" data-element_type=\"widget\" data-widget_type=\"text-editor.default\">\n\t\t\t\t<div class=\"elementor-widget-container\">\n\t\t\t\t\t\t\t\t\t<p><strong>Olatz Pampliega Ormaetxea\u00a0<\/strong><br \/>Principal Scientist at Faes Farma, Leioa<\/p>\t\t\t\t\t\t\t\t<\/div>\n\t\t\t\t<\/div>\n\t\t\t\t\t<\/div>\n\t\t<\/div>\n\t\t\t\t<div class=\"elementor-column elementor-col-20 elementor-top-column elementor-element elementor-element-601bb4b\" data-id=\"601bb4b\" data-element_type=\"column\">\n\t\t\t<div class=\"elementor-widget-wrap elementor-element-populated\">\n\t\t\t\t\t\t<div class=\"elementor-element elementor-element-286a673 elementor-widget__width-initial elementor-widget elementor-widget-image\" data-id=\"286a673\" data-element_type=\"widget\" data-widget_type=\"image.default\">\n\t\t\t\t<div class=\"elementor-widget-container\">\n\t\t\t\t\t\t\t\t\t\t\t\t\t\t\t<img loading=\"lazy\" decoding=\"async\" width=\"199\" height=\"200\" src=\"https:\/\/www.achucarro.org\/wp-content\/uploads\/AWS_25_MA.jpg\" class=\"attachment-large size-large wp-image-23910\" alt=\"\" srcset=\"https:\/\/www.achucarro.org\/wp-content\/uploads\/AWS_25_MA.jpg 199w, https:\/\/www.achucarro.org\/wp-content\/uploads\/AWS_25_MA-150x150.jpg 150w\" sizes=\"(max-width: 199px) 100vw, 199px\" \/>\t\t\t\t\t\t\t\t\t\t\t\t\t\t\t<\/div>\n\t\t\t\t<\/div>\n\t\t\t\t<div class=\"elementor-element elementor-element-11dd99d elementor-widget elementor-widget-text-editor\" data-id=\"11dd99d\" data-element_type=\"widget\" data-widget_type=\"text-editor.default\">\n\t\t\t\t<div class=\"elementor-widget-container\">\n\t\t\t\t\t\t\t\t\t<p><strong>Marcos Aranda<\/strong><br \/>Research Associate, Northwestern<br \/>University, Chicago<\/p>\t\t\t\t\t\t\t\t<\/div>\n\t\t\t\t<\/div>\n\t\t\t\t\t<\/div>\n\t\t<\/div>\n\t\t\t\t\t<\/div>\n\t\t<\/section>\n\t\t\t\t<section class=\"elementor-section elementor-top-section elementor-element elementor-element-22e51bb elementor-section-boxed elementor-section-height-default elementor-section-height-default\" data-id=\"22e51bb\" data-element_type=\"section\">\n\t\t\t\t\t\t<div class=\"elementor-container elementor-column-gap-default\">\n\t\t\t\t\t<div class=\"elementor-column elementor-col-100 elementor-top-column elementor-element elementor-element-2061642\" data-id=\"2061642\" data-element_type=\"column\">\n\t\t\t<div class=\"elementor-widget-wrap elementor-element-populated\">\n\t\t\t\t\t\t<div class=\"elementor-element elementor-element-06e0e7d elementor-widget elementor-widget-image\" data-id=\"06e0e7d\" data-element_type=\"widget\" data-widget_type=\"image.default\">\n\t\t\t\t<div class=\"elementor-widget-container\">\n\t\t\t\t\t\t\t\t\t\t\t\t\t\t\t<img loading=\"lazy\" decoding=\"async\" width=\"879\" height=\"513\" src=\"https:\/\/www.achucarro.org\/wp-content\/uploads\/ACH_WinterSymp_background2025.jpg\" class=\"attachment-large size-large wp-image-23864\" alt=\"\" srcset=\"https:\/\/www.achucarro.org\/wp-content\/uploads\/ACH_WinterSymp_background2025.jpg 879w, https:\/\/www.achucarro.org\/wp-content\/uploads\/ACH_WinterSymp_background2025-300x175.jpg 300w, https:\/\/www.achucarro.org\/wp-content\/uploads\/ACH_WinterSymp_background2025-768x448.jpg 768w\" sizes=\"(max-width: 879px) 100vw, 879px\" \/>\t\t\t\t\t\t\t\t\t\t\t\t\t\t\t<\/div>\n\t\t\t\t<\/div>\n\t\t\t\t\t<\/div>\n\t\t<\/div>\n\t\t\t\t\t<\/div>\n\t\t<\/section>\n\t\t\t\t<\/div>\n\t\t","protected":false},"excerpt":{"rendered":"<p>Achucarro Winter Symposium curated by Postdoctoral researchers Scientific exchange &amp; Career support meeting. December 19th, 2025 9:00 &#8211; 13:00 Aketxe Room (Ground floor) Sede Building Science Park of EHU, Leioa INVITED SPEAKERS Laura Jim\u00e9nez S\u00e1nchezAssociate professor at the Faculty of Pharmacy, University of Granada Carmen P\u00e9rez de Nanclares Fern\u00e1ndez Associate professor, Universidad Aut\u00f3noma de Madrid [&hellip;]<\/p>\n","protected":false},"author":2,"featured_media":0,"parent":0,"menu_order":0,"comment_status":"closed","ping_status":"closed","template":"elementor_header_footer","meta":{"site-sidebar-layout":"default","site-content-layout":"default","ast-site-content-layout":"default","site-content-style":"default","site-sidebar-style":"default","ast-global-header-display":"","ast-banner-title-visibility":"","ast-main-header-display":"","ast-hfb-above-header-display":"","ast-hfb-below-header-display":"","ast-hfb-mobile-header-display":"","site-post-title":"disabled","ast-breadcrumbs-content":"","ast-featured-img":"disabled","footer-sml-layout":"","theme-transparent-header-meta":"","adv-header-id-meta":"","stick-header-meta":"","header-above-stick-meta":"","header-main-stick-meta":"","header-below-stick-meta":"","astra-migrate-meta-layouts":"set","ast-page-background-enabled":"default","ast-page-background-meta":{"desktop":{"background-color":"var(--ast-global-color-4)","background-image":"","background-repeat":"repeat","background-position":"center center","background-size":"auto","background-attachment":"scroll","background-type":"","background-media":"","overlay-type":"","overlay-color":"","overlay-opacity":"","overlay-gradient":""},"tablet":{"background-color":"","background-image":"","background-repeat":"repeat","background-position":"center center","background-size":"auto","background-attachment":"scroll","background-type":"","background-media":"","overlay-type":"","overlay-color":"","overlay-opacity":"","overlay-gradient":""},"mobile":{"background-color":"","background-image":"","background-repeat":"repeat","background-position":"center center","background-size":"auto","background-attachment":"scroll","background-type":"","background-media":"","overlay-type":"","overlay-color":"","overlay-opacity":"","overlay-gradient":""}},"ast-content-background-meta":{"desktop":{"background-color":"var(--ast-global-color-5)","background-image":"","background-repeat":"repeat","background-position":"center center","background-size":"auto","background-attachment":"scroll","background-type":"","background-media":"","overlay-type":"","overlay-color":"","overlay-opacity":"","overlay-gradient":""},"tablet":{"background-color":"var(--ast-global-color-5)","background-image":"","background-repeat":"repeat","background-position":"center center","background-size":"auto","background-attachment":"scroll","background-type":"","background-media":"","overlay-type":"","overlay-color":"","overlay-opacity":"","overlay-gradient":""},"mobile":{"background-color":"var(--ast-global-color-5)","background-image":"","background-repeat":"repeat","background-position":"center center","background-size":"auto","background-attachment":"scroll","background-type":"","background-media":"","overlay-type":"","overlay-color":"","overlay-opacity":"","overlay-gradient":""}},"footnotes":""},"class_list":["post-23833","page","type-page","status-publish","hentry"],"yoast_head":"<!-- This site is optimized with the Yoast SEO plugin v26.4 - https:\/\/yoast.com\/wordpress\/plugins\/seo\/ -->\n<title>Winter Symposium - Achucarro Basque Center for Neuroscience<\/title>\n<meta name=\"robots\" content=\"index, follow, max-snippet:-1, max-image-preview:large, max-video-preview:-1\" \/>\n<link rel=\"canonical\" href=\"https:\/\/www.achucarro.org\/winter-symposium\/\" \/>\n<meta property=\"og:locale\" content=\"eu_ES\" \/>\n<meta property=\"og:type\" content=\"article\" \/>\n<meta property=\"og:title\" content=\"Winter Symposium - Achucarro Basque Center for Neuroscience\" \/>\n<meta property=\"og:description\" content=\"Achucarro Winter Symposium curated by Postdoctoral researchers Scientific exchange &amp; Career support meeting. December 19th, 2025 9:00 &#8211; 13:00 Aketxe Room (Ground floor) Sede Building Science Park of EHU, Leioa INVITED SPEAKERS Laura Jim\u00e9nez S\u00e1nchezAssociate professor at the Faculty of Pharmacy, University of Granada Carmen P\u00e9rez de Nanclares Fern\u00e1ndez Associate professor, Universidad Aut\u00f3noma de Madrid [&hellip;]\" \/>\n<meta property=\"og:url\" content=\"https:\/\/www.achucarro.org\/winter-symposium\/\" \/>\n<meta property=\"og:site_name\" content=\"Achucarro Basque Center for Neuroscience\" \/>\n<meta property=\"article:modified_time\" content=\"2025-10-30T15:41:44+00:00\" \/>\n<meta property=\"og:image\" content=\"https:\/\/www.achucarro.org\/wp-content\/uploads\/AWS_25_LJS.jpg\" \/>\n\t<meta property=\"og:image:width\" content=\"338\" \/>\n\t<meta property=\"og:image:height\" content=\"346\" \/>\n\t<meta property=\"og:image:type\" content=\"image\/jpeg\" \/>\n<meta name=\"twitter:card\" content=\"summary_large_image\" \/>\n<meta name=\"twitter:label1\" content=\"Est. reading time\" \/>\n\t<meta name=\"twitter:data1\" content=\"2 minutes\" \/>\n<script type=\"application\/ld+json\" class=\"yoast-schema-graph\">{\"@context\":\"https:\/\/schema.org\",\"@graph\":[{\"@type\":\"WebPage\",\"@id\":\"https:\/\/www.achucarro.org\/winter-symposium\/\",\"url\":\"https:\/\/www.achucarro.org\/winter-symposium\/\",\"name\":\"Winter Symposium - Achucarro Basque Center for Neuroscience\",\"isPartOf\":{\"@id\":\"https:\/\/www.achucarro.org\/#website\"},\"primaryImageOfPage\":{\"@id\":\"https:\/\/www.achucarro.org\/winter-symposium\/#primaryimage\"},\"image\":{\"@id\":\"https:\/\/www.achucarro.org\/winter-symposium\/#primaryimage\"},\"thumbnailUrl\":\"https:\/\/www.achucarro.org\/wp-content\/uploads\/AWS_25_LJS-293x300.jpg\",\"datePublished\":\"2025-10-30T08:01:44+00:00\",\"dateModified\":\"2025-10-30T15:41:44+00:00\",\"breadcrumb\":{\"@id\":\"https:\/\/www.achucarro.org\/winter-symposium\/#breadcrumb\"},\"inLanguage\":\"eu-ES\",\"potentialAction\":[{\"@type\":\"ReadAction\",\"target\":[\"https:\/\/www.achucarro.org\/winter-symposium\/\"]}]},{\"@type\":\"ImageObject\",\"inLanguage\":\"eu-ES\",\"@id\":\"https:\/\/www.achucarro.org\/winter-symposium\/#primaryimage\",\"url\":\"https:\/\/www.achucarro.org\/wp-content\/uploads\/AWS_25_LJS-293x300.jpg\",\"contentUrl\":\"https:\/\/www.achucarro.org\/wp-content\/uploads\/AWS_25_LJS-293x300.jpg\"},{\"@type\":\"BreadcrumbList\",\"@id\":\"https:\/\/www.achucarro.org\/winter-symposium\/#breadcrumb\",\"itemListElement\":[{\"@type\":\"ListItem\",\"position\":1,\"name\":\"Hasiera\",\"item\":\"https:\/\/www.achucarro.org\/es\/\"},{\"@type\":\"ListItem\",\"position\":2,\"name\":\"Winter Symposium\"}]},{\"@type\":\"WebSite\",\"@id\":\"https:\/\/www.achucarro.org\/#website\",\"url\":\"https:\/\/www.achucarro.org\/\",\"name\":\"Achucarro Basque Center for Neuroscience\",\"description\":\"We are a fundamental research organisation centered in the study of neuron-glia interactions, in health, ageing and disease\",\"publisher\":{\"@id\":\"https:\/\/www.achucarro.org\/#organization\"},\"potentialAction\":[{\"@type\":\"SearchAction\",\"target\":{\"@type\":\"EntryPoint\",\"urlTemplate\":\"https:\/\/www.achucarro.org\/?s={search_term_string}\"},\"query-input\":{\"@type\":\"PropertyValueSpecification\",\"valueRequired\":true,\"valueName\":\"search_term_string\"}}],\"inLanguage\":\"eu-ES\"},{\"@type\":\"Organization\",\"@id\":\"https:\/\/www.achucarro.org\/#organization\",\"name\":\"Achucarro Basque Center for Neuroscience\",\"url\":\"https:\/\/www.achucarro.org\/\",\"logo\":{\"@type\":\"ImageObject\",\"inLanguage\":\"eu-ES\",\"@id\":\"https:\/\/www.achucarro.org\/#\/schema\/logo\/image\/\",\"url\":\"https:\/\/www.achucarro.org\/wp-content\/uploads\/2022\/01\/achucarro.png\",\"contentUrl\":\"https:\/\/www.achucarro.org\/wp-content\/uploads\/2022\/01\/achucarro.png\",\"width\":315,\"height\":125,\"caption\":\"Achucarro Basque Center for Neuroscience\"},\"image\":{\"@id\":\"https:\/\/www.achucarro.org\/#\/schema\/logo\/image\/\"}}]}<\/script>\n<!-- \/ Yoast SEO plugin. -->","yoast_head_json":{"title":"Winter Symposium - Achucarro Basque Center for Neuroscience","robots":{"index":"index","follow":"follow","max-snippet":"max-snippet:-1","max-image-preview":"max-image-preview:large","max-video-preview":"max-video-preview:-1"},"canonical":"https:\/\/www.achucarro.org\/winter-symposium\/","og_locale":"eu_ES","og_type":"article","og_title":"Winter Symposium - Achucarro Basque Center for Neuroscience","og_description":"Achucarro Winter Symposium curated by Postdoctoral researchers Scientific exchange &amp; Career support meeting. December 19th, 2025 9:00 &#8211; 13:00 Aketxe Room (Ground floor) Sede Building Science Park of EHU, Leioa INVITED SPEAKERS Laura Jim\u00e9nez S\u00e1nchezAssociate professor at the Faculty of Pharmacy, University of Granada Carmen P\u00e9rez de Nanclares Fern\u00e1ndez Associate professor, Universidad Aut\u00f3noma de Madrid [&hellip;]","og_url":"https:\/\/www.achucarro.org\/winter-symposium\/","og_site_name":"Achucarro Basque Center for Neuroscience","article_modified_time":"2025-10-30T15:41:44+00:00","og_image":[{"width":338,"height":346,"url":"https:\/\/www.achucarro.org\/wp-content\/uploads\/AWS_25_LJS.jpg","type":"image\/jpeg"}],"twitter_card":"summary_large_image","twitter_misc":{"Est. reading time":"2 minutes"},"schema":{"@context":"https:\/\/schema.org","@graph":[{"@type":"WebPage","@id":"https:\/\/www.achucarro.org\/winter-symposium\/","url":"https:\/\/www.achucarro.org\/winter-symposium\/","name":"Winter Symposium - Achucarro Basque Center for Neuroscience","isPartOf":{"@id":"https:\/\/www.achucarro.org\/#website"},"primaryImageOfPage":{"@id":"https:\/\/www.achucarro.org\/winter-symposium\/#primaryimage"},"image":{"@id":"https:\/\/www.achucarro.org\/winter-symposium\/#primaryimage"},"thumbnailUrl":"https:\/\/www.achucarro.org\/wp-content\/uploads\/AWS_25_LJS-293x300.jpg","datePublished":"2025-10-30T08:01:44+00:00","dateModified":"2025-10-30T15:41:44+00:00","breadcrumb":{"@id":"https:\/\/www.achucarro.org\/winter-symposium\/#breadcrumb"},"inLanguage":"eu-ES","potentialAction":[{"@type":"ReadAction","target":["https:\/\/www.achucarro.org\/winter-symposium\/"]}]},{"@type":"ImageObject","inLanguage":"eu-ES","@id":"https:\/\/www.achucarro.org\/winter-symposium\/#primaryimage","url":"https:\/\/www.achucarro.org\/wp-content\/uploads\/AWS_25_LJS-293x300.jpg","contentUrl":"https:\/\/www.achucarro.org\/wp-content\/uploads\/AWS_25_LJS-293x300.jpg"},{"@type":"BreadcrumbList","@id":"https:\/\/www.achucarro.org\/winter-symposium\/#breadcrumb","itemListElement":[{"@type":"ListItem","position":1,"name":"Hasiera","item":"https:\/\/www.achucarro.org\/es\/"},{"@type":"ListItem","position":2,"name":"Winter Symposium"}]},{"@type":"WebSite","@id":"https:\/\/www.achucarro.org\/#website","url":"https:\/\/www.achucarro.org\/","name":"Achucarro Basque Center for Neuroscience","description":"We are a fundamental research organisation centered in the study of neuron-glia interactions, in health, ageing and disease","publisher":{"@id":"https:\/\/www.achucarro.org\/#organization"},"potentialAction":[{"@type":"SearchAction","target":{"@type":"EntryPoint","urlTemplate":"https:\/\/www.achucarro.org\/?s={search_term_string}"},"query-input":{"@type":"PropertyValueSpecification","valueRequired":true,"valueName":"search_term_string"}}],"inLanguage":"eu-ES"},{"@type":"Organization","@id":"https:\/\/www.achucarro.org\/#organization","name":"Achucarro Basque Center for Neuroscience","url":"https:\/\/www.achucarro.org\/","logo":{"@type":"ImageObject","inLanguage":"eu-ES","@id":"https:\/\/www.achucarro.org\/#\/schema\/logo\/image\/","url":"https:\/\/www.achucarro.org\/wp-content\/uploads\/2022\/01\/achucarro.png","contentUrl":"https:\/\/www.achucarro.org\/wp-content\/uploads\/2022\/01\/achucarro.png","width":315,"height":125,"caption":"Achucarro Basque Center for Neuroscience"},"image":{"@id":"https:\/\/www.achucarro.org\/#\/schema\/logo\/image\/"}}]}},"_links":{"self":[{"href":"https:\/\/www.achucarro.org\/eu\/wp-json\/wp\/v2\/pages\/23833","targetHints":{"allow":["GET"]}}],"collection":[{"href":"https:\/\/www.achucarro.org\/eu\/wp-json\/wp\/v2\/pages"}],"about":[{"href":"https:\/\/www.achucarro.org\/eu\/wp-json\/wp\/v2\/types\/page"}],"author":[{"embeddable":true,"href":"https:\/\/www.achucarro.org\/eu\/wp-json\/wp\/v2\/users\/2"}],"replies":[{"embeddable":true,"href":"https:\/\/www.achucarro.org\/eu\/wp-json\/wp\/v2\/comments?post=23833"}],"version-history":[{"count":2,"href":"https:\/\/www.achucarro.org\/eu\/wp-json\/wp\/v2\/pages\/23833\/revisions"}],"predecessor-version":[{"id":23921,"href":"https:\/\/www.achucarro.org\/eu\/wp-json\/wp\/v2\/pages\/23833\/revisions\/23921"}],"wp:attachment":[{"href":"https:\/\/www.achucarro.org\/eu\/wp-json\/wp\/v2\/media?parent=23833"}],"curies":[{"name":"wp","href":"https:\/\/api.w.org\/{rel}","templated":true}]}}