{"id":14694,"date":"2023-07-20T08:10:05","date_gmt":"2023-07-20T06:10:05","guid":{"rendered":"https:\/\/www.achucarro.org\/?page_id=14694"},"modified":"2026-02-17T08:39:20","modified_gmt":"2026-02-17T07:39:20","slug":"resources","status":"publish","type":"page","link":"https:\/\/www.achucarro.org\/eu\/equality\/resources\/","title":{"rendered":"Resources about equality, equity and diversity"},"content":{"rendered":"\t\t<div data-elementor-type=\"wp-page\" data-elementor-id=\"14694\" class=\"elementor elementor-14694\">\n\t\t\t\t\t\t<section class=\"elementor-section elementor-top-section elementor-element elementor-element-72fe7b8 elementor-section-boxed elementor-section-height-default elementor-section-height-default\" data-id=\"72fe7b8\" data-element_type=\"section\">\n\t\t\t\t\t\t<div class=\"elementor-container elementor-column-gap-default\">\n\t\t\t\t\t<div class=\"elementor-column elementor-col-100 elementor-top-column elementor-element elementor-element-a4f5ce1\" data-id=\"a4f5ce1\" data-element_type=\"column\">\n\t\t\t<div class=\"elementor-widget-wrap elementor-element-populated\">\n\t\t\t\t\t\t<div class=\"elementor-element elementor-element-dadfd4a elementor-widget elementor-widget-heading\" data-id=\"dadfd4a\" data-element_type=\"widget\" data-widget_type=\"heading.default\">\n\t\t\t\t<div class=\"elementor-widget-container\">\n\t\t\t\t\t<h2 class=\"elementor-heading-title elementor-size-default\">Resources<\/h2>\t\t\t\t<\/div>\n\t\t\t\t<\/div>\n\t\t\t\t\t<\/div>\n\t\t<\/div>\n\t\t\t\t\t<\/div>\n\t\t<\/section>\n\t\t\t\t<section class=\"elementor-section elementor-top-section elementor-element elementor-element-e4e16c4 elementor-section-boxed elementor-section-height-default elementor-section-height-default\" data-id=\"e4e16c4\" data-element_type=\"section\">\n\t\t\t\t\t\t<div class=\"elementor-container elementor-column-gap-default\">\n\t\t\t\t\t<div class=\"elementor-column elementor-col-100 elementor-top-column elementor-element elementor-element-143d1d2\" data-id=\"143d1d2\" data-element_type=\"column\">\n\t\t\t<div class=\"elementor-widget-wrap elementor-element-populated\">\n\t\t\t\t\t\t<div class=\"elementor-element elementor-element-7264d5e elementor-widget elementor-widget-heading\" data-id=\"7264d5e\" data-element_type=\"widget\" data-widget_type=\"heading.default\">\n\t\t\t\t<div class=\"elementor-widget-container\">\n\t\t\t\t\t<h4 class=\"elementor-heading-title elementor-size-default\">NETWORKS AND BROAD ONLINE RESOURCES<\/h4>\t\t\t\t<\/div>\n\t\t\t\t<\/div>\n\t\t\t\t<div class=\"elementor-element elementor-element-bd77fa9 elementor-widget elementor-widget-text-editor\" data-id=\"bd77fa9\" data-element_type=\"widget\" data-widget_type=\"text-editor.default\">\n\t\t\t\t<div class=\"elementor-widget-container\">\n\t\t\t\t\t\t\t\t\t<ul><li><strong><a href=\"https:\/\/www.alba.network\/\" target=\"_blank\" rel=\"noopener\">ALBA network<\/a><\/strong>, promotes Diversity and Equity in Brain Sciences<\/li><li><a href=\"https:\/\/www.ciencia.gob.es\/Secc-Servicios\/Igualdad.html\" target=\"_blank\" rel=\"noopener\"><strong>Sex equality portal<\/strong><\/a> of the Spanish Ministry of Science and Innovation.<\/li><li>The Spanish Society for Neurosciences maintains a webpage with valuable and updated information about the situation of women in this scientific field. We encourage you to visit it:\u00a0<strong><a href=\"https:\/\/www.senc.es\/mujeres-en-neurociencia\/\" target=\"_blank\" rel=\"noopener\">Mujeres en neurociencia<\/a><\/strong><\/li><li>The Spanish Research Council (CSIC) maintains a <a href=\"https:\/\/www.csic.es\/es\/el-csic\/ciencia-en-igualdad\" target=\"_blank\" rel=\"noopener\">website about Equality<\/a>.<\/li><li><a href=\"https:\/\/www.aei.gob.es\/ciencia-igualdad\/modulos-formacion-e-learning-diferentes-aspectos-igualdad-genero-idi-actividades-financiacion-idi\" target=\"_blank\" rel=\"noopener\">Formaci\u00f3n e-learning en diferentes aspectos de igualdad de g\u00e9nero en I+D+i<\/a>, Agencia Estatal de Investigaci\u00f3n.<\/li><li><a href=\"https:\/\/www.inspirequality.eu\/\" target=\"_blank\" rel=\"noopener\">INSPIRE<\/a> &#8211; Building Europe\u2019s Centre of Excellence on Inclusive Gender Equality in R&amp;I<\/li><li><a href=\"https:\/\/gearingroles.eu\/humorarium\/\" target=\"_blank\" rel=\"noopener\">Humorarium<\/a>, how can feminist humoour act as a tool to combat resistance and sexism in academia?<\/li><\/ul>\t\t\t\t\t\t\t\t<\/div>\n\t\t\t\t<\/div>\n\t\t\t\t\t<\/div>\n\t\t<\/div>\n\t\t\t\t\t<\/div>\n\t\t<\/section>\n\t\t\t\t<section class=\"elementor-section elementor-top-section elementor-element elementor-element-aa76b6d elementor-section-boxed elementor-section-height-default elementor-section-height-default\" data-id=\"aa76b6d\" data-element_type=\"section\">\n\t\t\t\t\t\t<div class=\"elementor-container elementor-column-gap-default\">\n\t\t\t\t\t<div class=\"elementor-column elementor-col-100 elementor-top-column elementor-element elementor-element-a98ff03\" data-id=\"a98ff03\" data-element_type=\"column\">\n\t\t\t<div class=\"elementor-widget-wrap elementor-element-populated\">\n\t\t\t\t\t\t<div class=\"elementor-element elementor-element-a150326 elementor-widget elementor-widget-heading\" data-id=\"a150326\" data-element_type=\"widget\" data-widget_type=\"heading.default\">\n\t\t\t\t<div class=\"elementor-widget-container\">\n\t\t\t\t\t<h4 class=\"elementor-heading-title elementor-size-default\">SOME ARTICLES, EDITORIALS, PAPERS THAT WE FOUND INTERESTING OR INSPIRING<\/h4>\t\t\t\t<\/div>\n\t\t\t\t<\/div>\n\t\t\t\t<div class=\"elementor-element elementor-element-b0e0cea elementor-widget elementor-widget-text-editor\" data-id=\"b0e0cea\" data-element_type=\"widget\" data-widget_type=\"text-editor.default\">\n\t\t\t\t<div class=\"elementor-widget-container\">\n\t\t\t\t\t\t\t\t\t<ul><li>&#8220;Biomedical and life science articles by female researchers spend longer under review&#8221;<ul><li><a href=\"https:\/\/journals.plos.org\/plosbiology\/article?id=10.1371\/journal.pbio.3003574\" target=\"_blank\" rel=\"noopener\">https:\/\/journals.plos.org\/plosbiology\/article?id=10.1371\/journal.pbio.3003574<\/a><\/li><\/ul><\/li><li>&#8220;Las disciplinas masculinizadas, \u00bfse perciben como mejores?&#8221;<ul><li><a href=\"https:\/\/mujeresconciencia.com\/2024\/08\/27\/las-disciplinas-masculinizadas-se-perciben-como-mejores\/\" target=\"_blank\" rel=\"noopener\">https:\/\/mujeresconciencia.com\/2024\/08\/27\/las-disciplinas-masculinizadas-se-perciben-como-mejores\/<\/a><\/li><\/ul><\/li><li>&#8220;Decalogue for communication of science with a gender perspective&#8221; (dec\u00e1logo para una comunicaci\u00f3n de la ciencia con perspectiva de g\u00e9nero)<ul><li><a href=\"https:\/\/www.generoycomunicacion.com\/decalogo\/\" target=\"_blank\" rel=\"noopener\">https:\/\/www.generoycomunicacion.com\/decalogo\/<\/a><\/li><\/ul><\/li><li>&#8220;Neglecting sex and gender in research is a public-health risk&#8221; (May 2024)<ul><li><a href=\"https:\/\/www.nature.com\/articles\/d41586-024-01372-2\" target=\"_blank\" rel=\"noopener\">https:\/\/www.nature.com\/articles\/d41586-024-01372-2<\/a><\/li><\/ul><\/li><li>&#8220;Closing the scissor-shaped curve: Strategies to promote gender equality in academia&#8221; (March 2024)<ul><li><a href=\"https:\/\/doi.org\/10.1016\/j.cell.2024.01.050\" target=\"_blank\" rel=\"noopener\">https:\/\/doi.org\/10.1016\/j.cell.2024.01.050<\/a><\/li><\/ul><\/li><li>&#8220;Rigorous science demands support of transgender scientists&#8221; (March 2024)<ul><li><a href=\"https:\/\/www.cell.com\/cell\/abstract\/S0092-8674(24)00187-9\" target=\"_blank\" rel=\"noopener\">https:\/\/www.cell.com\/cell\/abstract\/S0092-8674(24)00187-9<\/a><\/li><\/ul><\/li><li>&#8220;Sexism in academia is bad for science and a waste of public funding&#8221;(November 2023)<ul><li><a href=\"https:\/\/www.nature.com\/articles\/s41578-023-00624-3\" target=\"_blank\" rel=\"noopener\">https:\/\/www.nature.com\/articles\/s41578-023-00624-3<\/a><\/li><\/ul><\/li><li>&#8220;Toxic workplaces are the main reason women leave academic jobs&#8221;(October 2023)<ul><li><a href=\"https:\/\/www.nature.com\/articles\/d41586-023-03251-8\" target=\"_blank\" rel=\"noopener\">https:\/\/www.nature.com\/articles\/d41586-023-03251-8<\/a><\/li><\/ul><\/li><li>&#8220;Under-representation of women in research: a status quo that is a scandal&#8221; (September 2023)<ul><li><a href=\"https:\/\/doi.org\/10.1136\/bmj.p2091\" target=\"_blank\" rel=\"noopener\">https:\/\/doi.org\/10.1136\/bmj.p2091<\/a><\/li><\/ul><\/li><li>&#8220;Embed equity throughout innovation&#8221;(September 2023)<ul><li><a href=\"https:\/\/www.science.org\/doi\/10.1126\/science.adk6365\" target=\"_blank\" rel=\"noopener\">https:\/\/www.science.org\/doi\/10.1126\/science.adk6365<\/a><\/li><\/ul><\/li><li>&#8220;Gender equality: the route to a better world&#8221; (September 2023)<ul><li><a href=\"https:\/\/www.nature.com\/articles\/d41586-023-02745-9\" target=\"_blank\" rel=\"noopener\">https:\/\/www.nature.com\/articles\/d41586-023-02745-9<\/a><\/li><\/ul><\/li><li>&#8220;Gender differences in submission behavior exacerbate publication disparities in elite journals&#8221; (August 2023)<ul><li><a href=\"https:\/\/www.biorxiv.org\/content\/10.1101\/2023.08.21.554192v1\" target=\"_blank\" rel=\"noopener\">https:\/\/www.biorxiv.org\/content\/10.1101\/2023.08.21.554192v1<\/a><\/li><\/ul><\/li><li>&#8220;Science\u2019s gender gap: the shocking data that reveal its true extent&#8221; (July 2023)<ul><li><a href=\"https:\/\/doi.org\/10.1038\/d41586-023-02139-x\" target=\"_blank\" rel=\"noopener\">https:\/\/doi.org\/10.1038\/d41586-023-02139-x<\/a><\/li><\/ul><\/li><li>&#8220;Meta-research: The effect of the COVID-19 pandemic on the gender gap in research productivity within academia&#8221; (July 2023)<ul><li><a href=\"https:\/\/doi.org\/10.7554\/eLife.85427\" target=\"_blank\" rel=\"noopener\">https:\/\/doi.org\/10.7554\/eLife.85427<\/a><\/li><\/ul><\/li><li>&#8220;The unequal impact of parenthood in academia&#8221; (February 2021)<ul><li><a href=\"http:\/\/doi.org\/10.1126\/sciadv.abd1996\" target=\"_blank\" rel=\"noopener\">http:\/\/doi.org\/10.1126\/sciadv.abd1996<\/a><\/li><\/ul><\/li><li>&#8220;The parenting penalties faced by scientist mothers&#8221; (July 2021)<ul><li><a href=\"https:\/\/doi.org\/10.1038\/d41586-021-01993-x\" target=\"_blank\" rel=\"noopener\">https:\/\/doi.org\/10.1038\/d41586-021-01993-x<\/a><\/li><\/ul><\/li><\/ul>\t\t\t\t\t\t\t\t<\/div>\n\t\t\t\t<\/div>\n\t\t\t\t\t<\/div>\n\t\t<\/div>\n\t\t\t\t\t<\/div>\n\t\t<\/section>\n\t\t\t\t<\/div>\n\t\t","protected":false},"excerpt":{"rendered":"<p>Resources NETWORKS AND BROAD ONLINE RESOURCES ALBA network, promotes Diversity and Equity in Brain Sciences Sex equality portal of the Spanish Ministry of Science and Innovation. The Spanish Society for Neurosciences maintains a webpage with valuable and updated information about the situation of women in this scientific field. We encourage you to visit it:\u00a0Mujeres en [&hellip;]<\/p>\n","protected":false},"author":2,"featured_media":0,"parent":2178,"menu_order":0,"comment_status":"closed","ping_status":"closed","template":"","meta":{"site-sidebar-layout":"no-sidebar","site-content-layout":"page-builder","ast-site-content-layout":"full-width-container","site-content-style":"unboxed","site-sidebar-style":"unboxed","ast-global-header-display":"","ast-banner-title-visibility":"","ast-main-header-display":"","ast-hfb-above-header-display":"","ast-hfb-below-header-display":"","ast-hfb-mobile-header-display":"","site-post-title":"disabled","ast-breadcrumbs-content":"","ast-featured-img":"disabled","footer-sml-layout":"","theme-transparent-header-meta":"","adv-header-id-meta":"","stick-header-meta":"","header-above-stick-meta":"","header-main-stick-meta":"","header-below-stick-meta":"","astra-migrate-meta-layouts":"set","ast-page-background-enabled":"default","ast-page-background-meta":{"desktop":{"background-color":"var(--ast-global-color-4)","background-image":"","background-repeat":"repeat","background-position":"center center","background-size":"auto","background-attachment":"scroll","background-type":"","background-media":"","overlay-type":"","overlay-color":"","overlay-opacity":"","overlay-gradient":""},"tablet":{"background-color":"","background-image":"","background-repeat":"repeat","background-position":"center center","background-size":"auto","background-attachment":"scroll","background-type":"","background-media":"","overlay-type":"","overlay-color":"","overlay-opacity":"","overlay-gradient":""},"mobile":{"background-color":"","background-image":"","background-repeat":"repeat","background-position":"center center","background-size":"auto","background-attachment":"scroll","background-type":"","background-media":"","overlay-type":"","overlay-color":"","overlay-opacity":"","overlay-gradient":""}},"ast-content-background-meta":{"desktop":{"background-color":"var(--ast-global-color-5)","background-image":"","background-repeat":"repeat","background-position":"center center","background-size":"auto","background-attachment":"scroll","background-type":"","background-media":"","overlay-type":"","overlay-color":"","overlay-opacity":"","overlay-gradient":""},"tablet":{"background-color":"var(--ast-global-color-5)","background-image":"","background-repeat":"repeat","background-position":"center center","background-size":"auto","background-attachment":"scroll","background-type":"","background-media":"","overlay-type":"","overlay-color":"","overlay-opacity":"","overlay-gradient":""},"mobile":{"background-color":"var(--ast-global-color-5)","background-image":"","background-repeat":"repeat","background-position":"center center","background-size":"auto","background-attachment":"scroll","background-type":"","background-media":"","overlay-type":"","overlay-color":"","overlay-opacity":"","overlay-gradient":""}},"footnotes":""},"class_list":["post-14694","page","type-page","status-publish","hentry"],"yoast_head":"<!-- This site is optimized with the Yoast SEO plugin v26.4 - https:\/\/yoast.com\/wordpress\/plugins\/seo\/ -->\n<title>Resources about equality, equity and diversity - Achucarro Basque Center for Neuroscience<\/title>\n<meta name=\"robots\" content=\"index, follow, max-snippet:-1, max-image-preview:large, max-video-preview:-1\" \/>\n<link rel=\"canonical\" href=\"https:\/\/www.achucarro.org\/equality\/resources\/\" \/>\n<meta property=\"og:locale\" content=\"eu_ES\" \/>\n<meta property=\"og:type\" content=\"article\" \/>\n<meta property=\"og:title\" content=\"Resources about equality, equity and diversity - Achucarro Basque Center for Neuroscience\" \/>\n<meta property=\"og:description\" content=\"Resources NETWORKS AND BROAD ONLINE RESOURCES ALBA network, promotes Diversity and Equity in Brain Sciences Sex equality portal of the Spanish Ministry of Science and Innovation. The Spanish Society for Neurosciences maintains a webpage with valuable and updated information about the situation of women in this scientific field. We encourage you to visit it:\u00a0Mujeres en [&hellip;]\" \/>\n<meta property=\"og:url\" content=\"https:\/\/www.achucarro.org\/equality\/resources\/\" \/>\n<meta property=\"og:site_name\" content=\"Achucarro Basque Center for Neuroscience\" \/>\n<meta property=\"article:modified_time\" content=\"2026-02-17T07:39:20+00:00\" \/>\n<meta name=\"twitter:card\" content=\"summary_large_image\" \/>\n<meta name=\"twitter:label1\" content=\"Est. reading time\" \/>\n\t<meta name=\"twitter:data1\" content=\"2 minutes\" \/>\n<script type=\"application\/ld+json\" class=\"yoast-schema-graph\">{\"@context\":\"https:\/\/schema.org\",\"@graph\":[{\"@type\":\"WebPage\",\"@id\":\"https:\/\/www.achucarro.org\/equality\/resources\/\",\"url\":\"https:\/\/www.achucarro.org\/equality\/resources\/\",\"name\":\"Resources about equality, equity and diversity - Achucarro Basque Center for Neuroscience\",\"isPartOf\":{\"@id\":\"https:\/\/www.achucarro.org\/#website\"},\"datePublished\":\"2023-07-20T06:10:05+00:00\",\"dateModified\":\"2026-02-17T07:39:20+00:00\",\"breadcrumb\":{\"@id\":\"https:\/\/www.achucarro.org\/equality\/resources\/#breadcrumb\"},\"inLanguage\":\"eu-ES\",\"potentialAction\":[{\"@type\":\"ReadAction\",\"target\":[\"https:\/\/www.achucarro.org\/equality\/resources\/\"]}]},{\"@type\":\"BreadcrumbList\",\"@id\":\"https:\/\/www.achucarro.org\/equality\/resources\/#breadcrumb\",\"itemListElement\":[{\"@type\":\"ListItem\",\"position\":1,\"name\":\"Hasiera\",\"item\":\"https:\/\/www.achucarro.org\/es\/\"},{\"@type\":\"ListItem\",\"position\":2,\"name\":\"Equality\",\"item\":\"https:\/\/www.achucarro.org\/equality\/\"},{\"@type\":\"ListItem\",\"position\":3,\"name\":\"Resources about equality, equity and diversity\"}]},{\"@type\":\"WebSite\",\"@id\":\"https:\/\/www.achucarro.org\/#website\",\"url\":\"https:\/\/www.achucarro.org\/\",\"name\":\"Achucarro Basque Center for Neuroscience\",\"description\":\"We are a fundamental research organisation centered in the study of neuron-glia interactions, in health, ageing and disease\",\"publisher\":{\"@id\":\"https:\/\/www.achucarro.org\/#organization\"},\"potentialAction\":[{\"@type\":\"SearchAction\",\"target\":{\"@type\":\"EntryPoint\",\"urlTemplate\":\"https:\/\/www.achucarro.org\/?s={search_term_string}\"},\"query-input\":{\"@type\":\"PropertyValueSpecification\",\"valueRequired\":true,\"valueName\":\"search_term_string\"}}],\"inLanguage\":\"eu-ES\"},{\"@type\":\"Organization\",\"@id\":\"https:\/\/www.achucarro.org\/#organization\",\"name\":\"Achucarro Basque Center for Neuroscience\",\"url\":\"https:\/\/www.achucarro.org\/\",\"logo\":{\"@type\":\"ImageObject\",\"inLanguage\":\"eu-ES\",\"@id\":\"https:\/\/www.achucarro.org\/#\/schema\/logo\/image\/\",\"url\":\"https:\/\/www.achucarro.org\/wp-content\/uploads\/2022\/01\/achucarro.png\",\"contentUrl\":\"https:\/\/www.achucarro.org\/wp-content\/uploads\/2022\/01\/achucarro.png\",\"width\":315,\"height\":125,\"caption\":\"Achucarro Basque Center for Neuroscience\"},\"image\":{\"@id\":\"https:\/\/www.achucarro.org\/#\/schema\/logo\/image\/\"}}]}<\/script>\n<!-- \/ Yoast SEO plugin. -->","yoast_head_json":{"title":"Resources about equality, equity and diversity - Achucarro Basque Center for Neuroscience","robots":{"index":"index","follow":"follow","max-snippet":"max-snippet:-1","max-image-preview":"max-image-preview:large","max-video-preview":"max-video-preview:-1"},"canonical":"https:\/\/www.achucarro.org\/equality\/resources\/","og_locale":"eu_ES","og_type":"article","og_title":"Resources about equality, equity and diversity - Achucarro Basque Center for Neuroscience","og_description":"Resources NETWORKS AND BROAD ONLINE RESOURCES ALBA network, promotes Diversity and Equity in Brain Sciences Sex equality portal of the Spanish Ministry of Science and Innovation. The Spanish Society for Neurosciences maintains a webpage with valuable and updated information about the situation of women in this scientific field. We encourage you to visit it:\u00a0Mujeres en [&hellip;]","og_url":"https:\/\/www.achucarro.org\/equality\/resources\/","og_site_name":"Achucarro Basque Center for Neuroscience","article_modified_time":"2026-02-17T07:39:20+00:00","twitter_card":"summary_large_image","twitter_misc":{"Est. reading time":"2 minutes"},"schema":{"@context":"https:\/\/schema.org","@graph":[{"@type":"WebPage","@id":"https:\/\/www.achucarro.org\/equality\/resources\/","url":"https:\/\/www.achucarro.org\/equality\/resources\/","name":"Resources about equality, equity and diversity - Achucarro Basque Center for Neuroscience","isPartOf":{"@id":"https:\/\/www.achucarro.org\/#website"},"datePublished":"2023-07-20T06:10:05+00:00","dateModified":"2026-02-17T07:39:20+00:00","breadcrumb":{"@id":"https:\/\/www.achucarro.org\/equality\/resources\/#breadcrumb"},"inLanguage":"eu-ES","potentialAction":[{"@type":"ReadAction","target":["https:\/\/www.achucarro.org\/equality\/resources\/"]}]},{"@type":"BreadcrumbList","@id":"https:\/\/www.achucarro.org\/equality\/resources\/#breadcrumb","itemListElement":[{"@type":"ListItem","position":1,"name":"Hasiera","item":"https:\/\/www.achucarro.org\/es\/"},{"@type":"ListItem","position":2,"name":"Equality","item":"https:\/\/www.achucarro.org\/equality\/"},{"@type":"ListItem","position":3,"name":"Resources about equality, equity and diversity"}]},{"@type":"WebSite","@id":"https:\/\/www.achucarro.org\/#website","url":"https:\/\/www.achucarro.org\/","name":"Achucarro Basque Center for Neuroscience","description":"We are a fundamental research organisation centered in the study of neuron-glia interactions, in health, ageing and disease","publisher":{"@id":"https:\/\/www.achucarro.org\/#organization"},"potentialAction":[{"@type":"SearchAction","target":{"@type":"EntryPoint","urlTemplate":"https:\/\/www.achucarro.org\/?s={search_term_string}"},"query-input":{"@type":"PropertyValueSpecification","valueRequired":true,"valueName":"search_term_string"}}],"inLanguage":"eu-ES"},{"@type":"Organization","@id":"https:\/\/www.achucarro.org\/#organization","name":"Achucarro Basque Center for Neuroscience","url":"https:\/\/www.achucarro.org\/","logo":{"@type":"ImageObject","inLanguage":"eu-ES","@id":"https:\/\/www.achucarro.org\/#\/schema\/logo\/image\/","url":"https:\/\/www.achucarro.org\/wp-content\/uploads\/2022\/01\/achucarro.png","contentUrl":"https:\/\/www.achucarro.org\/wp-content\/uploads\/2022\/01\/achucarro.png","width":315,"height":125,"caption":"Achucarro Basque Center for Neuroscience"},"image":{"@id":"https:\/\/www.achucarro.org\/#\/schema\/logo\/image\/"}}]}},"_links":{"self":[{"href":"https:\/\/www.achucarro.org\/eu\/wp-json\/wp\/v2\/pages\/14694","targetHints":{"allow":["GET"]}}],"collection":[{"href":"https:\/\/www.achucarro.org\/eu\/wp-json\/wp\/v2\/pages"}],"about":[{"href":"https:\/\/www.achucarro.org\/eu\/wp-json\/wp\/v2\/types\/page"}],"author":[{"embeddable":true,"href":"https:\/\/www.achucarro.org\/eu\/wp-json\/wp\/v2\/users\/2"}],"replies":[{"embeddable":true,"href":"https:\/\/www.achucarro.org\/eu\/wp-json\/wp\/v2\/comments?post=14694"}],"version-history":[{"count":2,"href":"https:\/\/www.achucarro.org\/eu\/wp-json\/wp\/v2\/pages\/14694\/revisions"}],"predecessor-version":[{"id":24951,"href":"https:\/\/www.achucarro.org\/eu\/wp-json\/wp\/v2\/pages\/14694\/revisions\/24951"}],"up":[{"embeddable":true,"href":"https:\/\/www.achucarro.org\/eu\/wp-json\/wp\/v2\/pages\/2178"}],"wp:attachment":[{"href":"https:\/\/www.achucarro.org\/eu\/wp-json\/wp\/v2\/media?parent=14694"}],"curies":[{"name":"wp","href":"https:\/\/api.w.org\/{rel}","templated":true}]}}