{"id":9783,"date":"2022-11-18T07:53:25","date_gmt":"2022-11-18T06:53:25","guid":{"rendered":"https:\/\/www.achucarro.org\/open-science\/"},"modified":"2023-05-04T08:54:02","modified_gmt":"2023-05-04T06:54:02","slug":"open-science","status":"publish","type":"page","link":"https:\/\/www.achucarro.org\/es\/open-science\/","title":{"rendered":"Ciencia Abierta"},"content":{"rendered":"\t\t<div data-elementor-type=\"wp-page\" data-elementor-id=\"9783\" class=\"elementor elementor-9783 elementor-9397\">\n\t\t\t\t\t\t<section class=\"elementor-section elementor-top-section elementor-element elementor-element-23efe08 elementor-section-boxed elementor-section-height-default elementor-section-height-default\" data-id=\"23efe08\" data-element_type=\"section\">\n\t\t\t\t\t\t<div class=\"elementor-container elementor-column-gap-default\">\n\t\t\t\t\t<div class=\"elementor-column elementor-col-100 elementor-top-column elementor-element elementor-element-3db100f\" data-id=\"3db100f\" data-element_type=\"column\">\n\t\t\t<div class=\"elementor-widget-wrap elementor-element-populated\">\n\t\t\t\t\t\t<div class=\"elementor-element elementor-element-9404d34 elementor-widget elementor-widget-heading\" data-id=\"9404d34\" data-element_type=\"widget\" data-widget_type=\"heading.default\">\n\t\t\t\t<div class=\"elementor-widget-container\">\n\t\t\t\t\t<h2 class=\"elementor-heading-title elementor-size-default\">Ciencia Abierta<\/h2>\t\t\t\t<\/div>\n\t\t\t\t<\/div>\n\t\t\t\t\t<\/div>\n\t\t<\/div>\n\t\t\t\t\t<\/div>\n\t\t<\/section>\n\t\t\t\t<section class=\"elementor-section elementor-top-section elementor-element elementor-element-4bffa6f elementor-section-boxed elementor-section-height-default elementor-section-height-default\" data-id=\"4bffa6f\" data-element_type=\"section\">\n\t\t\t\t\t\t<div class=\"elementor-container elementor-column-gap-default\">\n\t\t\t\t\t<div class=\"elementor-column elementor-col-100 elementor-top-column elementor-element elementor-element-0b90fe0\" data-id=\"0b90fe0\" data-element_type=\"column\">\n\t\t\t<div class=\"elementor-widget-wrap elementor-element-populated\">\n\t\t\t\t\t\t<div class=\"elementor-element elementor-element-934cbd9 elementor-widget elementor-widget-text-editor\" data-id=\"934cbd9\" data-element_type=\"widget\" data-widget_type=\"text-editor.default\">\n\t\t\t\t<div class=\"elementor-widget-container\">\n\t\t\t\t\t\t\t\t\t<p>Estamos comprometidas\/os con la <em>Ciencia Abierta<\/em> porque queremos <strong>fomentar el acceso a los resultados de la investigaci\u00f3n<\/strong> tanto a corto como a largo plazo, dar <strong>mayor visibilidad e impacto<\/strong> a nuestro trabajo, aumentar la <strong>velocidad de la innovaci\u00f3n<\/strong> (llevar ideas al mercado y soluciones a los retos sociales), hacer ciencia a\u00fan m\u00e1s <strong>colaborativa<\/strong>, contribuir al <strong>desarrollo econ\u00f3mico y social<\/strong>, y garantizar que las investigaciones sean <strong>transparentes y reproducibles<\/strong>.<\/p>\t\t\t\t\t\t\t\t<\/div>\n\t\t\t\t<\/div>\n\t\t\t\t\t<\/div>\n\t\t<\/div>\n\t\t\t\t\t<\/div>\n\t\t<\/section>\n\t\t\t\t<section class=\"elementor-section elementor-top-section elementor-element elementor-element-741b28d elementor-section-boxed elementor-section-height-default elementor-section-height-default\" data-id=\"741b28d\" data-element_type=\"section\" data-settings=\"{&quot;background_background&quot;:&quot;classic&quot;}\">\n\t\t\t\t\t\t<div class=\"elementor-container elementor-column-gap-default\">\n\t\t\t\t\t<div class=\"elementor-column elementor-col-100 elementor-top-column elementor-element elementor-element-3bec16f\" data-id=\"3bec16f\" data-element_type=\"column\">\n\t\t\t<div class=\"elementor-widget-wrap elementor-element-populated\">\n\t\t\t\t\t\t<div class=\"elementor-element elementor-element-da10f0b elementor-widget elementor-widget-text-editor\" data-id=\"da10f0b\" data-element_type=\"widget\" data-widget_type=\"text-editor.default\">\n\t\t\t\t<div class=\"elementor-widget-container\">\n\t\t\t\t\t\t\t\t\t<p>Utilizamos el Repositorio gestionado por la Universidad del Pa\u00eds Vasco (UPV\/EHU): <a href=\"https:\/\/addi.ehu.es\/\" target=\"_blank\" rel=\"noopener\">https:\/\/addi.ehu.es<\/a><\/p><p>Nuestro \u00abResearch Organization Registry\u00bb (ROR) es <a href=\"https:\/\/ror.org\/00myw9y39\" target=\"_blank\" rel=\"noopener\">00myw9y39<\/a><\/p><p>Consulte nuestro <a href=\"https:\/\/scholar.google.es\/citations?hl=es&amp;authorid=11722827339530143782&amp;clastart=100&amp;user=hO1jBxYAAAAJ\" target=\"_blank\" rel=\"noopener\">perfil institucional en Google Acad\u00e9mico<\/a>.<\/p>\t\t\t\t\t\t\t\t<\/div>\n\t\t\t\t<\/div>\n\t\t\t\t\t<\/div>\n\t\t<\/div>\n\t\t\t\t\t<\/div>\n\t\t<\/section>\n\t\t\t\t<section class=\"elementor-section elementor-top-section elementor-element elementor-element-31b7d09 elementor-section-boxed elementor-section-height-default elementor-section-height-default\" data-id=\"31b7d09\" data-element_type=\"section\" data-settings=\"{&quot;background_background&quot;:&quot;classic&quot;}\">\n\t\t\t\t\t\t<div class=\"elementor-container elementor-column-gap-default\">\n\t\t\t\t\t<div class=\"elementor-column elementor-col-100 elementor-top-column elementor-element elementor-element-55c7b41\" data-id=\"55c7b41\" data-element_type=\"column\">\n\t\t\t<div class=\"elementor-widget-wrap elementor-element-populated\">\n\t\t\t\t\t\t<div class=\"elementor-element elementor-element-4a281ed elementor-widget elementor-widget-text-editor\" data-id=\"4a281ed\" data-element_type=\"widget\" data-widget_type=\"text-editor.default\">\n\t\t\t\t<div class=\"elementor-widget-container\">\n\t\t\t\t\t\t\t\t\t<p><strong>La ciencia debe ser abierta, transparente, colaborativa, accesible y hecha con y para la sociedad.<\/strong><\/p><p>La Ciencia Abierta es una iniciativa promovida (entre otros) por la <a href=\"https:\/\/www.oecd.org\/sti\/inno\/open-science.htm\" target=\"_blank\" rel=\"noopener\">OCDE<\/a> y la <a href=\"https:\/\/digital-strategy.ec.europa.eu\/en\/library\/open-innovation-open-science-open-world\" target=\"_blank\" rel=\"noopener\">Comisi\u00f3n Europea<\/a>, que aboga por el libre acceso de los ciudadanos a los resultados de la investigaci\u00f3n cient\u00edfica, datos, recursos, resultados, pensamientos, as\u00ed como a que los resultados y descubrimientos de la investigaci\u00f3n cient\u00edfica sean universalmente accesible y sin restricciones.<\/p><p>La Ciencia Abierta implica <em>Acceso Abierto<\/em>, y tambi\u00e9n apertura de datos de investigaci\u00f3n y <a href=\"https:\/\/en.wikipedia.org\/wiki\/Linked_data\" target=\"_blank\" rel=\"noopener\">Datos Abiertos Vinculados<\/a>, de procesos, metodolog\u00edas, software, flujos de trabajo cient\u00edficos, redes sociales acad\u00e9micas y <em>revisi\u00f3n abierta por pares<\/em>.<\/p><p>La Ciencia Abierta est\u00e1 relacionada con:<\/p><ul><li>La <a href=\"https:\/\/ciencia-ciudadana.es\/\" target=\"_blank\" rel=\"noopener\">Ciencia Ciudadana<\/a> es la posibilidad de que cualquier persona se integre en los procesos cient\u00edficos, aportando datos experimentales, planteando nuevas preguntas y creando, junto a los investigadores, una nueva cultura cient\u00edfica, para que los ciudadanos participen en la actividad investigadora, ciencia colaborativa que produzca beneficios para la Ciencia, la Sociedad y los Participantes.<\/li><li>La <a href=\"https:\/\/en.wikipedia.org\/wiki\/Open-notebook_science\" target=\"_blank\" rel=\"noopener\">Cuaderno Cient\u00edfico Abierto<\/a> es la pr\u00e1ctica de hacer que el registro primario completo de un proyecto de investigaci\u00f3n est\u00e9 disponible p\u00fablicamente, en l\u00ednea y tal como se registr\u00f3. Por tanto, se tratar\u00eda de publicar en internet el cuaderno de laboratorio junto con todos los datos en bruto y procesados, as\u00ed como cualquier material asociado.<\/li><li><a href=\"https:\/\/www.unesco.org\/en\/communication-information\/open-solutions\/open-educational-resources\" target=\"_blank\" rel=\"noopener\"><em>Recursos educativos abiertos<\/em><\/a>.<\/li><\/ul>\t\t\t\t\t\t\t\t<\/div>\n\t\t\t\t<\/div>\n\t\t\t\t\t<\/div>\n\t\t<\/div>\n\t\t\t\t\t<\/div>\n\t\t<\/section>\n\t\t\t\t<\/div>\n\t\t","protected":false},"excerpt":{"rendered":"<p>Ciencia Abierta Estamos comprometidas\/os con la Ciencia Abierta porque queremos fomentar el acceso a los resultados de la investigaci\u00f3n tanto a corto como a largo plazo, dar mayor visibilidad e impacto a nuestro trabajo, aumentar la velocidad de la innovaci\u00f3n (llevar ideas al mercado y soluciones a los retos sociales), hacer ciencia a\u00fan m\u00e1s colaborativa, [&hellip;]<\/p>\n","protected":false},"author":2,"featured_media":0,"parent":0,"menu_order":0,"comment_status":"closed","ping_status":"closed","template":"","meta":{"site-sidebar-layout":"no-sidebar","site-content-layout":"page-builder","ast-site-content-layout":"default","site-content-style":"default","site-sidebar-style":"default","ast-global-header-display":"","ast-banner-title-visibility":"","ast-main-header-display":"","ast-hfb-above-header-display":"","ast-hfb-below-header-display":"","ast-hfb-mobile-header-display":"","site-post-title":"disabled","ast-breadcrumbs-content":"","ast-featured-img":"disabled","footer-sml-layout":"","theme-transparent-header-meta":"","adv-header-id-meta":"","stick-header-meta":"","header-above-stick-meta":"","header-main-stick-meta":"","header-below-stick-meta":"","astra-migrate-meta-layouts":"default","ast-page-background-enabled":"default","ast-page-background-meta":{"desktop":{"background-color":"var(--ast-global-color-4)","background-image":"","background-repeat":"repeat","background-position":"center center","background-size":"auto","background-attachment":"scroll","background-type":"","background-media":"","overlay-type":"","overlay-color":"","overlay-opacity":"","overlay-gradient":""},"tablet":{"background-color":"","background-image":"","background-repeat":"repeat","background-position":"center center","background-size":"auto","background-attachment":"scroll","background-type":"","background-media":"","overlay-type":"","overlay-color":"","overlay-opacity":"","overlay-gradient":""},"mobile":{"background-color":"","background-image":"","background-repeat":"repeat","background-position":"center center","background-size":"auto","background-attachment":"scroll","background-type":"","background-media":"","overlay-type":"","overlay-color":"","overlay-opacity":"","overlay-gradient":""}},"ast-content-background-meta":{"desktop":{"background-color":"var(--ast-global-color-5)","background-image":"","background-repeat":"repeat","background-position":"center center","background-size":"auto","background-attachment":"scroll","background-type":"","background-media":"","overlay-type":"","overlay-color":"","overlay-opacity":"","overlay-gradient":""},"tablet":{"background-color":"var(--ast-global-color-5)","background-image":"","background-repeat":"repeat","background-position":"center center","background-size":"auto","background-attachment":"scroll","background-type":"","background-media":"","overlay-type":"","overlay-color":"","overlay-opacity":"","overlay-gradient":""},"mobile":{"background-color":"var(--ast-global-color-5)","background-image":"","background-repeat":"repeat","background-position":"center center","background-size":"auto","background-attachment":"scroll","background-type":"","background-media":"","overlay-type":"","overlay-color":"","overlay-opacity":"","overlay-gradient":""}},"footnotes":""},"class_list":["post-9783","page","type-page","status-publish","hentry"],"yoast_head":"<!-- This site is optimized with the Yoast SEO plugin v26.4 - https:\/\/yoast.com\/wordpress\/plugins\/seo\/ -->\n<title>Ciencia Abierta - Achucarro Basque Center for Neuroscience<\/title>\n<meta name=\"robots\" content=\"index, follow, max-snippet:-1, max-image-preview:large, max-video-preview:-1\" \/>\n<link rel=\"canonical\" href=\"https:\/\/www.achucarro.org\/es\/open-science\/\" \/>\n<meta property=\"og:locale\" content=\"es_ES\" \/>\n<meta property=\"og:type\" content=\"article\" \/>\n<meta property=\"og:title\" content=\"Ciencia Abierta - Achucarro Basque Center for Neuroscience\" \/>\n<meta property=\"og:description\" content=\"Ciencia Abierta Estamos comprometidas\/os con la Ciencia Abierta porque queremos fomentar el acceso a los resultados de la investigaci\u00f3n tanto a corto como a largo plazo, dar mayor visibilidad e impacto a nuestro trabajo, aumentar la velocidad de la innovaci\u00f3n (llevar ideas al mercado y soluciones a los retos sociales), hacer ciencia a\u00fan m\u00e1s colaborativa, [&hellip;]\" \/>\n<meta property=\"og:url\" content=\"https:\/\/www.achucarro.org\/es\/open-science\/\" \/>\n<meta property=\"og:site_name\" content=\"Achucarro Basque Center for Neuroscience\" \/>\n<meta property=\"article:modified_time\" content=\"2023-05-04T06:54:02+00:00\" \/>\n<meta name=\"twitter:card\" content=\"summary_large_image\" \/>\n<meta name=\"twitter:label1\" content=\"Tiempo de lectura\" \/>\n\t<meta name=\"twitter:data1\" content=\"2 minutos\" \/>\n<script type=\"application\/ld+json\" class=\"yoast-schema-graph\">{\"@context\":\"https:\/\/schema.org\",\"@graph\":[{\"@type\":\"WebPage\",\"@id\":\"https:\/\/www.achucarro.org\/es\/open-science\/\",\"url\":\"https:\/\/www.achucarro.org\/es\/open-science\/\",\"name\":\"Ciencia Abierta - Achucarro Basque Center for Neuroscience\",\"isPartOf\":{\"@id\":\"https:\/\/www.achucarro.org\/#website\"},\"datePublished\":\"2022-11-18T06:53:25+00:00\",\"dateModified\":\"2023-05-04T06:54:02+00:00\",\"breadcrumb\":{\"@id\":\"https:\/\/www.achucarro.org\/es\/open-science\/#breadcrumb\"},\"inLanguage\":\"es\",\"potentialAction\":[{\"@type\":\"ReadAction\",\"target\":[\"https:\/\/www.achucarro.org\/es\/open-science\/\"]}]},{\"@type\":\"BreadcrumbList\",\"@id\":\"https:\/\/www.achucarro.org\/es\/open-science\/#breadcrumb\",\"itemListElement\":[{\"@type\":\"ListItem\",\"position\":1,\"name\":\"Inicio\",\"item\":\"https:\/\/www.achucarro.org\/es\/\"},{\"@type\":\"ListItem\",\"position\":2,\"name\":\"Ciencia Abierta\"}]},{\"@type\":\"WebSite\",\"@id\":\"https:\/\/www.achucarro.org\/#website\",\"url\":\"https:\/\/www.achucarro.org\/\",\"name\":\"Achucarro Basque Center for Neuroscience\",\"description\":\"We are a fundamental research organisation centered in the study of neuron-glia interactions, in health, ageing and disease\",\"publisher\":{\"@id\":\"https:\/\/www.achucarro.org\/#organization\"},\"potentialAction\":[{\"@type\":\"SearchAction\",\"target\":{\"@type\":\"EntryPoint\",\"urlTemplate\":\"https:\/\/www.achucarro.org\/?s={search_term_string}\"},\"query-input\":{\"@type\":\"PropertyValueSpecification\",\"valueRequired\":true,\"valueName\":\"search_term_string\"}}],\"inLanguage\":\"es\"},{\"@type\":\"Organization\",\"@id\":\"https:\/\/www.achucarro.org\/#organization\",\"name\":\"Achucarro Basque Center for Neuroscience\",\"url\":\"https:\/\/www.achucarro.org\/\",\"logo\":{\"@type\":\"ImageObject\",\"inLanguage\":\"es\",\"@id\":\"https:\/\/www.achucarro.org\/#\/schema\/logo\/image\/\",\"url\":\"https:\/\/www.achucarro.org\/wp-content\/uploads\/2022\/01\/achucarro.png\",\"contentUrl\":\"https:\/\/www.achucarro.org\/wp-content\/uploads\/2022\/01\/achucarro.png\",\"width\":315,\"height\":125,\"caption\":\"Achucarro Basque Center for Neuroscience\"},\"image\":{\"@id\":\"https:\/\/www.achucarro.org\/#\/schema\/logo\/image\/\"}}]}<\/script>\n<!-- \/ Yoast SEO plugin. -->","yoast_head_json":{"title":"Ciencia Abierta - Achucarro Basque Center for Neuroscience","robots":{"index":"index","follow":"follow","max-snippet":"max-snippet:-1","max-image-preview":"max-image-preview:large","max-video-preview":"max-video-preview:-1"},"canonical":"https:\/\/www.achucarro.org\/es\/open-science\/","og_locale":"es_ES","og_type":"article","og_title":"Ciencia Abierta - Achucarro Basque Center for Neuroscience","og_description":"Ciencia Abierta Estamos comprometidas\/os con la Ciencia Abierta porque queremos fomentar el acceso a los resultados de la investigaci\u00f3n tanto a corto como a largo plazo, dar mayor visibilidad e impacto a nuestro trabajo, aumentar la velocidad de la innovaci\u00f3n (llevar ideas al mercado y soluciones a los retos sociales), hacer ciencia a\u00fan m\u00e1s colaborativa, [&hellip;]","og_url":"https:\/\/www.achucarro.org\/es\/open-science\/","og_site_name":"Achucarro Basque Center for Neuroscience","article_modified_time":"2023-05-04T06:54:02+00:00","twitter_card":"summary_large_image","twitter_misc":{"Tiempo de lectura":"2 minutos"},"schema":{"@context":"https:\/\/schema.org","@graph":[{"@type":"WebPage","@id":"https:\/\/www.achucarro.org\/es\/open-science\/","url":"https:\/\/www.achucarro.org\/es\/open-science\/","name":"Ciencia Abierta - Achucarro Basque Center for Neuroscience","isPartOf":{"@id":"https:\/\/www.achucarro.org\/#website"},"datePublished":"2022-11-18T06:53:25+00:00","dateModified":"2023-05-04T06:54:02+00:00","breadcrumb":{"@id":"https:\/\/www.achucarro.org\/es\/open-science\/#breadcrumb"},"inLanguage":"es","potentialAction":[{"@type":"ReadAction","target":["https:\/\/www.achucarro.org\/es\/open-science\/"]}]},{"@type":"BreadcrumbList","@id":"https:\/\/www.achucarro.org\/es\/open-science\/#breadcrumb","itemListElement":[{"@type":"ListItem","position":1,"name":"Inicio","item":"https:\/\/www.achucarro.org\/es\/"},{"@type":"ListItem","position":2,"name":"Ciencia Abierta"}]},{"@type":"WebSite","@id":"https:\/\/www.achucarro.org\/#website","url":"https:\/\/www.achucarro.org\/","name":"Achucarro Basque Center for Neuroscience","description":"We are a fundamental research organisation centered in the study of neuron-glia interactions, in health, ageing and disease","publisher":{"@id":"https:\/\/www.achucarro.org\/#organization"},"potentialAction":[{"@type":"SearchAction","target":{"@type":"EntryPoint","urlTemplate":"https:\/\/www.achucarro.org\/?s={search_term_string}"},"query-input":{"@type":"PropertyValueSpecification","valueRequired":true,"valueName":"search_term_string"}}],"inLanguage":"es"},{"@type":"Organization","@id":"https:\/\/www.achucarro.org\/#organization","name":"Achucarro Basque Center for Neuroscience","url":"https:\/\/www.achucarro.org\/","logo":{"@type":"ImageObject","inLanguage":"es","@id":"https:\/\/www.achucarro.org\/#\/schema\/logo\/image\/","url":"https:\/\/www.achucarro.org\/wp-content\/uploads\/2022\/01\/achucarro.png","contentUrl":"https:\/\/www.achucarro.org\/wp-content\/uploads\/2022\/01\/achucarro.png","width":315,"height":125,"caption":"Achucarro Basque Center for Neuroscience"},"image":{"@id":"https:\/\/www.achucarro.org\/#\/schema\/logo\/image\/"}}]}},"_links":{"self":[{"href":"https:\/\/www.achucarro.org\/es\/wp-json\/wp\/v2\/pages\/9783","targetHints":{"allow":["GET"]}}],"collection":[{"href":"https:\/\/www.achucarro.org\/es\/wp-json\/wp\/v2\/pages"}],"about":[{"href":"https:\/\/www.achucarro.org\/es\/wp-json\/wp\/v2\/types\/page"}],"author":[{"embeddable":true,"href":"https:\/\/www.achucarro.org\/es\/wp-json\/wp\/v2\/users\/2"}],"replies":[{"embeddable":true,"href":"https:\/\/www.achucarro.org\/es\/wp-json\/wp\/v2\/comments?post=9783"}],"version-history":[{"count":2,"href":"https:\/\/www.achucarro.org\/es\/wp-json\/wp\/v2\/pages\/9783\/revisions"}],"predecessor-version":[{"id":13114,"href":"https:\/\/www.achucarro.org\/es\/wp-json\/wp\/v2\/pages\/9783\/revisions\/13114"}],"wp:attachment":[{"href":"https:\/\/www.achucarro.org\/es\/wp-json\/wp\/v2\/media?parent=9783"}],"curies":[{"name":"wp","href":"https:\/\/api.w.org\/{rel}","templated":true}]}}