{"id":5995,"date":"2022-04-28T14:06:46","date_gmt":"2022-04-28T12:06:46","guid":{"rendered":"https:\/\/www.achucarro.org\/donate\/"},"modified":"2022-07-27T13:11:26","modified_gmt":"2022-07-27T11:11:26","slug":"donar","status":"publish","type":"page","link":"https:\/\/www.achucarro.org\/es\/donar\/","title":{"rendered":"Donar"},"content":{"rendered":"\t\t<div data-elementor-type=\"wp-page\" data-elementor-id=\"5995\" class=\"elementor elementor-5995 elementor-2145\">\n\t\t\t\t\t\t<section class=\"elementor-section elementor-top-section elementor-element elementor-element-772ca27 elementor-section-boxed elementor-section-height-default elementor-section-height-default\" data-id=\"772ca27\" data-element_type=\"section\">\n\t\t\t\t\t\t<div class=\"elementor-container elementor-column-gap-default\">\n\t\t\t\t\t<div class=\"elementor-column elementor-col-100 elementor-top-column elementor-element elementor-element-c4f9623\" data-id=\"c4f9623\" data-element_type=\"column\">\n\t\t\t<div class=\"elementor-widget-wrap elementor-element-populated\">\n\t\t\t\t\t\t<div class=\"elementor-element elementor-element-e51c684 elementor-widget elementor-widget-heading\" data-id=\"e51c684\" data-element_type=\"widget\" data-widget_type=\"heading.default\">\n\t\t\t\t<div class=\"elementor-widget-container\">\n\t\t\t\t\t<h2 class=\"elementor-heading-title elementor-size-default\">M\u00e1s investigaci\u00f3n, menor impacto de las enfermedades cerebrales<\/h2>\t\t\t\t<\/div>\n\t\t\t\t<\/div>\n\t\t\t\t<section class=\"elementor-section elementor-inner-section elementor-element elementor-element-9ce65ed elementor-section-height-min-height elementor-section-boxed elementor-section-height-default\" data-id=\"9ce65ed\" data-element_type=\"section\" data-settings=\"{&quot;background_background&quot;:&quot;classic&quot;}\">\n\t\t\t\t\t\t<div class=\"elementor-container elementor-column-gap-default\">\n\t\t\t\t\t<div class=\"elementor-column elementor-col-100 elementor-inner-column elementor-element elementor-element-52b58f4\" data-id=\"52b58f4\" data-element_type=\"column\">\n\t\t\t<div class=\"elementor-widget-wrap\">\n\t\t\t\t\t\t\t<\/div>\n\t\t<\/div>\n\t\t\t\t\t<\/div>\n\t\t<\/section>\n\t\t\t\t<div class=\"elementor-element elementor-element-c7af97d elementor-widget elementor-widget-text-editor\" data-id=\"c7af97d\" data-element_type=\"widget\" data-widget_type=\"text-editor.default\">\n\t\t\t\t<div class=\"elementor-widget-container\">\n\t\t\t\t\t\t\t\t\t<p>Actualmente la financiaci\u00f3n p\u00fablica para la investigaci\u00f3n es insuficiente para poder afrontar todos los ambiciosos retos y metas que las personas que nos dedicamos a esta labor, tenemos y nos autoimponemos, para llegar a comprender mejor las enfermedades cerebrales y poder as\u00ed combatirlas con eficacia y eficiencia.<\/p><p>De ah\u00ed que necesitemos informar debidamente a la sociedad sobre la importancia de realizar contribuciones voluntarias y desinteresadas, que nos permitan movilizar m\u00e1s y mejores recursos en la b\u00fasqueda de terapias para las enfermedades neurodegenerativa y autoinmunes del cerebro, como el Alzheimer, Parkinson, Esclerosis M\u00faltiple,&#8230; por mencionar s\u00f3lo algunas.<\/p>\t\t\t\t\t\t\t\t<\/div>\n\t\t\t\t<\/div>\n\t\t\t\t<div class=\"elementor-element elementor-element-bd24365 elementor-widget elementor-widget-heading\" data-id=\"bd24365\" data-element_type=\"widget\" data-widget_type=\"heading.default\">\n\t\t\t\t<div class=\"elementor-widget-container\">\n\t\t\t\t\t<h3 class=\"elementor-heading-title elementor-size-default\">AYUDAR A ACHUCARRO<\/h3>\t\t\t\t<\/div>\n\t\t\t\t<\/div>\n\t\t\t\t<div class=\"elementor-element elementor-element-217d0dd elementor-widget elementor-widget-text-editor\" data-id=\"217d0dd\" data-element_type=\"widget\" data-widget_type=\"text-editor.default\">\n\t\t\t\t<div class=\"elementor-widget-container\">\n\t\t\t\t\t\t\t\t\t<p><a href=\"http:\/\/www.jusap.ejgv.euskadi.eus\/r47-edukireg\/es\/contenidos\/fundacion\/f338\/es_def\/index.shtml\" target=\"_blank\" rel=\"noopener\">Achucarro Basque Center for Neuroscience Fundazioa<\/a>, el centro\u00a0<strong>ACHUCARRO<\/strong>, es una instituci\u00f3n de investigaci\u00f3n de vanguardia en el campo de las neurociencias. Desde su constituci\u00f3n en 2012, poniendo en valor e incorporando el talento de personas y grupos de investigaci\u00f3n que ya estaban en nuestro sistema cient\u00edfico y acad\u00e9mico,\u00a0<strong>ACHUCARRO<\/strong>\u00a0ha conseguido crear un proyecto de investigaci\u00f3n cient\u00edfica de excelencia que es ya reconocido por su original y prometedor enfoque tem\u00e1tico en el estudio de las interacciones entre las neuronas y la gl\u00eda.<\/p><p>Nuestro objetivo principal, que se resume en nuestro lema, es avanzar en el conocimiento del cerebro y en la transferencia de los avances cient\u00edficos m\u00e1s fundamentales al \u00e1mbito cl\u00ednico, para contribuir a prevenir, diagnosticar y tratar, m\u00e1s y mejor, las enfermedades cerebrales.<\/p>\t\t\t\t\t\t\t\t<\/div>\n\t\t\t\t<\/div>\n\t\t\t\t<div class=\"elementor-element elementor-element-3777a80 elementor-widget elementor-widget-heading\" data-id=\"3777a80\" data-element_type=\"widget\" data-widget_type=\"heading.default\">\n\t\t\t\t<div class=\"elementor-widget-container\">\n\t\t\t\t\t<h3 class=\"elementor-heading-title elementor-size-default\">COLABORADORAS\/ES<\/h3>\t\t\t\t<\/div>\n\t\t\t\t<\/div>\n\t\t\t\t<div class=\"elementor-element elementor-element-5408d30 elementor-widget elementor-widget-text-editor\" data-id=\"5408d30\" data-element_type=\"widget\" data-widget_type=\"text-editor.default\">\n\t\t\t\t<div class=\"elementor-widget-container\">\n\t\t\t\t\t\t\t\t\t<p>Si su empresa est\u00e1 interesada en colaborar con un proyecto social en relaci\u00f3n con la investigaci\u00f3n en neurociencias, ACHUCARRO cuenta con multitud de proyectos de investigaci\u00f3n en enfermedades del cerebro, o la posibilidad de dotar contratos y becas, para apoyar y favorecer la los objetivos de nuestro centro.Tambi\u00e9n las actividades de difusi\u00f3n y sensibilizaci\u00f3n son susceptibles de recibir ayuda adicional de particulares, empresas e instituciones.<\/p><p>El apoyo a nuestros proyectos, becas\/contratos o a las actividades de difusi\u00f3n son una gran inversi\u00f3n para personas o empresas dispuestas a trasladar su compromiso con la sociedad, mediante la investigaci\u00f3n cient\u00edfica de vanguardia sobre el cerebro.<\/p>\t\t\t\t\t\t\t\t<\/div>\n\t\t\t\t<\/div>\n\t\t\t\t<div class=\"elementor-element elementor-element-8b5344a elementor-widget elementor-widget-heading\" data-id=\"8b5344a\" data-element_type=\"widget\" data-widget_type=\"heading.default\">\n\t\t\t\t<div class=\"elementor-widget-container\">\n\t\t\t\t\t<h3 class=\"elementor-heading-title elementor-size-default\">C\u00d3MO PROCEDER<\/h3>\t\t\t\t<\/div>\n\t\t\t\t<\/div>\n\t\t\t\t<div class=\"elementor-element elementor-element-b905265 elementor-widget elementor-widget-text-editor\" data-id=\"b905265\" data-element_type=\"widget\" data-widget_type=\"text-editor.default\">\n\t\t\t\t<div class=\"elementor-widget-container\">\n\t\t\t\t\t\t\t\t\t<p><a href=\"\/contact\" target=\"_blank\" rel=\"noopener\">P\u00f3ngase en contacto<\/a>\u00a0con nosotras\/os, y juntas\/os podremos dise\u00f1ar su forma particular y espec\u00edfica para poder apoyar tanto nuestras\/os objetivos generales, como cosas m\u00e1s espec\u00edficas, o proyectos en un \u00e1rea o enfermedad concreta, o la formaci\u00f3n de investigadoras\/es, o&#8230; en fin, hablemos!<\/p>\t\t\t\t\t\t\t\t<\/div>\n\t\t\t\t<\/div>\n\t\t\t\t<div class=\"elementor-element elementor-element-05a93a7 elementor-widget elementor-widget-heading\" data-id=\"05a93a7\" data-element_type=\"widget\" data-widget_type=\"heading.default\">\n\t\t\t\t<div class=\"elementor-widget-container\">\n\t\t\t\t\t<h3 class=\"elementor-heading-title elementor-size-default\">BENEFICIOS FISCALES<\/h3>\t\t\t\t<\/div>\n\t\t\t\t<\/div>\n\t\t\t\t<div class=\"elementor-element elementor-element-61544cd elementor-widget elementor-widget-text-editor\" data-id=\"61544cd\" data-element_type=\"widget\" data-widget_type=\"text-editor.default\">\n\t\t\t\t<div class=\"elementor-widget-container\">\n\t\t\t\t\t\t\t\t\t<p>Seg\u00fan establece la Ley 49\/2002, 23 de diciembre, de r\u00e9gimen fiscal de entidades sin \u00e1nimo de lucro e incentivos fiscales al mecenazgo, las deducciones fiscales aplicables a las donaciones directas a favor de ACHUCARRO son las siguientes<\/p><ul><li>DONACIONES DE PARTICULARES<br \/>Deducci\u00f3n en la cuota \u00edntegra del Impuesto sobre la Renta de las Personas F\u00edsicas (IRPF) del 25% del importe de la donaci\u00f3n. La deducci\u00f3n aplicada no podr\u00e1 exceder del 10% de la base imponible del per\u00edodo del contribuyente. Por el exceso no se podr\u00e1 aplicar deducci\u00f3n..<\/li><li>DONACIONES DE ORGANIZACIONES O EMPRESAS<br \/>Deducci\u00f3n en la cuota \u00edntegra del Impuesto sobre Sociedades (IS) del 35% del importe de la donaci\u00f3n. La base de esta deducci\u00f3n no podr\u00e1 exceder del 10% de la base imponible del per\u00edodo. Sin embargo, el exceso se podr\u00e1 aplicar en los per\u00edodos impositivos que concluyen a los 10 a\u00f1os siguientes.<\/li><li>DONACIONES DE NO-RESIDENTES<br \/>Deducci\u00f3n de la cuota \u00edntegra del Impuesto sobre la Renta de No Residentes (INRN) del 25% del importe de la donaci\u00f3n. La base de esta deducci\u00f3n no podr\u00e1 exceder del 10% de la base imponible del conjunto de las declaraciones presentadas en ese plazo.<\/li><\/ul><p>La base de las deducciones por donativos, donaciones y aportaciones: En el supuesto de donativos dinerarios, su importe. En los donativos o donaciones de bienes o derechos, el valor contable que tuvieran en el momento de la transmisi\u00f3n y, en su defecto, el valor determinado conforme a las normas del Impuesto sobre el Patrimonio.<\/p>\t\t\t\t\t\t\t\t<\/div>\n\t\t\t\t<\/div>\n\t\t\t\t\t<\/div>\n\t\t<\/div>\n\t\t\t\t\t<\/div>\n\t\t<\/section>\n\t\t\t\t<\/div>\n\t\t","protected":false},"excerpt":{"rendered":"<p>M\u00e1s investigaci\u00f3n, menor impacto de las enfermedades cerebrales Actualmente la financiaci\u00f3n p\u00fablica para la investigaci\u00f3n es insuficiente para poder afrontar todos los ambiciosos retos y metas que las personas que nos dedicamos a esta labor, tenemos y nos autoimponemos, para llegar a comprender mejor las enfermedades cerebrales y poder as\u00ed combatirlas con eficacia y eficiencia. [&hellip;]<\/p>\n","protected":false},"author":1,"featured_media":0,"parent":0,"menu_order":0,"comment_status":"closed","ping_status":"closed","template":"","meta":{"site-sidebar-layout":"no-sidebar","site-content-layout":"page-builder","ast-site-content-layout":"default","site-content-style":"default","site-sidebar-style":"default","ast-global-header-display":"","ast-banner-title-visibility":"","ast-main-header-display":"","ast-hfb-above-header-display":"","ast-hfb-below-header-display":"","ast-hfb-mobile-header-display":"","site-post-title":"disabled","ast-breadcrumbs-content":"","ast-featured-img":"disabled","footer-sml-layout":"","theme-transparent-header-meta":"","adv-header-id-meta":"","stick-header-meta":"","header-above-stick-meta":"","header-main-stick-meta":"","header-below-stick-meta":"","astra-migrate-meta-layouts":"default","ast-page-background-enabled":"default","ast-page-background-meta":{"desktop":{"background-color":"var(--ast-global-color-4)","background-image":"","background-repeat":"repeat","background-position":"center center","background-size":"auto","background-attachment":"scroll","background-type":"","background-media":"","overlay-type":"","overlay-color":"","overlay-opacity":"","overlay-gradient":""},"tablet":{"background-color":"","background-image":"","background-repeat":"repeat","background-position":"center center","background-size":"auto","background-attachment":"scroll","background-type":"","background-media":"","overlay-type":"","overlay-color":"","overlay-opacity":"","overlay-gradient":""},"mobile":{"background-color":"","background-image":"","background-repeat":"repeat","background-position":"center center","background-size":"auto","background-attachment":"scroll","background-type":"","background-media":"","overlay-type":"","overlay-color":"","overlay-opacity":"","overlay-gradient":""}},"ast-content-background-meta":{"desktop":{"background-color":"var(--ast-global-color-5)","background-image":"","background-repeat":"repeat","background-position":"center center","background-size":"auto","background-attachment":"scroll","background-type":"","background-media":"","overlay-type":"","overlay-color":"","overlay-opacity":"","overlay-gradient":""},"tablet":{"background-color":"var(--ast-global-color-5)","background-image":"","background-repeat":"repeat","background-position":"center center","background-size":"auto","background-attachment":"scroll","background-type":"","background-media":"","overlay-type":"","overlay-color":"","overlay-opacity":"","overlay-gradient":""},"mobile":{"background-color":"var(--ast-global-color-5)","background-image":"","background-repeat":"repeat","background-position":"center center","background-size":"auto","background-attachment":"scroll","background-type":"","background-media":"","overlay-type":"","overlay-color":"","overlay-opacity":"","overlay-gradient":""}},"footnotes":""},"class_list":["post-5995","page","type-page","status-publish","hentry"],"yoast_head":"<!-- This site is optimized with the Yoast SEO plugin v26.4 - https:\/\/yoast.com\/wordpress\/plugins\/seo\/ -->\n<title>Donar - Achucarro Basque Center for Neuroscience<\/title>\n<meta name=\"description\" content=\"donate more research less brain diseases\" \/>\n<meta name=\"robots\" content=\"index, follow, max-snippet:-1, max-image-preview:large, max-video-preview:-1\" \/>\n<link rel=\"canonical\" href=\"https:\/\/www.achucarro.org\/es\/donar\/\" \/>\n<meta property=\"og:locale\" content=\"es_ES\" \/>\n<meta property=\"og:type\" content=\"article\" \/>\n<meta property=\"og:title\" content=\"Donar - Achucarro Basque Center for Neuroscience\" \/>\n<meta property=\"og:description\" content=\"donate more research less brain diseases\" \/>\n<meta property=\"og:url\" content=\"https:\/\/www.achucarro.org\/es\/donar\/\" \/>\n<meta property=\"og:site_name\" content=\"Achucarro Basque Center for Neuroscience\" \/>\n<meta property=\"article:modified_time\" content=\"2022-07-27T11:11:26+00:00\" \/>\n<meta name=\"twitter:card\" content=\"summary_large_image\" \/>\n<meta name=\"twitter:label1\" content=\"Tiempo de lectura\" \/>\n\t<meta name=\"twitter:data1\" content=\"3 minutos\" \/>\n<script type=\"application\/ld+json\" class=\"yoast-schema-graph\">{\"@context\":\"https:\/\/schema.org\",\"@graph\":[{\"@type\":\"WebPage\",\"@id\":\"https:\/\/www.achucarro.org\/es\/donar\/\",\"url\":\"https:\/\/www.achucarro.org\/es\/donar\/\",\"name\":\"Donar - Achucarro Basque Center for Neuroscience\",\"isPartOf\":{\"@id\":\"https:\/\/www.achucarro.org\/#website\"},\"datePublished\":\"2022-04-28T12:06:46+00:00\",\"dateModified\":\"2022-07-27T11:11:26+00:00\",\"description\":\"donate more research less brain diseases\",\"breadcrumb\":{\"@id\":\"https:\/\/www.achucarro.org\/es\/donar\/#breadcrumb\"},\"inLanguage\":\"es\",\"potentialAction\":[{\"@type\":\"ReadAction\",\"target\":[\"https:\/\/www.achucarro.org\/es\/donar\/\"]}]},{\"@type\":\"BreadcrumbList\",\"@id\":\"https:\/\/www.achucarro.org\/es\/donar\/#breadcrumb\",\"itemListElement\":[{\"@type\":\"ListItem\",\"position\":1,\"name\":\"Inicio\",\"item\":\"https:\/\/www.achucarro.org\/es\/\"},{\"@type\":\"ListItem\",\"position\":2,\"name\":\"Donar\"}]},{\"@type\":\"WebSite\",\"@id\":\"https:\/\/www.achucarro.org\/#website\",\"url\":\"https:\/\/www.achucarro.org\/\",\"name\":\"Achucarro Basque Center for Neuroscience\",\"description\":\"We are a fundamental research organisation centered in the study of neuron-glia interactions, in health, ageing and disease\",\"publisher\":{\"@id\":\"https:\/\/www.achucarro.org\/#organization\"},\"potentialAction\":[{\"@type\":\"SearchAction\",\"target\":{\"@type\":\"EntryPoint\",\"urlTemplate\":\"https:\/\/www.achucarro.org\/?s={search_term_string}\"},\"query-input\":{\"@type\":\"PropertyValueSpecification\",\"valueRequired\":true,\"valueName\":\"search_term_string\"}}],\"inLanguage\":\"es\"},{\"@type\":\"Organization\",\"@id\":\"https:\/\/www.achucarro.org\/#organization\",\"name\":\"Achucarro Basque Center for Neuroscience\",\"url\":\"https:\/\/www.achucarro.org\/\",\"logo\":{\"@type\":\"ImageObject\",\"inLanguage\":\"es\",\"@id\":\"https:\/\/www.achucarro.org\/#\/schema\/logo\/image\/\",\"url\":\"https:\/\/www.achucarro.org\/wp-content\/uploads\/2022\/01\/achucarro.png\",\"contentUrl\":\"https:\/\/www.achucarro.org\/wp-content\/uploads\/2022\/01\/achucarro.png\",\"width\":315,\"height\":125,\"caption\":\"Achucarro Basque Center for Neuroscience\"},\"image\":{\"@id\":\"https:\/\/www.achucarro.org\/#\/schema\/logo\/image\/\"}}]}<\/script>\n<!-- \/ Yoast SEO plugin. -->","yoast_head_json":{"title":"Donar - Achucarro Basque Center for Neuroscience","description":"donate more research less brain diseases","robots":{"index":"index","follow":"follow","max-snippet":"max-snippet:-1","max-image-preview":"max-image-preview:large","max-video-preview":"max-video-preview:-1"},"canonical":"https:\/\/www.achucarro.org\/es\/donar\/","og_locale":"es_ES","og_type":"article","og_title":"Donar - Achucarro Basque Center for Neuroscience","og_description":"donate more research less brain diseases","og_url":"https:\/\/www.achucarro.org\/es\/donar\/","og_site_name":"Achucarro Basque Center for Neuroscience","article_modified_time":"2022-07-27T11:11:26+00:00","twitter_card":"summary_large_image","twitter_misc":{"Tiempo de lectura":"3 minutos"},"schema":{"@context":"https:\/\/schema.org","@graph":[{"@type":"WebPage","@id":"https:\/\/www.achucarro.org\/es\/donar\/","url":"https:\/\/www.achucarro.org\/es\/donar\/","name":"Donar - Achucarro Basque Center for Neuroscience","isPartOf":{"@id":"https:\/\/www.achucarro.org\/#website"},"datePublished":"2022-04-28T12:06:46+00:00","dateModified":"2022-07-27T11:11:26+00:00","description":"donate more research less brain diseases","breadcrumb":{"@id":"https:\/\/www.achucarro.org\/es\/donar\/#breadcrumb"},"inLanguage":"es","potentialAction":[{"@type":"ReadAction","target":["https:\/\/www.achucarro.org\/es\/donar\/"]}]},{"@type":"BreadcrumbList","@id":"https:\/\/www.achucarro.org\/es\/donar\/#breadcrumb","itemListElement":[{"@type":"ListItem","position":1,"name":"Inicio","item":"https:\/\/www.achucarro.org\/es\/"},{"@type":"ListItem","position":2,"name":"Donar"}]},{"@type":"WebSite","@id":"https:\/\/www.achucarro.org\/#website","url":"https:\/\/www.achucarro.org\/","name":"Achucarro Basque Center for Neuroscience","description":"We are a fundamental research organisation centered in the study of neuron-glia interactions, in health, ageing and disease","publisher":{"@id":"https:\/\/www.achucarro.org\/#organization"},"potentialAction":[{"@type":"SearchAction","target":{"@type":"EntryPoint","urlTemplate":"https:\/\/www.achucarro.org\/?s={search_term_string}"},"query-input":{"@type":"PropertyValueSpecification","valueRequired":true,"valueName":"search_term_string"}}],"inLanguage":"es"},{"@type":"Organization","@id":"https:\/\/www.achucarro.org\/#organization","name":"Achucarro Basque Center for Neuroscience","url":"https:\/\/www.achucarro.org\/","logo":{"@type":"ImageObject","inLanguage":"es","@id":"https:\/\/www.achucarro.org\/#\/schema\/logo\/image\/","url":"https:\/\/www.achucarro.org\/wp-content\/uploads\/2022\/01\/achucarro.png","contentUrl":"https:\/\/www.achucarro.org\/wp-content\/uploads\/2022\/01\/achucarro.png","width":315,"height":125,"caption":"Achucarro Basque Center for Neuroscience"},"image":{"@id":"https:\/\/www.achucarro.org\/#\/schema\/logo\/image\/"}}]}},"_links":{"self":[{"href":"https:\/\/www.achucarro.org\/es\/wp-json\/wp\/v2\/pages\/5995","targetHints":{"allow":["GET"]}}],"collection":[{"href":"https:\/\/www.achucarro.org\/es\/wp-json\/wp\/v2\/pages"}],"about":[{"href":"https:\/\/www.achucarro.org\/es\/wp-json\/wp\/v2\/types\/page"}],"author":[{"embeddable":true,"href":"https:\/\/www.achucarro.org\/es\/wp-json\/wp\/v2\/users\/1"}],"replies":[{"embeddable":true,"href":"https:\/\/www.achucarro.org\/es\/wp-json\/wp\/v2\/comments?post=5995"}],"version-history":[{"count":2,"href":"https:\/\/www.achucarro.org\/es\/wp-json\/wp\/v2\/pages\/5995\/revisions"}],"predecessor-version":[{"id":7842,"href":"https:\/\/www.achucarro.org\/es\/wp-json\/wp\/v2\/pages\/5995\/revisions\/7842"}],"wp:attachment":[{"href":"https:\/\/www.achucarro.org\/es\/wp-json\/wp\/v2\/media?parent=5995"}],"curies":[{"name":"wp","href":"https:\/\/api.w.org\/{rel}","templated":true}]}}