{"id":5993,"date":"2022-04-27T13:15:27","date_gmt":"2022-04-27T11:15:27","guid":{"rendered":"https:\/\/www.achucarro.org\/mission-vision-and-objectives\/"},"modified":"2022-07-27T11:22:08","modified_gmt":"2022-07-27T09:22:08","slug":"mision-vision-y-objetivos","status":"publish","type":"page","link":"https:\/\/www.achucarro.org\/es\/mision-vision-y-objetivos\/","title":{"rendered":"Misi\u00f3n, Visi\u00f3n y Objetivos"},"content":{"rendered":"\t\t<div data-elementor-type=\"wp-page\" data-elementor-id=\"5993\" class=\"elementor elementor-5993 elementor-2022\">\n\t\t\t\t\t\t<section class=\"elementor-section elementor-top-section elementor-element elementor-element-efaa214 elementor-section-boxed elementor-section-height-default elementor-section-height-default\" data-id=\"efaa214\" data-element_type=\"section\">\n\t\t\t\t\t\t<div class=\"elementor-container elementor-column-gap-default\">\n\t\t\t\t\t<div class=\"elementor-column elementor-col-100 elementor-top-column elementor-element elementor-element-19438bb\" data-id=\"19438bb\" data-element_type=\"column\">\n\t\t\t<div class=\"elementor-widget-wrap elementor-element-populated\">\n\t\t\t\t\t\t<div class=\"elementor-element elementor-element-d372e01 elementor-widget elementor-widget-heading\" data-id=\"d372e01\" data-element_type=\"widget\" data-widget_type=\"heading.default\">\n\t\t\t\t<div class=\"elementor-widget-container\">\n\t\t\t\t\t<h2 class=\"elementor-heading-title elementor-size-default\">Misi\u00f3n, Visi\u00f3n y Objectivos<\/h2>\t\t\t\t<\/div>\n\t\t\t\t<\/div>\n\t\t\t\t\t<\/div>\n\t\t<\/div>\n\t\t\t\t\t<\/div>\n\t\t<\/section>\n\t\t\t\t<section class=\"elementor-section elementor-top-section elementor-element elementor-element-fc8edec elementor-section-boxed elementor-section-height-default elementor-section-height-default\" data-id=\"fc8edec\" data-element_type=\"section\">\n\t\t\t\t\t\t<div class=\"elementor-container elementor-column-gap-default\">\n\t\t\t\t\t<div class=\"elementor-column elementor-col-100 elementor-top-column elementor-element elementor-element-862c84d\" data-id=\"862c84d\" data-element_type=\"column\">\n\t\t\t<div class=\"elementor-widget-wrap elementor-element-populated\">\n\t\t\t\t\t\t<div class=\"elementor-element elementor-element-27ca753 elementor-widget elementor-widget-heading\" data-id=\"27ca753\" data-element_type=\"widget\" data-widget_type=\"heading.default\">\n\t\t\t\t<div class=\"elementor-widget-container\">\n\t\t\t\t\t<h3 class=\"elementor-heading-title elementor-size-default\">ESTRATEGIA<\/h3>\t\t\t\t<\/div>\n\t\t\t\t<\/div>\n\t\t\t\t<div class=\"elementor-element elementor-element-55fa86b elementor-widget elementor-widget-text-editor\" data-id=\"55fa86b\" data-element_type=\"widget\" data-widget_type=\"text-editor.default\">\n\t\t\t\t<div class=\"elementor-widget-container\">\n\t\t\t\t\t\t\t\t\t<p><strong>ACHUCARRO<\/strong>\u00a0es uno de los centros de investigaci\u00f3n\u00a0<em><a href=\"https:\/\/es.wikipedia.org\/wiki\/BERC\" target=\"_blank\" rel=\"noopener\">BERC<\/a><\/em>\u00a0impulsado y reconocido por el\u00a0<a href=\"http:\/\/www.euskadi.eus\/\" target=\"_blank\" rel=\"noopener\">Gobierno Vasco<\/a>\u00a0para desarrollar una ciencia excelente en \u00e1reas estrat\u00e9gicas de investigaci\u00f3n para el Pa\u00eds Vasco y Europa.<\/p><p>Euskadi tiene como objetivo estrat\u00e9gico convertirse en un nodo relevante en la red europea de Biorregiones. La iniciativa\u00a0<a href=\"http:\/\/www.biobasque.org\/aBBW\/web\/es\/index.jsp\" target=\"_blank\" rel=\"noopener\">BioBasque<\/a>\u00a0lanzada en desde 2000, m\u00e1s la actual\u00a0<a href=\"http:\/\/www.spri.eus\/en\/ris3-euskadi\/\" target=\"_blank\" rel=\"noopener\">Estrategia RIS3 de Euskadi<\/a>\u00a0son el marco para nuestra propia estrategia.<\/p><p>Los objetivos estrat\u00e9gicos de\u00a0<strong>ACHUCARRO<\/strong>\u00a0y los elementos estrat\u00e9gicos y de gesti\u00f3n que desplegamos est\u00e1n dise\u00f1ados de acuerdo a este marco de trabajo, y cuentan con la aprobaci\u00f3n del Patronato de la Fundaci\u00f3n.<\/p>\t\t\t\t\t\t\t\t<\/div>\n\t\t\t\t<\/div>\n\t\t\t\t<div class=\"elementor-element elementor-element-43110b3 elementor-widget elementor-widget-heading\" data-id=\"43110b3\" data-element_type=\"widget\" data-widget_type=\"heading.default\">\n\t\t\t\t<div class=\"elementor-widget-container\">\n\t\t\t\t\t<h3 class=\"elementor-heading-title elementor-size-default\">MISI\u00d3N<\/h3>\t\t\t\t<\/div>\n\t\t\t\t<\/div>\n\t\t\t\t<div class=\"elementor-element elementor-element-dc45367 elementor-widget elementor-widget-text-editor\" data-id=\"dc45367\" data-element_type=\"widget\" data-widget_type=\"text-editor.default\">\n\t\t\t\t<div class=\"elementor-widget-container\">\n\t\t\t\t\t\t\t\t\t<p>Achucarro Basque Center for Neuroscience es<\/p><ul><li>un\u00a0<strong>centro de investigaci\u00f3n<\/strong>\u00a0promovido por\u00a0<strong>Ikerbasque<\/strong>\u00a0y la\u00a0<strong>Universidad del Pa\u00eds Vasco (UPV\/EHU)<\/strong>,<\/li><li>dedicado a la\u00a0<strong>formaci\u00f3n e investigaci\u00f3n en la biolog\u00eda de las interacciones neurona-glia<\/strong>,<\/li><li>comprometido con la\u00a0<strong>igualdad de oportunidades<\/strong>,<\/li><li>para con todo ello contribuir,\u00a0<strong>en colaboraci\u00f3n con otros agentes<\/strong>, al\u00a0<strong>descubrimiento de nuevas terapias para enfermedades cerebrales<\/strong>.<\/li><\/ul>\t\t\t\t\t\t\t\t<\/div>\n\t\t\t\t<\/div>\n\t\t\t\t<div class=\"elementor-element elementor-element-33f654d elementor-widget elementor-widget-heading\" data-id=\"33f654d\" data-element_type=\"widget\" data-widget_type=\"heading.default\">\n\t\t\t\t<div class=\"elementor-widget-container\">\n\t\t\t\t\t<h3 class=\"elementor-heading-title elementor-size-default\">VISI\u00d3N<\/h3>\t\t\t\t<\/div>\n\t\t\t\t<\/div>\n\t\t\t\t<div class=\"elementor-element elementor-element-35bf5f6 elementor-widget elementor-widget-text-editor\" data-id=\"35bf5f6\" data-element_type=\"widget\" data-widget_type=\"text-editor.default\">\n\t\t\t\t<div class=\"elementor-widget-container\">\n\t\t\t\t\t\t\t\t\t<p>En el a\u00f1o 2025\u00a0<strong>ACHUCARRO<\/strong>\u00a0ser\u00e1 reconocido como un centro de\u00a0<strong>referencia internacional en la investigaci\u00f3n de las c\u00e9lulas gliales en la salud y en enfermedad<\/strong>.<\/p><ul><li>Siendo un agente de\u00a0<strong>atracci\u00f3n de talento y recursos internacionales a nuestro territorio<\/strong>, y<\/li><li>Generando\u00a0<strong>conocimiento relevante y resultados cient\u00edficos<\/strong>\u00a0que contribuyan a\u00a0<strong>mejorar el bienestar de nuestra Sociedad<\/strong>.<\/li><\/ul>\t\t\t\t\t\t\t\t<\/div>\n\t\t\t\t<\/div>\n\t\t\t\t<div class=\"elementor-element elementor-element-dfa7f08 elementor-widget elementor-widget-heading\" data-id=\"dfa7f08\" data-element_type=\"widget\" data-widget_type=\"heading.default\">\n\t\t\t\t<div class=\"elementor-widget-container\">\n\t\t\t\t\t<h3 class=\"elementor-heading-title elementor-size-default\">OBJETIVOS FUNDACIONALES<\/h3>\t\t\t\t<\/div>\n\t\t\t\t<\/div>\n\t\t\t\t<div class=\"elementor-element elementor-element-7663134 elementor-widget elementor-widget-text-editor\" data-id=\"7663134\" data-element_type=\"widget\" data-widget_type=\"text-editor.default\">\n\t\t\t\t<div class=\"elementor-widget-container\">\n\t\t\t\t\t\t\t\t\t<p>Los objetivos definidos por el Patronato de la fundaci\u00f3n en los Estatutos de Constituci\u00f3n son:<\/p><ul><li>Crear un\u00a0<strong>centro de investigaci\u00f3n de primer nivel internacional<\/strong>\u00a0encaminado a la\u00a0<strong>investigaci\u00f3n b\u00e1sica<\/strong>, de\u00a0<strong>formaci\u00f3n de postgrado<\/strong>\u00a0y de\u00a0<strong>transferencia de conocimiento en neurociencias<\/strong>.<\/li><li>Fomentar la\u00a0<strong>igualdad de oportunidades<\/strong>\u00a0para todas las personas<\/li><li>Fomentar y desarrollar\u00a0<strong>investigaci\u00f3n fundamental orientada y estrat\u00e9gica en neurociencias<\/strong>\u00a0y que ser\u00e1n especificadas en el Programa de Investigaci\u00f3n de la Fundaci\u00f3n vigente en cada momento. En particular, la Fundaci\u00f3n promover\u00e1 la investigaci\u00f3n en el campo de la\u00a0<strong>interacci\u00f3n gl\u00eda-neurona y en sus alteraciones durante el proceso de envejecimiento<\/strong>.<\/li><li>Favorecer la producci\u00f3n, promoci\u00f3n y divulgaci\u00f3n del conocimiento cient\u00edfico y t\u00e9cnico. La Fundaci\u00f3n extender\u00e1 especialmente sus esfuerzos a la\u00a0<strong>I+D asociada a los procesos patol\u00f3gicos relacionados con las \u00e1reas anteriores, como la enfermedad de Alzheimer, la esclerosis m\u00faltiple la isquemia cerebral y otros procesos neurodegenerativos tales como, entre otros, la enfermedad de Parkinson y la esclerosis lateral amiotrofia<\/strong>.<\/li><li>Promover las actuaciones en materias de investigaci\u00f3n y de formaci\u00f3n de postgrado que permitan la consolidaci\u00f3n de la\u00a0<strong>Universidad del Pa\u00eds Vasco\/Euskal Herriko Unibertsitatea como polo de relevancia internacional en formaci\u00f3n, investigaci\u00f3n, transferencia e innovaci\u00f3n en el \u00e1rea de las neurociencias<\/strong>.<\/li><li>Mejorar la capacidad de la CAPV y de la Universidad del Pa\u00eds Vasco\/Euskal Herriko Unibertsitatea en la\u00a0<strong>atracci\u00f3n de fondos competitivos y de talento investigador<\/strong>\u00a0para el impulso de las labores de investigaci\u00f3n en el campo de la interacci\u00f3n gl\u00eda-neurona y sus aplicaciones terap\u00e9uticas.<\/li><li><strong>Promover la colaboraci\u00f3n<\/strong>\u00a0cient\u00edfica en el campo de las neurociencias con\u00a0<strong>universidades, centros de investigaci\u00f3n, centros tecnol\u00f3gicos y empresas existentes en la CAPV y los \u00e1mbitos nacional e internacional<\/strong>.<\/li><li><strong>Organizar encuentros cient\u00edficos nacionales e internacionales<\/strong>\u00a0relacionados con la actividad investigadora y formativa en neurociencias.<\/li><li>Obtener recursos propios, contratos con empresas, subvenciones, becas, ayudas, y donaciones otorgadas tanto por instituciones p\u00fablicas como por personas f\u00edsicas y jur\u00eddicas privadas, destinadas a financiar actuaciones que faciliten la consecuci\u00f3n de los objetivos fundacionales.<\/li><li>Cualquier otra actividad que contribuya a la consecuci\u00f3n del objetivo principal y de las finalidades fundacionales.<\/li><\/ul>\t\t\t\t\t\t\t\t<\/div>\n\t\t\t\t<\/div>\n\t\t\t\t\t<\/div>\n\t\t<\/div>\n\t\t\t\t\t<\/div>\n\t\t<\/section>\n\t\t\t\t<\/div>\n\t\t","protected":false},"excerpt":{"rendered":"<p>Misi\u00f3n, Visi\u00f3n y Objectivos ESTRATEGIA ACHUCARRO\u00a0es uno de los centros de investigaci\u00f3n\u00a0BERC\u00a0impulsado y reconocido por el\u00a0Gobierno Vasco\u00a0para desarrollar una ciencia excelente en \u00e1reas estrat\u00e9gicas de investigaci\u00f3n para el Pa\u00eds Vasco y Europa. Euskadi tiene como objetivo estrat\u00e9gico convertirse en un nodo relevante en la red europea de Biorregiones. La iniciativa\u00a0BioBasque\u00a0lanzada en desde 2000, m\u00e1s la [&hellip;]<\/p>\n","protected":false},"author":1,"featured_media":0,"parent":0,"menu_order":0,"comment_status":"closed","ping_status":"closed","template":"","meta":{"site-sidebar-layout":"no-sidebar","site-content-layout":"page-builder","ast-site-content-layout":"default","site-content-style":"default","site-sidebar-style":"default","ast-global-header-display":"","ast-banner-title-visibility":"","ast-main-header-display":"","ast-hfb-above-header-display":"","ast-hfb-below-header-display":"","ast-hfb-mobile-header-display":"","site-post-title":"disabled","ast-breadcrumbs-content":"","ast-featured-img":"disabled","footer-sml-layout":"","theme-transparent-header-meta":"","adv-header-id-meta":"","stick-header-meta":"","header-above-stick-meta":"","header-main-stick-meta":"","header-below-stick-meta":"","astra-migrate-meta-layouts":"default","ast-page-background-enabled":"default","ast-page-background-meta":{"desktop":{"background-color":"var(--ast-global-color-4)","background-image":"","background-repeat":"repeat","background-position":"center center","background-size":"auto","background-attachment":"scroll","background-type":"","background-media":"","overlay-type":"","overlay-color":"","overlay-opacity":"","overlay-gradient":""},"tablet":{"background-color":"","background-image":"","background-repeat":"repeat","background-position":"center center","background-size":"auto","background-attachment":"scroll","background-type":"","background-media":"","overlay-type":"","overlay-color":"","overlay-opacity":"","overlay-gradient":""},"mobile":{"background-color":"","background-image":"","background-repeat":"repeat","background-position":"center center","background-size":"auto","background-attachment":"scroll","background-type":"","background-media":"","overlay-type":"","overlay-color":"","overlay-opacity":"","overlay-gradient":""}},"ast-content-background-meta":{"desktop":{"background-color":"var(--ast-global-color-5)","background-image":"","background-repeat":"repeat","background-position":"center center","background-size":"auto","background-attachment":"scroll","background-type":"","background-media":"","overlay-type":"","overlay-color":"","overlay-opacity":"","overlay-gradient":""},"tablet":{"background-color":"var(--ast-global-color-5)","background-image":"","background-repeat":"repeat","background-position":"center center","background-size":"auto","background-attachment":"scroll","background-type":"","background-media":"","overlay-type":"","overlay-color":"","overlay-opacity":"","overlay-gradient":""},"mobile":{"background-color":"var(--ast-global-color-5)","background-image":"","background-repeat":"repeat","background-position":"center center","background-size":"auto","background-attachment":"scroll","background-type":"","background-media":"","overlay-type":"","overlay-color":"","overlay-opacity":"","overlay-gradient":""}},"footnotes":""},"class_list":["post-5993","page","type-page","status-publish","hentry"],"yoast_head":"<!-- This site is optimized with the Yoast SEO plugin v26.4 - https:\/\/yoast.com\/wordpress\/plugins\/seo\/ -->\n<title>Misi\u00f3n, Visi\u00f3n y Objetivos - Achucarro Basque Center for Neuroscience<\/title>\n<meta name=\"robots\" content=\"index, follow, max-snippet:-1, max-image-preview:large, max-video-preview:-1\" \/>\n<link rel=\"canonical\" href=\"https:\/\/www.achucarro.org\/es\/mision-vision-y-objetivos\/\" \/>\n<meta property=\"og:locale\" content=\"es_ES\" \/>\n<meta property=\"og:type\" content=\"article\" \/>\n<meta property=\"og:title\" content=\"Misi\u00f3n, Visi\u00f3n y Objetivos - Achucarro Basque Center for Neuroscience\" \/>\n<meta property=\"og:description\" content=\"Misi\u00f3n, Visi\u00f3n y Objectivos ESTRATEGIA ACHUCARRO\u00a0es uno de los centros de investigaci\u00f3n\u00a0BERC\u00a0impulsado y reconocido por el\u00a0Gobierno Vasco\u00a0para desarrollar una ciencia excelente en \u00e1reas estrat\u00e9gicas de investigaci\u00f3n para el Pa\u00eds Vasco y Europa. Euskadi tiene como objetivo estrat\u00e9gico convertirse en un nodo relevante en la red europea de Biorregiones. La iniciativa\u00a0BioBasque\u00a0lanzada en desde 2000, m\u00e1s la [&hellip;]\" \/>\n<meta property=\"og:url\" content=\"https:\/\/www.achucarro.org\/es\/mision-vision-y-objetivos\/\" \/>\n<meta property=\"og:site_name\" content=\"Achucarro Basque Center for Neuroscience\" \/>\n<meta property=\"article:modified_time\" content=\"2022-07-27T09:22:08+00:00\" \/>\n<meta name=\"twitter:card\" content=\"summary_large_image\" \/>\n<meta name=\"twitter:label1\" content=\"Tiempo de lectura\" \/>\n\t<meta name=\"twitter:data1\" content=\"3 minutos\" \/>\n<script type=\"application\/ld+json\" class=\"yoast-schema-graph\">{\"@context\":\"https:\/\/schema.org\",\"@graph\":[{\"@type\":\"WebPage\",\"@id\":\"https:\/\/www.achucarro.org\/es\/mision-vision-y-objetivos\/\",\"url\":\"https:\/\/www.achucarro.org\/es\/mision-vision-y-objetivos\/\",\"name\":\"Misi\u00f3n, Visi\u00f3n y Objetivos - Achucarro Basque Center for Neuroscience\",\"isPartOf\":{\"@id\":\"https:\/\/www.achucarro.org\/#website\"},\"datePublished\":\"2022-04-27T11:15:27+00:00\",\"dateModified\":\"2022-07-27T09:22:08+00:00\",\"breadcrumb\":{\"@id\":\"https:\/\/www.achucarro.org\/es\/mision-vision-y-objetivos\/#breadcrumb\"},\"inLanguage\":\"es\",\"potentialAction\":[{\"@type\":\"ReadAction\",\"target\":[\"https:\/\/www.achucarro.org\/es\/mision-vision-y-objetivos\/\"]}]},{\"@type\":\"BreadcrumbList\",\"@id\":\"https:\/\/www.achucarro.org\/es\/mision-vision-y-objetivos\/#breadcrumb\",\"itemListElement\":[{\"@type\":\"ListItem\",\"position\":1,\"name\":\"Inicio\",\"item\":\"https:\/\/www.achucarro.org\/es\/\"},{\"@type\":\"ListItem\",\"position\":2,\"name\":\"Misi\u00f3n, Visi\u00f3n y Objetivos\"}]},{\"@type\":\"WebSite\",\"@id\":\"https:\/\/www.achucarro.org\/#website\",\"url\":\"https:\/\/www.achucarro.org\/\",\"name\":\"Achucarro Basque Center for Neuroscience\",\"description\":\"We are a fundamental research organisation centered in the study of neuron-glia interactions, in health, ageing and disease\",\"publisher\":{\"@id\":\"https:\/\/www.achucarro.org\/#organization\"},\"potentialAction\":[{\"@type\":\"SearchAction\",\"target\":{\"@type\":\"EntryPoint\",\"urlTemplate\":\"https:\/\/www.achucarro.org\/?s={search_term_string}\"},\"query-input\":{\"@type\":\"PropertyValueSpecification\",\"valueRequired\":true,\"valueName\":\"search_term_string\"}}],\"inLanguage\":\"es\"},{\"@type\":\"Organization\",\"@id\":\"https:\/\/www.achucarro.org\/#organization\",\"name\":\"Achucarro Basque Center for Neuroscience\",\"url\":\"https:\/\/www.achucarro.org\/\",\"logo\":{\"@type\":\"ImageObject\",\"inLanguage\":\"es\",\"@id\":\"https:\/\/www.achucarro.org\/#\/schema\/logo\/image\/\",\"url\":\"https:\/\/www.achucarro.org\/wp-content\/uploads\/2022\/01\/achucarro.png\",\"contentUrl\":\"https:\/\/www.achucarro.org\/wp-content\/uploads\/2022\/01\/achucarro.png\",\"width\":315,\"height\":125,\"caption\":\"Achucarro Basque Center for Neuroscience\"},\"image\":{\"@id\":\"https:\/\/www.achucarro.org\/#\/schema\/logo\/image\/\"}}]}<\/script>\n<!-- \/ Yoast SEO plugin. -->","yoast_head_json":{"title":"Misi\u00f3n, Visi\u00f3n y Objetivos - Achucarro Basque Center for Neuroscience","robots":{"index":"index","follow":"follow","max-snippet":"max-snippet:-1","max-image-preview":"max-image-preview:large","max-video-preview":"max-video-preview:-1"},"canonical":"https:\/\/www.achucarro.org\/es\/mision-vision-y-objetivos\/","og_locale":"es_ES","og_type":"article","og_title":"Misi\u00f3n, Visi\u00f3n y Objetivos - Achucarro Basque Center for Neuroscience","og_description":"Misi\u00f3n, Visi\u00f3n y Objectivos ESTRATEGIA ACHUCARRO\u00a0es uno de los centros de investigaci\u00f3n\u00a0BERC\u00a0impulsado y reconocido por el\u00a0Gobierno Vasco\u00a0para desarrollar una ciencia excelente en \u00e1reas estrat\u00e9gicas de investigaci\u00f3n para el Pa\u00eds Vasco y Europa. Euskadi tiene como objetivo estrat\u00e9gico convertirse en un nodo relevante en la red europea de Biorregiones. La iniciativa\u00a0BioBasque\u00a0lanzada en desde 2000, m\u00e1s la [&hellip;]","og_url":"https:\/\/www.achucarro.org\/es\/mision-vision-y-objetivos\/","og_site_name":"Achucarro Basque Center for Neuroscience","article_modified_time":"2022-07-27T09:22:08+00:00","twitter_card":"summary_large_image","twitter_misc":{"Tiempo de lectura":"3 minutos"},"schema":{"@context":"https:\/\/schema.org","@graph":[{"@type":"WebPage","@id":"https:\/\/www.achucarro.org\/es\/mision-vision-y-objetivos\/","url":"https:\/\/www.achucarro.org\/es\/mision-vision-y-objetivos\/","name":"Misi\u00f3n, Visi\u00f3n y Objetivos - Achucarro Basque Center for Neuroscience","isPartOf":{"@id":"https:\/\/www.achucarro.org\/#website"},"datePublished":"2022-04-27T11:15:27+00:00","dateModified":"2022-07-27T09:22:08+00:00","breadcrumb":{"@id":"https:\/\/www.achucarro.org\/es\/mision-vision-y-objetivos\/#breadcrumb"},"inLanguage":"es","potentialAction":[{"@type":"ReadAction","target":["https:\/\/www.achucarro.org\/es\/mision-vision-y-objetivos\/"]}]},{"@type":"BreadcrumbList","@id":"https:\/\/www.achucarro.org\/es\/mision-vision-y-objetivos\/#breadcrumb","itemListElement":[{"@type":"ListItem","position":1,"name":"Inicio","item":"https:\/\/www.achucarro.org\/es\/"},{"@type":"ListItem","position":2,"name":"Misi\u00f3n, Visi\u00f3n y Objetivos"}]},{"@type":"WebSite","@id":"https:\/\/www.achucarro.org\/#website","url":"https:\/\/www.achucarro.org\/","name":"Achucarro Basque Center for Neuroscience","description":"We are a fundamental research organisation centered in the study of neuron-glia interactions, in health, ageing and disease","publisher":{"@id":"https:\/\/www.achucarro.org\/#organization"},"potentialAction":[{"@type":"SearchAction","target":{"@type":"EntryPoint","urlTemplate":"https:\/\/www.achucarro.org\/?s={search_term_string}"},"query-input":{"@type":"PropertyValueSpecification","valueRequired":true,"valueName":"search_term_string"}}],"inLanguage":"es"},{"@type":"Organization","@id":"https:\/\/www.achucarro.org\/#organization","name":"Achucarro Basque Center for Neuroscience","url":"https:\/\/www.achucarro.org\/","logo":{"@type":"ImageObject","inLanguage":"es","@id":"https:\/\/www.achucarro.org\/#\/schema\/logo\/image\/","url":"https:\/\/www.achucarro.org\/wp-content\/uploads\/2022\/01\/achucarro.png","contentUrl":"https:\/\/www.achucarro.org\/wp-content\/uploads\/2022\/01\/achucarro.png","width":315,"height":125,"caption":"Achucarro Basque Center for Neuroscience"},"image":{"@id":"https:\/\/www.achucarro.org\/#\/schema\/logo\/image\/"}}]}},"_links":{"self":[{"href":"https:\/\/www.achucarro.org\/es\/wp-json\/wp\/v2\/pages\/5993","targetHints":{"allow":["GET"]}}],"collection":[{"href":"https:\/\/www.achucarro.org\/es\/wp-json\/wp\/v2\/pages"}],"about":[{"href":"https:\/\/www.achucarro.org\/es\/wp-json\/wp\/v2\/types\/page"}],"author":[{"embeddable":true,"href":"https:\/\/www.achucarro.org\/es\/wp-json\/wp\/v2\/users\/1"}],"replies":[{"embeddable":true,"href":"https:\/\/www.achucarro.org\/es\/wp-json\/wp\/v2\/comments?post=5993"}],"version-history":[{"count":2,"href":"https:\/\/www.achucarro.org\/es\/wp-json\/wp\/v2\/pages\/5993\/revisions"}],"predecessor-version":[{"id":7779,"href":"https:\/\/www.achucarro.org\/es\/wp-json\/wp\/v2\/pages\/5993\/revisions\/7779"}],"wp:attachment":[{"href":"https:\/\/www.achucarro.org\/es\/wp-json\/wp\/v2\/media?parent=5993"}],"curies":[{"name":"wp","href":"https:\/\/api.w.org\/{rel}","templated":true}]}}