{"id":5979,"date":"2022-05-03T15:15:13","date_gmt":"2022-05-03T13:15:13","guid":{"rendered":"https:\/\/www.achucarro.org\/research-animals\/"},"modified":"2023-09-26T10:02:11","modified_gmt":"2023-09-26T08:02:11","slug":"declaracion-institucional-sobre-uso-animales-experimentacion","status":"publish","type":"page","link":"https:\/\/www.achucarro.org\/es\/declaracion-institucional-sobre-uso-animales-experimentacion\/","title":{"rendered":"Declaraci\u00f3n Institucional sobre el uso de Animales de Experimentaci\u00f3n"},"content":{"rendered":"\t\t<div data-elementor-type=\"wp-page\" data-elementor-id=\"5979\" class=\"elementor elementor-5979 elementor-2545\">\n\t\t\t\t\t\t<section class=\"elementor-section elementor-top-section elementor-element elementor-element-05548e2 elementor-section-boxed elementor-section-height-default elementor-section-height-default\" data-id=\"05548e2\" data-element_type=\"section\">\n\t\t\t\t\t\t<div class=\"elementor-container elementor-column-gap-default\">\n\t\t\t\t\t<div class=\"elementor-column elementor-col-100 elementor-top-column elementor-element elementor-element-4486356\" data-id=\"4486356\" data-element_type=\"column\">\n\t\t\t<div class=\"elementor-widget-wrap elementor-element-populated\">\n\t\t\t\t\t\t<div class=\"elementor-element elementor-element-a6605a9 elementor-widget elementor-widget-heading\" data-id=\"a6605a9\" data-element_type=\"widget\" data-widget_type=\"heading.default\">\n\t\t\t\t<div class=\"elementor-widget-container\">\n\t\t\t\t\t<h2 class=\"elementor-heading-title elementor-size-default\">Declaraci\u00f3n Institucional sobre el uso de Animales de Experimentaci\u00f3n<\/h2>\t\t\t\t<\/div>\n\t\t\t\t<\/div>\n\t\t\t\t\t<\/div>\n\t\t<\/div>\n\t\t\t\t\t<\/div>\n\t\t<\/section>\n\t\t\t\t<section class=\"elementor-section elementor-top-section elementor-element elementor-element-2492892 elementor-section-boxed elementor-section-height-default elementor-section-height-default\" data-id=\"2492892\" data-element_type=\"section\">\n\t\t\t\t\t\t<div class=\"elementor-container elementor-column-gap-default\">\n\t\t\t\t\t<div class=\"elementor-column elementor-col-100 elementor-top-column elementor-element elementor-element-faeabb1\" data-id=\"faeabb1\" data-element_type=\"column\">\n\t\t\t<div class=\"elementor-widget-wrap elementor-element-populated\">\n\t\t\t\t\t\t<div class=\"elementor-element elementor-element-16e5726 elementor-widget elementor-widget-text-editor\" data-id=\"16e5726\" data-element_type=\"widget\" data-widget_type=\"text-editor.default\">\n\t\t\t\t<div class=\"elementor-widget-container\">\n\t\t\t\t\t\t\t\t\t<p>Achucarro Basque Center for Neuroscience (<strong>ACHUCARRO<\/strong>) se adhiere al <a href=\"https:\/\/www.eara.eu\/espana\" target=\"_blank\" rel=\"noopener\">Acuerdo de Transparencia en Experimentaci\u00f3n Animal<\/a>, promovido desde la <a href=\"http:\/\/www.cosce.org\/\" target=\"_blank\" rel=\"noopener\">Confederaci\u00f3n de Sociedades Cient\u00edficas de Espa\u00f1a<\/a> (COSCE), con la colaboraci\u00f3n de la <a href=\"http:\/\/eara.eu\/\" target=\"_blank\" rel=\"noopener\">Asociaci\u00f3n Europea para la Investigaci\u00f3n Animal<\/a> (EARA), y suscrito el 20 de septiembre de 2016.<\/p>\t\t\t\t\t\t\t\t<\/div>\n\t\t\t\t<\/div>\n\t\t\t\t\t<\/div>\n\t\t<\/div>\n\t\t\t\t\t<\/div>\n\t\t<\/section>\n\t\t\t\t<section class=\"elementor-section elementor-top-section elementor-element elementor-element-4c14a3a elementor-section-boxed elementor-section-height-default elementor-section-height-default\" data-id=\"4c14a3a\" data-element_type=\"section\">\n\t\t\t\t\t\t<div class=\"elementor-container elementor-column-gap-default\">\n\t\t\t\t\t<div class=\"elementor-column elementor-col-50 elementor-top-column elementor-element elementor-element-0a3f2d1\" data-id=\"0a3f2d1\" data-element_type=\"column\">\n\t\t\t<div class=\"elementor-widget-wrap elementor-element-populated\">\n\t\t\t\t\t\t<div class=\"elementor-element elementor-element-9e1ea08 elementor-widget elementor-widget-image\" data-id=\"9e1ea08\" data-element_type=\"widget\" data-widget_type=\"image.default\">\n\t\t\t\t<div class=\"elementor-widget-container\">\n\t\t\t\t\t\t\t\t\t\t\t\t\t\t\t\t<a href=\"http:\/\/eara.eu\/\">\n\t\t\t\t\t\t\t<img decoding=\"async\" width=\"255\" height=\"58\" src=\"https:\/\/www.achucarro.org\/wp-content\/uploads\/2022\/05\/eara_logo.png\" class=\"attachment-large size-large wp-image-2550\" alt=\"EARA.EU\" \/>\t\t\t\t\t\t\t\t<\/a>\n\t\t\t\t\t\t\t\t\t\t\t\t\t\t\t<\/div>\n\t\t\t\t<\/div>\n\t\t\t\t\t<\/div>\n\t\t<\/div>\n\t\t\t\t<div class=\"elementor-column elementor-col-50 elementor-top-column elementor-element elementor-element-bcf6a2b\" data-id=\"bcf6a2b\" data-element_type=\"column\">\n\t\t\t<div class=\"elementor-widget-wrap elementor-element-populated\">\n\t\t\t\t\t\t<div class=\"elementor-element elementor-element-01e0130 elementor-widget elementor-widget-image\" data-id=\"01e0130\" data-element_type=\"widget\" data-widget_type=\"image.default\">\n\t\t\t\t<div class=\"elementor-widget-container\">\n\t\t\t\t\t\t\t\t\t\t\t\t\t\t\t\t<a href=\"http:\/\/www.cosce.org\/\">\n\t\t\t\t\t\t\t<img decoding=\"async\" width=\"176\" height=\"176\" src=\"https:\/\/www.achucarro.org\/wp-content\/uploads\/2022\/05\/cosce-logo.png\" class=\"attachment-large size-large wp-image-2553\" alt=\"COSCE\" srcset=\"https:\/\/www.achucarro.org\/wp-content\/uploads\/2022\/05\/cosce-logo.png 176w, https:\/\/www.achucarro.org\/wp-content\/uploads\/2022\/05\/cosce-logo-150x150.png 150w\" sizes=\"(max-width: 176px) 100vw, 176px\" \/>\t\t\t\t\t\t\t\t<\/a>\n\t\t\t\t\t\t\t\t\t\t\t\t\t\t\t<\/div>\n\t\t\t\t<\/div>\n\t\t\t\t\t<\/div>\n\t\t<\/div>\n\t\t\t\t\t<\/div>\n\t\t<\/section>\n\t\t\t\t<section class=\"elementor-section elementor-top-section elementor-element elementor-element-c787b17 elementor-section-boxed elementor-section-height-default elementor-section-height-default\" data-id=\"c787b17\" data-element_type=\"section\">\n\t\t\t\t\t\t<div class=\"elementor-container elementor-column-gap-default\">\n\t\t\t\t\t<div class=\"elementor-column elementor-col-100 elementor-top-column elementor-element elementor-element-ab553e8\" data-id=\"ab553e8\" data-element_type=\"column\">\n\t\t\t<div class=\"elementor-widget-wrap elementor-element-populated\">\n\t\t\t\t\t\t<div class=\"elementor-element elementor-element-8d455bc elementor-widget elementor-widget-text-editor\" data-id=\"8d455bc\" data-element_type=\"widget\" data-widget_type=\"text-editor.default\">\n\t\t\t\t<div class=\"elementor-widget-container\">\n\t\t\t\t\t\t\t\t\t<p>Somos conscientes que la investigaci\u00f3n animal juega un papel fundamental en el conocimiento de los mecanismos biol\u00f3gicos que est\u00e1n involucrados en las enfermedades y en el desarrollo de tratamientos m\u00e9dicos. Sin el uso de animales, no dispondr\u00edamos de la mayor\u00eda de las medicinas, antibi\u00f3ticos, vacunas y t\u00e9cnicas quir\u00fargicas que se aplican en medicina humana y veterinaria.<\/p><p>Una parte del trabajo cient\u00edfico que se realiza en\u00a0<strong>ACHUCARRO<\/strong>\u00a0y que contribuye a la mejora de la vida de las personas es gracias a la utilizaci\u00f3n de animales, para el avance del conocimiento humano para el descubrimiento de nuevas terapias para las enfermedades del cerebro como Alzheimer, Parkinson, Esclerosis M\u00faltiple, Ictus, etc.<\/p><p>El bienestar de los animales de experimentaci\u00f3n es un tema fundamental para <strong>ACHUCARRO<\/strong>, as\u00ed como lo es el estricto respeto y cumplimiento de la legislaci\u00f3n vigente sobre protecci\u00f3n de animales utilizados en experimentaci\u00f3n y otros fines cient\u00edficos, incluyendo la docencia. Nuestro objetivo es alcanzar los m\u00e1s altos est\u00e1ndares de bienestar animal, no solamente desde el punto de la responsabilidad moral sobre los mismos, sino tambi\u00e9n porque no se podr\u00eda lograr ciencia de calidad sin bienestar animal. Nuestra experimentaci\u00f3n animal cumple con los est\u00e1ndares legales y es revisada por un <a style=\"font-size: 16px; background-color: #ffffff;\" href=\"http:\/\/www.ehu.eus\/es\/web\/ceid\/ceea\/comite\" target=\"_blank\" rel=\"noopener\">Comit\u00e9 \u00c9tico de Experimentaci\u00f3n Animal<\/a><span style=\"font-size: 16px;\">, que promueve el uso de m\u00e9todos alternativos, la reducci\u00f3n del n\u00famero de animales utilizados, y el refinamiento de los procedimientos experimentales. Ning\u00fan proyecto de investigaci\u00f3n que requiera el uso de animales puede comenzar sin la preceptiva evaluaci\u00f3n \u00e9tica y la autorizaci\u00f3n final por parte de la respectiva autoridad competente.<\/span><\/p><p><strong>ACHUCARRO<\/strong> se ocupa de garantizar tambi\u00e9n que tanto el personal al cuidado de los animales como los investigadores involucrados en experimentaci\u00f3n cuenten con la formaci\u00f3n y conocimientos necesarios, y se compromete a proporcionar los recursos precisos para el correcto mantenimiento de los animales de experimentaci\u00f3n en lo que se refiere a instalaciones, manutenci\u00f3n, bienestar y atenci\u00f3n veterinaria.<\/p>\t\t\t\t\t\t\t\t<\/div>\n\t\t\t\t<\/div>\n\t\t\t\t\t<\/div>\n\t\t<\/div>\n\t\t\t\t\t<\/div>\n\t\t<\/section>\n\t\t\t\t<\/div>\n\t\t","protected":false},"excerpt":{"rendered":"<p>Declaraci\u00f3n Institucional sobre el uso de Animales de Experimentaci\u00f3n Achucarro Basque Center for Neuroscience (ACHUCARRO) se adhiere al Acuerdo de Transparencia en Experimentaci\u00f3n Animal, promovido desde la Confederaci\u00f3n de Sociedades Cient\u00edficas de Espa\u00f1a (COSCE), con la colaboraci\u00f3n de la Asociaci\u00f3n Europea para la Investigaci\u00f3n Animal (EARA), y suscrito el 20 de septiembre de 2016. Somos [&hellip;]<\/p>\n","protected":false},"author":1,"featured_media":0,"parent":0,"menu_order":0,"comment_status":"closed","ping_status":"closed","template":"","meta":{"site-sidebar-layout":"no-sidebar","site-content-layout":"page-builder","ast-site-content-layout":"default","site-content-style":"default","site-sidebar-style":"default","ast-global-header-display":"","ast-banner-title-visibility":"","ast-main-header-display":"","ast-hfb-above-header-display":"","ast-hfb-below-header-display":"","ast-hfb-mobile-header-display":"","site-post-title":"disabled","ast-breadcrumbs-content":"","ast-featured-img":"disabled","footer-sml-layout":"","theme-transparent-header-meta":"","adv-header-id-meta":"","stick-header-meta":"","header-above-stick-meta":"","header-main-stick-meta":"","header-below-stick-meta":"","astra-migrate-meta-layouts":"default","ast-page-background-enabled":"default","ast-page-background-meta":{"desktop":{"background-color":"var(--ast-global-color-4)","background-image":"","background-repeat":"repeat","background-position":"center center","background-size":"auto","background-attachment":"scroll","background-type":"","background-media":"","overlay-type":"","overlay-color":"","overlay-opacity":"","overlay-gradient":""},"tablet":{"background-color":"","background-image":"","background-repeat":"repeat","background-position":"center center","background-size":"auto","background-attachment":"scroll","background-type":"","background-media":"","overlay-type":"","overlay-color":"","overlay-opacity":"","overlay-gradient":""},"mobile":{"background-color":"","background-image":"","background-repeat":"repeat","background-position":"center center","background-size":"auto","background-attachment":"scroll","background-type":"","background-media":"","overlay-type":"","overlay-color":"","overlay-opacity":"","overlay-gradient":""}},"ast-content-background-meta":{"desktop":{"background-color":"var(--ast-global-color-5)","background-image":"","background-repeat":"repeat","background-position":"center center","background-size":"auto","background-attachment":"scroll","background-type":"","background-media":"","overlay-type":"","overlay-color":"","overlay-opacity":"","overlay-gradient":""},"tablet":{"background-color":"var(--ast-global-color-5)","background-image":"","background-repeat":"repeat","background-position":"center center","background-size":"auto","background-attachment":"scroll","background-type":"","background-media":"","overlay-type":"","overlay-color":"","overlay-opacity":"","overlay-gradient":""},"mobile":{"background-color":"var(--ast-global-color-5)","background-image":"","background-repeat":"repeat","background-position":"center center","background-size":"auto","background-attachment":"scroll","background-type":"","background-media":"","overlay-type":"","overlay-color":"","overlay-opacity":"","overlay-gradient":""}},"footnotes":""},"class_list":["post-5979","page","type-page","status-publish","hentry"],"yoast_head":"<!-- This site is optimized with the Yoast SEO plugin v26.4 - https:\/\/yoast.com\/wordpress\/plugins\/seo\/ -->\n<title>Declaraci\u00f3n Institucional sobre el uso de Animales de Experimentaci\u00f3n - Achucarro Basque Center for Neuroscience<\/title>\n<meta name=\"robots\" content=\"index, follow, max-snippet:-1, max-image-preview:large, max-video-preview:-1\" \/>\n<link rel=\"canonical\" href=\"https:\/\/www.achucarro.org\/es\/declaracion-institucional-sobre-uso-animales-experimentacion\/\" \/>\n<meta property=\"og:locale\" content=\"es_ES\" \/>\n<meta property=\"og:type\" content=\"article\" \/>\n<meta property=\"og:title\" content=\"Declaraci\u00f3n Institucional sobre el uso de Animales de Experimentaci\u00f3n - Achucarro Basque Center for Neuroscience\" \/>\n<meta property=\"og:description\" content=\"Declaraci\u00f3n Institucional sobre el uso de Animales de Experimentaci\u00f3n Achucarro Basque Center for Neuroscience (ACHUCARRO) se adhiere al Acuerdo de Transparencia en Experimentaci\u00f3n Animal, promovido desde la Confederaci\u00f3n de Sociedades Cient\u00edficas de Espa\u00f1a (COSCE), con la colaboraci\u00f3n de la Asociaci\u00f3n Europea para la Investigaci\u00f3n Animal (EARA), y suscrito el 20 de septiembre de 2016. Somos [&hellip;]\" \/>\n<meta property=\"og:url\" content=\"https:\/\/www.achucarro.org\/es\/declaracion-institucional-sobre-uso-animales-experimentacion\/\" \/>\n<meta property=\"og:site_name\" content=\"Achucarro Basque Center for Neuroscience\" \/>\n<meta property=\"article:modified_time\" content=\"2023-09-26T08:02:11+00:00\" \/>\n<meta property=\"og:image\" content=\"https:\/\/www.achucarro.org\/wp-content\/uploads\/2022\/05\/eara_logo.png\" \/>\n<meta name=\"twitter:card\" content=\"summary_large_image\" \/>\n<meta name=\"twitter:label1\" content=\"Tiempo de lectura\" \/>\n\t<meta name=\"twitter:data1\" content=\"3 minutos\" \/>\n<script type=\"application\/ld+json\" class=\"yoast-schema-graph\">{\"@context\":\"https:\/\/schema.org\",\"@graph\":[{\"@type\":\"WebPage\",\"@id\":\"https:\/\/www.achucarro.org\/es\/declaracion-institucional-sobre-uso-animales-experimentacion\/\",\"url\":\"https:\/\/www.achucarro.org\/es\/declaracion-institucional-sobre-uso-animales-experimentacion\/\",\"name\":\"Declaraci\u00f3n Institucional sobre el uso de Animales de Experimentaci\u00f3n - Achucarro Basque Center for Neuroscience\",\"isPartOf\":{\"@id\":\"https:\/\/www.achucarro.org\/#website\"},\"primaryImageOfPage\":{\"@id\":\"https:\/\/www.achucarro.org\/es\/declaracion-institucional-sobre-uso-animales-experimentacion\/#primaryimage\"},\"image\":{\"@id\":\"https:\/\/www.achucarro.org\/es\/declaracion-institucional-sobre-uso-animales-experimentacion\/#primaryimage\"},\"thumbnailUrl\":\"https:\/\/www.achucarro.org\/wp-content\/uploads\/2022\/05\/eara_logo.png\",\"datePublished\":\"2022-05-03T13:15:13+00:00\",\"dateModified\":\"2023-09-26T08:02:11+00:00\",\"breadcrumb\":{\"@id\":\"https:\/\/www.achucarro.org\/es\/declaracion-institucional-sobre-uso-animales-experimentacion\/#breadcrumb\"},\"inLanguage\":\"es\",\"potentialAction\":[{\"@type\":\"ReadAction\",\"target\":[\"https:\/\/www.achucarro.org\/es\/declaracion-institucional-sobre-uso-animales-experimentacion\/\"]}]},{\"@type\":\"ImageObject\",\"inLanguage\":\"es\",\"@id\":\"https:\/\/www.achucarro.org\/es\/declaracion-institucional-sobre-uso-animales-experimentacion\/#primaryimage\",\"url\":\"https:\/\/www.achucarro.org\/wp-content\/uploads\/2022\/05\/eara_logo.png\",\"contentUrl\":\"https:\/\/www.achucarro.org\/wp-content\/uploads\/2022\/05\/eara_logo.png\"},{\"@type\":\"BreadcrumbList\",\"@id\":\"https:\/\/www.achucarro.org\/es\/declaracion-institucional-sobre-uso-animales-experimentacion\/#breadcrumb\",\"itemListElement\":[{\"@type\":\"ListItem\",\"position\":1,\"name\":\"Inicio\",\"item\":\"https:\/\/www.achucarro.org\/es\/\"},{\"@type\":\"ListItem\",\"position\":2,\"name\":\"Declaraci\u00f3n Institucional sobre el uso de Animales de Experimentaci\u00f3n\"}]},{\"@type\":\"WebSite\",\"@id\":\"https:\/\/www.achucarro.org\/#website\",\"url\":\"https:\/\/www.achucarro.org\/\",\"name\":\"Achucarro Basque Center for Neuroscience\",\"description\":\"We are a fundamental research organisation centered in the study of neuron-glia interactions, in health, ageing and disease\",\"publisher\":{\"@id\":\"https:\/\/www.achucarro.org\/#organization\"},\"potentialAction\":[{\"@type\":\"SearchAction\",\"target\":{\"@type\":\"EntryPoint\",\"urlTemplate\":\"https:\/\/www.achucarro.org\/?s={search_term_string}\"},\"query-input\":{\"@type\":\"PropertyValueSpecification\",\"valueRequired\":true,\"valueName\":\"search_term_string\"}}],\"inLanguage\":\"es\"},{\"@type\":\"Organization\",\"@id\":\"https:\/\/www.achucarro.org\/#organization\",\"name\":\"Achucarro Basque Center for Neuroscience\",\"url\":\"https:\/\/www.achucarro.org\/\",\"logo\":{\"@type\":\"ImageObject\",\"inLanguage\":\"es\",\"@id\":\"https:\/\/www.achucarro.org\/#\/schema\/logo\/image\/\",\"url\":\"https:\/\/www.achucarro.org\/wp-content\/uploads\/2022\/01\/achucarro.png\",\"contentUrl\":\"https:\/\/www.achucarro.org\/wp-content\/uploads\/2022\/01\/achucarro.png\",\"width\":315,\"height\":125,\"caption\":\"Achucarro Basque Center for Neuroscience\"},\"image\":{\"@id\":\"https:\/\/www.achucarro.org\/#\/schema\/logo\/image\/\"}}]}<\/script>\n<!-- \/ Yoast SEO plugin. -->","yoast_head_json":{"title":"Declaraci\u00f3n Institucional sobre el uso de Animales de Experimentaci\u00f3n - Achucarro Basque Center for Neuroscience","robots":{"index":"index","follow":"follow","max-snippet":"max-snippet:-1","max-image-preview":"max-image-preview:large","max-video-preview":"max-video-preview:-1"},"canonical":"https:\/\/www.achucarro.org\/es\/declaracion-institucional-sobre-uso-animales-experimentacion\/","og_locale":"es_ES","og_type":"article","og_title":"Declaraci\u00f3n Institucional sobre el uso de Animales de Experimentaci\u00f3n - Achucarro Basque Center for Neuroscience","og_description":"Declaraci\u00f3n Institucional sobre el uso de Animales de Experimentaci\u00f3n Achucarro Basque Center for Neuroscience (ACHUCARRO) se adhiere al Acuerdo de Transparencia en Experimentaci\u00f3n Animal, promovido desde la Confederaci\u00f3n de Sociedades Cient\u00edficas de Espa\u00f1a (COSCE), con la colaboraci\u00f3n de la Asociaci\u00f3n Europea para la Investigaci\u00f3n Animal (EARA), y suscrito el 20 de septiembre de 2016. Somos [&hellip;]","og_url":"https:\/\/www.achucarro.org\/es\/declaracion-institucional-sobre-uso-animales-experimentacion\/","og_site_name":"Achucarro Basque Center for Neuroscience","article_modified_time":"2023-09-26T08:02:11+00:00","og_image":[{"url":"https:\/\/www.achucarro.org\/wp-content\/uploads\/2022\/05\/eara_logo.png","type":"","width":"","height":""}],"twitter_card":"summary_large_image","twitter_misc":{"Tiempo de lectura":"3 minutos"},"schema":{"@context":"https:\/\/schema.org","@graph":[{"@type":"WebPage","@id":"https:\/\/www.achucarro.org\/es\/declaracion-institucional-sobre-uso-animales-experimentacion\/","url":"https:\/\/www.achucarro.org\/es\/declaracion-institucional-sobre-uso-animales-experimentacion\/","name":"Declaraci\u00f3n Institucional sobre el uso de Animales de Experimentaci\u00f3n - Achucarro Basque Center for Neuroscience","isPartOf":{"@id":"https:\/\/www.achucarro.org\/#website"},"primaryImageOfPage":{"@id":"https:\/\/www.achucarro.org\/es\/declaracion-institucional-sobre-uso-animales-experimentacion\/#primaryimage"},"image":{"@id":"https:\/\/www.achucarro.org\/es\/declaracion-institucional-sobre-uso-animales-experimentacion\/#primaryimage"},"thumbnailUrl":"https:\/\/www.achucarro.org\/wp-content\/uploads\/2022\/05\/eara_logo.png","datePublished":"2022-05-03T13:15:13+00:00","dateModified":"2023-09-26T08:02:11+00:00","breadcrumb":{"@id":"https:\/\/www.achucarro.org\/es\/declaracion-institucional-sobre-uso-animales-experimentacion\/#breadcrumb"},"inLanguage":"es","potentialAction":[{"@type":"ReadAction","target":["https:\/\/www.achucarro.org\/es\/declaracion-institucional-sobre-uso-animales-experimentacion\/"]}]},{"@type":"ImageObject","inLanguage":"es","@id":"https:\/\/www.achucarro.org\/es\/declaracion-institucional-sobre-uso-animales-experimentacion\/#primaryimage","url":"https:\/\/www.achucarro.org\/wp-content\/uploads\/2022\/05\/eara_logo.png","contentUrl":"https:\/\/www.achucarro.org\/wp-content\/uploads\/2022\/05\/eara_logo.png"},{"@type":"BreadcrumbList","@id":"https:\/\/www.achucarro.org\/es\/declaracion-institucional-sobre-uso-animales-experimentacion\/#breadcrumb","itemListElement":[{"@type":"ListItem","position":1,"name":"Inicio","item":"https:\/\/www.achucarro.org\/es\/"},{"@type":"ListItem","position":2,"name":"Declaraci\u00f3n Institucional sobre el uso de Animales de Experimentaci\u00f3n"}]},{"@type":"WebSite","@id":"https:\/\/www.achucarro.org\/#website","url":"https:\/\/www.achucarro.org\/","name":"Achucarro Basque Center for Neuroscience","description":"We are a fundamental research organisation centered in the study of neuron-glia interactions, in health, ageing and disease","publisher":{"@id":"https:\/\/www.achucarro.org\/#organization"},"potentialAction":[{"@type":"SearchAction","target":{"@type":"EntryPoint","urlTemplate":"https:\/\/www.achucarro.org\/?s={search_term_string}"},"query-input":{"@type":"PropertyValueSpecification","valueRequired":true,"valueName":"search_term_string"}}],"inLanguage":"es"},{"@type":"Organization","@id":"https:\/\/www.achucarro.org\/#organization","name":"Achucarro Basque Center for Neuroscience","url":"https:\/\/www.achucarro.org\/","logo":{"@type":"ImageObject","inLanguage":"es","@id":"https:\/\/www.achucarro.org\/#\/schema\/logo\/image\/","url":"https:\/\/www.achucarro.org\/wp-content\/uploads\/2022\/01\/achucarro.png","contentUrl":"https:\/\/www.achucarro.org\/wp-content\/uploads\/2022\/01\/achucarro.png","width":315,"height":125,"caption":"Achucarro Basque Center for Neuroscience"},"image":{"@id":"https:\/\/www.achucarro.org\/#\/schema\/logo\/image\/"}}]}},"_links":{"self":[{"href":"https:\/\/www.achucarro.org\/es\/wp-json\/wp\/v2\/pages\/5979","targetHints":{"allow":["GET"]}}],"collection":[{"href":"https:\/\/www.achucarro.org\/es\/wp-json\/wp\/v2\/pages"}],"about":[{"href":"https:\/\/www.achucarro.org\/es\/wp-json\/wp\/v2\/types\/page"}],"author":[{"embeddable":true,"href":"https:\/\/www.achucarro.org\/es\/wp-json\/wp\/v2\/users\/1"}],"replies":[{"embeddable":true,"href":"https:\/\/www.achucarro.org\/es\/wp-json\/wp\/v2\/comments?post=5979"}],"version-history":[{"count":2,"href":"https:\/\/www.achucarro.org\/es\/wp-json\/wp\/v2\/pages\/5979\/revisions"}],"predecessor-version":[{"id":15925,"href":"https:\/\/www.achucarro.org\/es\/wp-json\/wp\/v2\/pages\/5979\/revisions\/15925"}],"wp:attachment":[{"href":"https:\/\/www.achucarro.org\/es\/wp-json\/wp\/v2\/media?parent=5979"}],"curies":[{"name":"wp","href":"https:\/\/api.w.org\/{rel}","templated":true}]}}