{"id":5955,"date":"2022-07-08T11:03:56","date_gmt":"2022-07-08T11:03:56","guid":{"rendered":"https:\/\/www.achucarro.org\/contractor-profile\/allocated-tenders\/"},"modified":"2022-07-08T11:03:56","modified_gmt":"2022-07-08T11:03:56","slug":"allocated-tenders","status":"publish","type":"page","link":"https:\/\/www.achucarro.org\/es\/perfil-de-contratacion\/allocated-tenders\/","title":{"rendered":"Allocated Tenders"},"content":{"rendered":"\t\t<div data-elementor-type=\"wp-page\" data-elementor-id=\"5955\" class=\"elementor elementor-5955 elementor-5627\">\n\t\t\t\t\t\t<section class=\"elementor-section elementor-top-section elementor-element elementor-element-09e53e6 elementor-section-boxed elementor-section-height-default elementor-section-height-default\" data-id=\"09e53e6\" data-element_type=\"section\">\n\t\t\t\t\t\t<div class=\"elementor-container elementor-column-gap-default\">\n\t\t\t\t\t<div class=\"elementor-column elementor-col-100 elementor-top-column elementor-element elementor-element-612c4c5\" data-id=\"612c4c5\" data-element_type=\"column\">\n\t\t\t<div class=\"elementor-widget-wrap elementor-element-populated\">\n\t\t\t\t\t\t<div class=\"elementor-element elementor-element-83f9ffe elementor-widget elementor-widget-heading\" data-id=\"83f9ffe\" data-element_type=\"widget\" data-widget_type=\"heading.default\">\n\t\t\t\t<div class=\"elementor-widget-container\">\n\t\t\t\t\t<h2 class=\"elementor-heading-title elementor-size-default\">Allocated Tenders<\/h2>\t\t\t\t<\/div>\n\t\t\t\t<\/div>\n\t\t\t\t\t<\/div>\n\t\t<\/div>\n\t\t\t\t\t<\/div>\n\t\t<\/section>\n\t\t\t\t<section class=\"elementor-section elementor-top-section elementor-element elementor-element-f5bbfee elementor-section-boxed elementor-section-height-default elementor-section-height-default\" data-id=\"f5bbfee\" data-element_type=\"section\">\n\t\t\t\t\t\t<div class=\"elementor-container elementor-column-gap-default\">\n\t\t\t\t\t<div class=\"elementor-column elementor-col-100 elementor-top-column elementor-element elementor-element-b6f449a\" data-id=\"b6f449a\" data-element_type=\"column\">\n\t\t\t<div class=\"elementor-widget-wrap elementor-element-populated\">\n\t\t\t\t\t\t<div class=\"elementor-element elementor-element-7f3b0de elementor-widget elementor-widget-text-editor\" data-id=\"7f3b0de\" data-element_type=\"widget\" data-widget_type=\"text-editor.default\">\n\t\t\t\t<div class=\"elementor-widget-container\">\n\t\t\t\t\t\t\t\t\t<ul>\n    <li><a class=\"anuncio\"\n            href=\"https:\/\/apps.euskadi.eus\/w32-1084\/es\/contenidos\/anuncio_contratacion\/expjaso21425\/es_doc\/es_arch_expjaso21425.html?ruta=\/w32-1084\/es\/v79aWar\/comunJSP\/v79aSubmitBuscarAnuncioFiltro.do?origenSubHome=busquedaPersonalizada\"\n            target=\"_blank\" rel=\"noopener\">2019-02-PROYECTOS. CONTRATO DEL SERVICIO DE APOYO A LA GESTI\u00d3N DE\n            SUBVENCIONES Y PROYECTOS MEDIANTE PROCEDIMIENTO ABIERTO<\/a>\n        <br>\n        Deadline\/Plazo: 2019-06-27\n        <br>Awarded\n        contractors\/Empresa adjudicataria:\u00a0<em>Innarima Consulting SL<\/em>\n    <\/li>\n    <li><a class=\"anuncio\" href=\"\/wp-content\/uploads\/2022\/07\/Anuncio_adjudicacion_contrato_2019-01-SEGUROS.pdf\"\n            target=\"_blank\" rel=\"noopener\">2019-01-SEGUROS, CONTRATO DEL SERVICIO DE SEGUROS PRIVADOS MEDIANTE\n            PROCEDIMIENTO ABIERTO<\/a>\n        <br>\n        Deadline\/Plazo: 2019-03-26 @ 10.00\n        <br>Awarded contractors\/Empresas\n        adjudicatarias:\u00a0<em>AXA, MAPFRE<\/em>\n    <\/li>\n    <li><a class=\"anuncio\" href=\"\/wp-content\/uploads\/2022\/07\/Anuncio_adjudicacion_contrato-2018-03-HCS.pdf\"\n            target=\"_blank\" rel=\"noopener\">2018-03-HCS Contrato de Suministro mediante procedimiento abierto equipo para\n            &#8216;High-Content Screening&#8217; (HCS)<\/a>\n        <br>\n        Deadline\/Plazo: 2018-10-29 @ 17.00\n        <br>Awarded contractor\/Empresa\n        adjudicataria:\u00a0<em>Life Technologies SA<\/em>\n    <\/li>\n    <li><a class=\"anuncio\" href=\"\/wp-content\/uploads\/2022\/07\/2018-02-Slidescanner-Anuncio_adjudicacion.pdf\"\n            target=\"_blank\" rel=\"noopener\">2018-02-SLIDESCANNER Contrato de suministro, instalaci\u00f3n y puesta en\n            funcionamiento de un equipo denominado &#8216;Slide scanner&#8217; o esc\u00e1ner de placas portaobjetos<\/a>\n        <br>\n        Deadline\/Plazo:\n        2018-10-19 @ 17.00\n        <br>Awarded contractor\/Empresa adjudicataria: Sysmex Espa\u00f1a SL\n    <\/li>\n    <li><a class=\"anuncio\"\n            href=\"https:\/\/apps.euskadi.eus\/w32-1084\/es\/contenidos\/anuncio_contratacion\/expjaso11390\/es_doc\/es_arch_expjaso11390.html?ruta=\/w32-1081\/es\/v79aWar\/comunJSP\/v79aInicioHome.do\"\n            target=\"_blank\" rel=\"noopener\">2018-01-LABMAT Acuerdo marco de suministro de material de\n            laboratorio<\/a>\n        <br>\n        Deadline\/Plazo: 2018-08-10 @ 17.00Estado: Renuncia\/Desestimiento\n    <\/li>\n    <li><a class=\"anuncio\" href=\"\/wp-content\/uploads\/2022\/07\/Anuncio_adjudicacion_2016-002_Mob_laboratorio.pdf\"\n            target=\"_blank\" rel=\"noopener\">2016-002 Mobiliario y equipamiento de laboratorio<\/a>\n        <br>\n        Deadline\/Plazo:\n        2016-08-10 @ 12.00\n        <br>Awarded contractor\/Empresa adjudicataria: Burdinola, S. Coop.\n    <\/li>\n    <li><a class=\"anuncio\" href=\"\/wp-content\/uploads\/2022\/07\/Anuncio_adjudicacion_contrato_2016-001_Ephys-setup.pdf\"\n            target=\"_blank\" rel=\"noopener\"><em>2016-001 Electrophysiology setup<\/em><\/a>\n        <br>\n        Deadline\/Plazo: 2015-05-30 @\n        15.00\n        <br>Awarded contractor\/Empresa adjudicataria: Micro Control Instruments Ltd\n    <\/li>\n    <li><em><a class=\"anuncio\" href=\"\/wp-content\/uploads\/2022\/07\/Anuncio_adjudicacion_contrato_2015-004_2p.pdf\"\n                target=\"_blank\" rel=\"noopener\">2015-004 Two Photon Microscope<\/a><\/em>\n        <br>\n        Deadline\/Plazo: 2015-11-09 @\n        15.00\n        <br>Awarded contractor\/Empresa adjudicataria: Femtonics Ltd\n    <\/li>\n    <li><em><em><a class=\"anuncio\" href=\"\/wp-content\/uploads\/2022\/07\/Anuncio_2015-003_Ultramicrotomo.pdf\"\n                    target=\"_blank\" rel=\"noopener\">2015-003 Ultramicrotomo<\/a><\/em><\/em>\n        <br>\n        Deadline\/Plazo: 2015-07-02 @\n        12.00 CET\n        <br>Awarded contractor\/Empresa adjudicataria: IZASA Scientific SLU\n    <\/li>\n    <li><em><em><a class=\"anuncio\" href=\"\/wp-content\/uploads\/2022\/07\/Anuncio_2015-002_Apotome2.pdf\" target=\"_blank\"\n                    rel=\"noopener\">2015-002 Actualizaci\u00f3n a Apotome2 de un sistema\n                    Apotome<\/a><\/em><\/em><em>\n            <br>\n            Deadline\/Plazo: 2015-06-25 @ 12.00 CET<\/em>\n        <br>Awarded contractor\/Empresa\n        adjudicataria: Carl Zeiss Iberia SL\n    <\/li>\n    <li><em><em><a class=\"anuncio\" href=\"\/wp-content\/uploads\/2022\/07\/Anuncio_2015-001_Cromatografo.pdf\" target=\"_blank\"\n                    rel=\"noopener\">2015-001 Sistema autom\u00e1tico de cromatograf\u00eda l\u00edquida<\/a><\/em><\/em><em>\n            <br>\n            Deadline\/Plazo:\n            2015-06-19 @ 12.00 CET<\/em>\n        <br>Awarded contractor\/Empresa adjudicataria: Teknovas SA\n    <\/li>\n    <li><em><em>2014-002 Upgrade Gated STED<\/em><\/em>\n        <br>\n        Deadline\/Plazo: 2014-10-20 @ 12.00 CET\n        <br>Awarded contractor\/Empresa\n        adjudicataria: Leica Microsistemas SLU\n    <\/li>\n    <li><em><em><a class=\"anuncio\"\n                    href=\"\/wp-content\/uploads\/2022\/07\/Anuncio_2014-001_adjudicacionAnalizadorFlujoExtracelular.pdf\"\n                    target=\"_blank\" rel=\"noopener\">2014-001 Suministro de un Analizador Metab\u00f3lico de Flujo\n                    Extracelular<\/a><\/em><\/em>\n        <br>\n        Deadline\/Plazo: 2014-10-20 @ 12.00 CET\n        <br>Awarded contractor\/Empresa\n        adjudicataria: Izasa Distribuciones T\u00e9cnicas SA\n    <\/li>\n    <li><em>2013-002 Adquisici\u00f3n de un l\u00e1ser UV para un microscopio \u00abLeica TCS STED SP8\u00bb<\/em>\n        <br>\n        Deadline\/Plazo: 2013-10-21\n        @ 12.00 CET\n        <br>Awarded contractor\/Empresa adjudicataria: Leica Microsistemas SLU\n    <\/li>\n    <li><a class=\"anuncio\" href=\"\/wp-content\/uploads\/2022\/07\/Anuncio_2013-001_adjudicacion_FACS.pdf\" target=\"_blank\"\n            rel=\"noopener\"><em>2013-001 Adquisici\u00f3n de un equipo de selecci\u00f3n y an\u00e1lisis\n                celular<\/em><\/a>\n        <br>\n        Deadline\/Plazo: 2013-10-21 @ 12.00 CET\n        <br>Awarded contractor\/Empresa adjudicataria: Becton\n        Dickinson SA\n    <\/li>\n    <li><a class=\"anuncio\" href=\"\/wp-content\/uploads\/2022\/07\/Anuncio_2012-001_adjudicacion_contrato_Microscopio.pdf\"\n            target=\"_blank\" rel=\"noopener\"><em>2012-001 Microscopia de super-resolucion<\/em><\/a>\n        <br>\n        Deadline\/Plazo:\n        2012-05-25 @ 12.00 CET\n        <br>Awarded contractor\/Empresa adjudicataria: Leica Microsistemas SLU\n    <\/li>\n<\/ul>\t\t\t\t\t\t\t\t<\/div>\n\t\t\t\t<\/div>\n\t\t\t\t\t<\/div>\n\t\t<\/div>\n\t\t\t\t\t<\/div>\n\t\t<\/section>\n\t\t\t\t<\/div>\n\t\t","protected":false},"excerpt":{"rendered":"<p>Allocated Tenders 2019-02-PROYECTOS. CONTRATO DEL SERVICIO DE APOYO A LA GESTI\u00d3N DE SUBVENCIONES Y PROYECTOS MEDIANTE PROCEDIMIENTO ABIERTO Deadline\/Plazo: 2019-06-27 Awarded contractors\/Empresa adjudicataria:&nbsp;Innarima Consulting SL 2019-01-SEGUROS, CONTRATO DEL SERVICIO DE SEGUROS PRIVADOS MEDIANTE PROCEDIMIENTO ABIERTO Deadline\/Plazo: 2019-03-26 @ 10.00 Awarded contractors\/Empresas adjudicatarias:&nbsp;AXA, MAPFRE 2018-03-HCS Contrato de Suministro mediante procedimiento abierto equipo para &#8216;High-Content Screening&#8217; (HCS) [&hellip;]<\/p>\n","protected":false},"author":1,"featured_media":0,"parent":5951,"menu_order":0,"comment_status":"closed","ping_status":"closed","template":"elementor_header_footer","meta":{"site-sidebar-layout":"default","site-content-layout":"default","ast-site-content-layout":"default","site-content-style":"default","site-sidebar-style":"default","ast-global-header-display":"","ast-banner-title-visibility":"","ast-main-header-display":"","ast-hfb-above-header-display":"","ast-hfb-below-header-display":"","ast-hfb-mobile-header-display":"","site-post-title":"disabled","ast-breadcrumbs-content":"","ast-featured-img":"disabled","footer-sml-layout":"","theme-transparent-header-meta":"","adv-header-id-meta":"","stick-header-meta":"","header-above-stick-meta":"","header-main-stick-meta":"","header-below-stick-meta":"","astra-migrate-meta-layouts":"default","ast-page-background-enabled":"default","ast-page-background-meta":{"desktop":{"background-color":"var(--ast-global-color-4)","background-image":"","background-repeat":"repeat","background-position":"center center","background-size":"auto","background-attachment":"scroll","background-type":"","background-media":"","overlay-type":"","overlay-color":"","overlay-opacity":"","overlay-gradient":""},"tablet":{"background-color":"","background-image":"","background-repeat":"repeat","background-position":"center center","background-size":"auto","background-attachment":"scroll","background-type":"","background-media":"","overlay-type":"","overlay-color":"","overlay-opacity":"","overlay-gradient":""},"mobile":{"background-color":"","background-image":"","background-repeat":"repeat","background-position":"center center","background-size":"auto","background-attachment":"scroll","background-type":"","background-media":"","overlay-type":"","overlay-color":"","overlay-opacity":"","overlay-gradient":""}},"ast-content-background-meta":{"desktop":{"background-color":"var(--ast-global-color-5)","background-image":"","background-repeat":"repeat","background-position":"center center","background-size":"auto","background-attachment":"scroll","background-type":"","background-media":"","overlay-type":"","overlay-color":"","overlay-opacity":"","overlay-gradient":""},"tablet":{"background-color":"var(--ast-global-color-5)","background-image":"","background-repeat":"repeat","background-position":"center center","background-size":"auto","background-attachment":"scroll","background-type":"","background-media":"","overlay-type":"","overlay-color":"","overlay-opacity":"","overlay-gradient":""},"mobile":{"background-color":"var(--ast-global-color-5)","background-image":"","background-repeat":"repeat","background-position":"center center","background-size":"auto","background-attachment":"scroll","background-type":"","background-media":"","overlay-type":"","overlay-color":"","overlay-opacity":"","overlay-gradient":""}},"footnotes":""},"class_list":["post-5955","page","type-page","status-publish","hentry"],"yoast_head":"<!-- This site is optimized with the Yoast SEO plugin v26.4 - https:\/\/yoast.com\/wordpress\/plugins\/seo\/ -->\n<title>Allocated Tenders - Achucarro Basque Center for Neuroscience<\/title>\n<meta name=\"robots\" content=\"index, follow, max-snippet:-1, max-image-preview:large, max-video-preview:-1\" \/>\n<link rel=\"canonical\" href=\"https:\/\/www.achucarro.org\/es\/perfil-de-contratacion\/allocated-tenders\/\" \/>\n<meta property=\"og:locale\" content=\"es_ES\" \/>\n<meta property=\"og:type\" content=\"article\" \/>\n<meta property=\"og:title\" content=\"Allocated Tenders - Achucarro Basque Center for Neuroscience\" \/>\n<meta property=\"og:description\" content=\"Allocated Tenders 2019-02-PROYECTOS. CONTRATO DEL SERVICIO DE APOYO A LA GESTI\u00d3N DE SUBVENCIONES Y PROYECTOS MEDIANTE PROCEDIMIENTO ABIERTO Deadline\/Plazo: 2019-06-27 Awarded contractors\/Empresa adjudicataria:&nbsp;Innarima Consulting SL 2019-01-SEGUROS, CONTRATO DEL SERVICIO DE SEGUROS PRIVADOS MEDIANTE PROCEDIMIENTO ABIERTO Deadline\/Plazo: 2019-03-26 @ 10.00 Awarded contractors\/Empresas adjudicatarias:&nbsp;AXA, MAPFRE 2018-03-HCS Contrato de Suministro mediante procedimiento abierto equipo para &#8216;High-Content Screening&#8217; (HCS) [&hellip;]\" \/>\n<meta property=\"og:url\" content=\"https:\/\/www.achucarro.org\/es\/perfil-de-contratacion\/allocated-tenders\/\" \/>\n<meta property=\"og:site_name\" content=\"Achucarro Basque Center for Neuroscience\" \/>\n<meta name=\"twitter:card\" content=\"summary_large_image\" \/>\n<meta name=\"twitter:label1\" content=\"Tiempo de lectura\" \/>\n\t<meta name=\"twitter:data1\" content=\"2 minutos\" \/>\n<script type=\"application\/ld+json\" class=\"yoast-schema-graph\">{\"@context\":\"https:\/\/schema.org\",\"@graph\":[{\"@type\":\"WebPage\",\"@id\":\"https:\/\/www.achucarro.org\/es\/perfil-de-contratacion\/allocated-tenders\/\",\"url\":\"https:\/\/www.achucarro.org\/es\/perfil-de-contratacion\/allocated-tenders\/\",\"name\":\"Allocated Tenders - Achucarro Basque Center for Neuroscience\",\"isPartOf\":{\"@id\":\"https:\/\/www.achucarro.org\/#website\"},\"datePublished\":\"2022-07-08T11:03:56+00:00\",\"breadcrumb\":{\"@id\":\"https:\/\/www.achucarro.org\/es\/perfil-de-contratacion\/allocated-tenders\/#breadcrumb\"},\"inLanguage\":\"es\",\"potentialAction\":[{\"@type\":\"ReadAction\",\"target\":[\"https:\/\/www.achucarro.org\/es\/perfil-de-contratacion\/allocated-tenders\/\"]}]},{\"@type\":\"BreadcrumbList\",\"@id\":\"https:\/\/www.achucarro.org\/es\/perfil-de-contratacion\/allocated-tenders\/#breadcrumb\",\"itemListElement\":[{\"@type\":\"ListItem\",\"position\":1,\"name\":\"Inicio\",\"item\":\"https:\/\/www.achucarro.org\/es\/\"},{\"@type\":\"ListItem\",\"position\":2,\"name\":\"Perfil de Contrataci\u00f3n\",\"item\":\"https:\/\/www.achucarro.org\/es\/perfil-de-contratacion\/\"},{\"@type\":\"ListItem\",\"position\":3,\"name\":\"Allocated Tenders\"}]},{\"@type\":\"WebSite\",\"@id\":\"https:\/\/www.achucarro.org\/#website\",\"url\":\"https:\/\/www.achucarro.org\/\",\"name\":\"Achucarro Basque Center for Neuroscience\",\"description\":\"We are a fundamental research organisation centered in the study of neuron-glia interactions, in health, ageing and disease\",\"publisher\":{\"@id\":\"https:\/\/www.achucarro.org\/#organization\"},\"potentialAction\":[{\"@type\":\"SearchAction\",\"target\":{\"@type\":\"EntryPoint\",\"urlTemplate\":\"https:\/\/www.achucarro.org\/?s={search_term_string}\"},\"query-input\":{\"@type\":\"PropertyValueSpecification\",\"valueRequired\":true,\"valueName\":\"search_term_string\"}}],\"inLanguage\":\"es\"},{\"@type\":\"Organization\",\"@id\":\"https:\/\/www.achucarro.org\/#organization\",\"name\":\"Achucarro Basque Center for Neuroscience\",\"url\":\"https:\/\/www.achucarro.org\/\",\"logo\":{\"@type\":\"ImageObject\",\"inLanguage\":\"es\",\"@id\":\"https:\/\/www.achucarro.org\/#\/schema\/logo\/image\/\",\"url\":\"https:\/\/www.achucarro.org\/wp-content\/uploads\/2022\/01\/achucarro.png\",\"contentUrl\":\"https:\/\/www.achucarro.org\/wp-content\/uploads\/2022\/01\/achucarro.png\",\"width\":315,\"height\":125,\"caption\":\"Achucarro Basque Center for Neuroscience\"},\"image\":{\"@id\":\"https:\/\/www.achucarro.org\/#\/schema\/logo\/image\/\"}}]}<\/script>\n<!-- \/ Yoast SEO plugin. -->","yoast_head_json":{"title":"Allocated Tenders - Achucarro Basque Center for Neuroscience","robots":{"index":"index","follow":"follow","max-snippet":"max-snippet:-1","max-image-preview":"max-image-preview:large","max-video-preview":"max-video-preview:-1"},"canonical":"https:\/\/www.achucarro.org\/es\/perfil-de-contratacion\/allocated-tenders\/","og_locale":"es_ES","og_type":"article","og_title":"Allocated Tenders - Achucarro Basque Center for Neuroscience","og_description":"Allocated Tenders 2019-02-PROYECTOS. CONTRATO DEL SERVICIO DE APOYO A LA GESTI\u00d3N DE SUBVENCIONES Y PROYECTOS MEDIANTE PROCEDIMIENTO ABIERTO Deadline\/Plazo: 2019-06-27 Awarded contractors\/Empresa adjudicataria:&nbsp;Innarima Consulting SL 2019-01-SEGUROS, CONTRATO DEL SERVICIO DE SEGUROS PRIVADOS MEDIANTE PROCEDIMIENTO ABIERTO Deadline\/Plazo: 2019-03-26 @ 10.00 Awarded contractors\/Empresas adjudicatarias:&nbsp;AXA, MAPFRE 2018-03-HCS Contrato de Suministro mediante procedimiento abierto equipo para &#8216;High-Content Screening&#8217; (HCS) [&hellip;]","og_url":"https:\/\/www.achucarro.org\/es\/perfil-de-contratacion\/allocated-tenders\/","og_site_name":"Achucarro Basque Center for Neuroscience","twitter_card":"summary_large_image","twitter_misc":{"Tiempo de lectura":"2 minutos"},"schema":{"@context":"https:\/\/schema.org","@graph":[{"@type":"WebPage","@id":"https:\/\/www.achucarro.org\/es\/perfil-de-contratacion\/allocated-tenders\/","url":"https:\/\/www.achucarro.org\/es\/perfil-de-contratacion\/allocated-tenders\/","name":"Allocated Tenders - Achucarro Basque Center for Neuroscience","isPartOf":{"@id":"https:\/\/www.achucarro.org\/#website"},"datePublished":"2022-07-08T11:03:56+00:00","breadcrumb":{"@id":"https:\/\/www.achucarro.org\/es\/perfil-de-contratacion\/allocated-tenders\/#breadcrumb"},"inLanguage":"es","potentialAction":[{"@type":"ReadAction","target":["https:\/\/www.achucarro.org\/es\/perfil-de-contratacion\/allocated-tenders\/"]}]},{"@type":"BreadcrumbList","@id":"https:\/\/www.achucarro.org\/es\/perfil-de-contratacion\/allocated-tenders\/#breadcrumb","itemListElement":[{"@type":"ListItem","position":1,"name":"Inicio","item":"https:\/\/www.achucarro.org\/es\/"},{"@type":"ListItem","position":2,"name":"Perfil de Contrataci\u00f3n","item":"https:\/\/www.achucarro.org\/es\/perfil-de-contratacion\/"},{"@type":"ListItem","position":3,"name":"Allocated Tenders"}]},{"@type":"WebSite","@id":"https:\/\/www.achucarro.org\/#website","url":"https:\/\/www.achucarro.org\/","name":"Achucarro Basque Center for Neuroscience","description":"We are a fundamental research organisation centered in the study of neuron-glia interactions, in health, ageing and disease","publisher":{"@id":"https:\/\/www.achucarro.org\/#organization"},"potentialAction":[{"@type":"SearchAction","target":{"@type":"EntryPoint","urlTemplate":"https:\/\/www.achucarro.org\/?s={search_term_string}"},"query-input":{"@type":"PropertyValueSpecification","valueRequired":true,"valueName":"search_term_string"}}],"inLanguage":"es"},{"@type":"Organization","@id":"https:\/\/www.achucarro.org\/#organization","name":"Achucarro Basque Center for Neuroscience","url":"https:\/\/www.achucarro.org\/","logo":{"@type":"ImageObject","inLanguage":"es","@id":"https:\/\/www.achucarro.org\/#\/schema\/logo\/image\/","url":"https:\/\/www.achucarro.org\/wp-content\/uploads\/2022\/01\/achucarro.png","contentUrl":"https:\/\/www.achucarro.org\/wp-content\/uploads\/2022\/01\/achucarro.png","width":315,"height":125,"caption":"Achucarro Basque Center for Neuroscience"},"image":{"@id":"https:\/\/www.achucarro.org\/#\/schema\/logo\/image\/"}}]}},"_links":{"self":[{"href":"https:\/\/www.achucarro.org\/es\/wp-json\/wp\/v2\/pages\/5955","targetHints":{"allow":["GET"]}}],"collection":[{"href":"https:\/\/www.achucarro.org\/es\/wp-json\/wp\/v2\/pages"}],"about":[{"href":"https:\/\/www.achucarro.org\/es\/wp-json\/wp\/v2\/types\/page"}],"author":[{"embeddable":true,"href":"https:\/\/www.achucarro.org\/es\/wp-json\/wp\/v2\/users\/1"}],"replies":[{"embeddable":true,"href":"https:\/\/www.achucarro.org\/es\/wp-json\/wp\/v2\/comments?post=5955"}],"version-history":[{"count":0,"href":"https:\/\/www.achucarro.org\/es\/wp-json\/wp\/v2\/pages\/5955\/revisions"}],"up":[{"embeddable":true,"href":"https:\/\/www.achucarro.org\/es\/wp-json\/wp\/v2\/pages\/5951"}],"wp:attachment":[{"href":"https:\/\/www.achucarro.org\/es\/wp-json\/wp\/v2\/media?parent=5955"}],"curies":[{"name":"wp","href":"https:\/\/api.w.org\/{rel}","templated":true}]}}