{"id":5951,"date":"2022-04-28T14:40:54","date_gmt":"2022-04-28T12:40:54","guid":{"rendered":"https:\/\/www.achucarro.org\/contractor-profile\/"},"modified":"2022-07-28T10:11:06","modified_gmt":"2022-07-28T08:11:06","slug":"perfil-de-contratacion","status":"publish","type":"page","link":"https:\/\/www.achucarro.org\/es\/perfil-de-contratacion\/","title":{"rendered":"Perfil de Contrataci\u00f3n"},"content":{"rendered":"\t\t<div data-elementor-type=\"wp-page\" data-elementor-id=\"5951\" class=\"elementor elementor-5951 elementor-2168\">\n\t\t\t\t\t\t<section class=\"elementor-section elementor-top-section elementor-element elementor-element-b060cbb elementor-section-boxed elementor-section-height-default elementor-section-height-default\" data-id=\"b060cbb\" data-element_type=\"section\" data-e-type=\"section\">\n\t\t\t\t\t\t<div class=\"elementor-container elementor-column-gap-default\">\n\t\t\t\t\t<div class=\"elementor-column elementor-col-100 elementor-top-column elementor-element elementor-element-0f2c928\" data-id=\"0f2c928\" data-element_type=\"column\" data-e-type=\"column\">\n\t\t\t<div class=\"elementor-widget-wrap elementor-element-populated\">\n\t\t\t\t\t\t<div class=\"elementor-element elementor-element-d7f30b9 elementor-widget elementor-widget-heading\" data-id=\"d7f30b9\" data-element_type=\"widget\" data-e-type=\"widget\" data-widget_type=\"heading.default\">\n\t\t\t\t<div class=\"elementor-widget-container\">\n\t\t\t\t\t<h2 class=\"elementor-heading-title elementor-size-default\">Perfil de Contrataci\u00f3n<\/h2>\t\t\t\t<\/div>\n\t\t\t\t<\/div>\n\t\t\t\t\t<\/div>\n\t\t<\/div>\n\t\t\t\t\t<\/div>\n\t\t<\/section>\n\t\t\t\t<section class=\"elementor-section elementor-top-section elementor-element elementor-element-e29c3ca elementor-section-boxed elementor-section-height-default elementor-section-height-default\" data-id=\"e29c3ca\" data-element_type=\"section\" data-e-type=\"section\">\n\t\t\t\t\t\t<div class=\"elementor-container elementor-column-gap-default\">\n\t\t\t\t\t<div class=\"elementor-column elementor-col-100 elementor-top-column elementor-element elementor-element-d07f21e\" data-id=\"d07f21e\" data-element_type=\"column\" data-e-type=\"column\" data-settings=\"{&quot;background_background&quot;:&quot;classic&quot;}\">\n\t\t\t<div class=\"elementor-widget-wrap elementor-element-populated\">\n\t\t\t\t\t\t<div class=\"elementor-element elementor-element-35b91e7 elementor-position-inline-start elementor-view-default elementor-mobile-position-block-start elementor-widget elementor-widget-icon-box\" data-id=\"35b91e7\" data-element_type=\"widget\" data-e-type=\"widget\" data-widget_type=\"icon-box.default\">\n\t\t\t\t<div class=\"elementor-widget-container\">\n\t\t\t\t\t\t\t<div class=\"elementor-icon-box-wrapper\">\n\n\t\t\t\t\t\t<div class=\"elementor-icon-box-icon\">\n\t\t\t\t<span  class=\"elementor-icon\">\n\t\t\t\t<i aria-hidden=\"true\" class=\"fas fa-info-circle\"><\/i>\t\t\t\t<\/span>\n\t\t\t<\/div>\n\t\t\t\n\t\t\t\t\t\t<div class=\"elementor-icon-box-content\">\n\n\t\t\t\t\t\t\t\t\t<span class=\"elementor-icon-box-title\">\n\t\t\t\t\t\t<span  >\n\t\t\t\t\t\t\tMarco para la Contrataci\u00f3n\t\t\t\t\t\t<\/span>\n\t\t\t\t\t<\/span>\n\t\t\t\t\n\t\t\t\t\t\t\t\t\t<p class=\"elementor-icon-box-description\">\n\t\t\t\t\t\t<a href=\"https:\/\/www.contratacion.euskadi.eus\/inicio\/\">Plataforma de Contrataci\u00f3n P\u00fablica<\/a>\t\t\t\t\t<\/p>\n\t\t\t\t\n\t\t\t<\/div>\n\t\t\t\n\t\t<\/div>\n\t\t\t\t\t\t<\/div>\n\t\t\t\t<\/div>\n\t\t\t\t\t<\/div>\n\t\t<\/div>\n\t\t\t\t\t<\/div>\n\t\t<\/section>\n\t\t\t\t<section class=\"elementor-section elementor-top-section elementor-element elementor-element-655039e elementor-section-boxed elementor-section-height-default elementor-section-height-default\" data-id=\"655039e\" data-element_type=\"section\" data-e-type=\"section\">\n\t\t\t\t\t\t<div class=\"elementor-container elementor-column-gap-default\">\n\t\t\t\t\t<div class=\"elementor-column elementor-col-100 elementor-top-column elementor-element elementor-element-093eae3\" data-id=\"093eae3\" data-element_type=\"column\" data-e-type=\"column\" data-settings=\"{&quot;background_background&quot;:&quot;classic&quot;}\">\n\t\t\t<div class=\"elementor-widget-wrap elementor-element-populated\">\n\t\t\t\t\t\t<div class=\"elementor-element elementor-element-4954da4 elementor-position-inline-start elementor-view-default elementor-mobile-position-block-start elementor-widget elementor-widget-icon-box\" data-id=\"4954da4\" data-element_type=\"widget\" data-e-type=\"widget\" data-widget_type=\"icon-box.default\">\n\t\t\t\t<div class=\"elementor-widget-container\">\n\t\t\t\t\t\t\t<div class=\"elementor-icon-box-wrapper\">\n\n\t\t\t\t\t\t<div class=\"elementor-icon-box-icon\">\n\t\t\t\t<span  class=\"elementor-icon\">\n\t\t\t\t<i aria-hidden=\"true\" class=\"fas fa-question-circle\"><\/i>\t\t\t\t<\/span>\n\t\t\t<\/div>\n\t\t\t\n\t\t\t\t\t\t<div class=\"elementor-icon-box-content\">\n\n\t\t\t\t\t\t\t\t\t<span class=\"elementor-icon-box-title\">\n\t\t\t\t\t\t<span  >\n\t\t\t\t\t\t\tLicitaciones en curso\t\t\t\t\t\t<\/span>\n\t\t\t\t\t<\/span>\n\t\t\t\t\n\t\t\t\t\t\t\t\t\t<p class=\"elementor-icon-box-description\">\n\t\t\t\t\t\t<a href=\"https:\/\/www.achucarro.org\/contractor-profile\/advertisements\">Ver anuncios<\/a>\t\t\t\t\t<\/p>\n\t\t\t\t\n\t\t\t<\/div>\n\t\t\t\n\t\t<\/div>\n\t\t\t\t\t\t<\/div>\n\t\t\t\t<\/div>\n\t\t\t\t\t<\/div>\n\t\t<\/div>\n\t\t\t\t\t<\/div>\n\t\t<\/section>\n\t\t\t\t<section class=\"elementor-section elementor-top-section elementor-element elementor-element-47b16eb elementor-section-boxed elementor-section-height-default elementor-section-height-default\" data-id=\"47b16eb\" data-element_type=\"section\" data-e-type=\"section\">\n\t\t\t\t\t\t<div class=\"elementor-container elementor-column-gap-default\">\n\t\t\t\t\t<div class=\"elementor-column elementor-col-100 elementor-top-column elementor-element elementor-element-3f9077e\" data-id=\"3f9077e\" data-element_type=\"column\" data-e-type=\"column\" data-settings=\"{&quot;background_background&quot;:&quot;classic&quot;}\">\n\t\t\t<div class=\"elementor-widget-wrap elementor-element-populated\">\n\t\t\t\t\t\t<div class=\"elementor-element elementor-element-4909ea6 elementor-position-inline-start elementor-view-default elementor-mobile-position-block-start elementor-widget elementor-widget-icon-box\" data-id=\"4909ea6\" data-element_type=\"widget\" data-e-type=\"widget\" data-widget_type=\"icon-box.default\">\n\t\t\t\t<div class=\"elementor-widget-container\">\n\t\t\t\t\t\t\t<div class=\"elementor-icon-box-wrapper\">\n\n\t\t\t\t\t\t<div class=\"elementor-icon-box-icon\">\n\t\t\t\t<span  class=\"elementor-icon\">\n\t\t\t\t<i aria-hidden=\"true\" class=\"fas fa-info-circle\"><\/i>\t\t\t\t<\/span>\n\t\t\t<\/div>\n\t\t\t\n\t\t\t\t\t\t<div class=\"elementor-icon-box-content\">\n\n\t\t\t\t\t\t\t\t\t<span class=\"elementor-icon-box-title\">\n\t\t\t\t\t\t<span  >\n\t\t\t\t\t\t\tLicitaciones adjudicadas\t\t\t\t\t\t<\/span>\n\t\t\t\t\t<\/span>\n\t\t\t\t\n\t\t\t\t\t\t\t\t\t<p class=\"elementor-icon-box-description\">\n\t\t\t\t\t\t<a href=\"\/contractor-profile\/contracts\">Licitaciones<\/a> (2018 -  )\n<br>\n<a href=\"\/contractor-profile\/allocated-tenders\/\">Licitaciones<\/a>  (2012-2017)\n\t\t\t\t\t<\/p>\n\t\t\t\t\n\t\t\t<\/div>\n\t\t\t\n\t\t<\/div>\n\t\t\t\t\t\t<\/div>\n\t\t\t\t<\/div>\n\t\t\t\t\t<\/div>\n\t\t<\/div>\n\t\t\t\t\t<\/div>\n\t\t<\/section>\n\t\t\t\t<\/div>\n\t\t","protected":false},"excerpt":{"rendered":"<p>Perfil de Contrataci\u00f3n Marco para la Contrataci\u00f3n Plataforma de Contrataci\u00f3n P\u00fablica Licitaciones en curso Ver anuncios Licitaciones adjudicadas Licitaciones (2018 &#8211; ) Licitaciones (2012-2017)<\/p>\n","protected":false},"author":1,"featured_media":0,"parent":0,"menu_order":0,"comment_status":"closed","ping_status":"closed","template":"","meta":{"site-sidebar-layout":"no-sidebar","site-content-layout":"page-builder","ast-site-content-layout":"default","site-content-style":"default","site-sidebar-style":"default","ast-global-header-display":"","ast-banner-title-visibility":"","ast-main-header-display":"","ast-hfb-above-header-display":"","ast-hfb-below-header-display":"","ast-hfb-mobile-header-display":"","site-post-title":"disabled","ast-breadcrumbs-content":"","ast-featured-img":"disabled","footer-sml-layout":"","ast-disable-related-posts":"","theme-transparent-header-meta":"","adv-header-id-meta":"","stick-header-meta":"","header-above-stick-meta":"","header-main-stick-meta":"","header-below-stick-meta":"","astra-migrate-meta-layouts":"default","ast-page-background-enabled":"default","ast-page-background-meta":{"desktop":{"background-color":"var(--ast-global-color-4)","background-image":"","background-repeat":"repeat","background-position":"center center","background-size":"auto","background-attachment":"scroll","background-type":"","background-media":"","overlay-type":"","overlay-color":"","overlay-opacity":"","overlay-gradient":""},"tablet":{"background-color":"","background-image":"","background-repeat":"repeat","background-position":"center center","background-size":"auto","background-attachment":"scroll","background-type":"","background-media":"","overlay-type":"","overlay-color":"","overlay-opacity":"","overlay-gradient":""},"mobile":{"background-color":"","background-image":"","background-repeat":"repeat","background-position":"center center","background-size":"auto","background-attachment":"scroll","background-type":"","background-media":"","overlay-type":"","overlay-color":"","overlay-opacity":"","overlay-gradient":""}},"ast-content-background-meta":{"desktop":{"background-color":"var(--ast-global-color-5)","background-image":"","background-repeat":"repeat","background-position":"center center","background-size":"auto","background-attachment":"scroll","background-type":"","background-media":"","overlay-type":"","overlay-color":"","overlay-opacity":"","overlay-gradient":""},"tablet":{"background-color":"var(--ast-global-color-5)","background-image":"","background-repeat":"repeat","background-position":"center center","background-size":"auto","background-attachment":"scroll","background-type":"","background-media":"","overlay-type":"","overlay-color":"","overlay-opacity":"","overlay-gradient":""},"mobile":{"background-color":"var(--ast-global-color-5)","background-image":"","background-repeat":"repeat","background-position":"center center","background-size":"auto","background-attachment":"scroll","background-type":"","background-media":"","overlay-type":"","overlay-color":"","overlay-opacity":"","overlay-gradient":""}},"footnotes":""},"class_list":["post-5951","page","type-page","status-publish","hentry"],"yoast_head":"<!-- This site is optimized with the Yoast SEO plugin v27.4 - https:\/\/yoast.com\/product\/yoast-seo-wordpress\/ -->\n<title>Perfil de Contrataci\u00f3n - Achucarro Basque Center for Neuroscience<\/title>\n<meta name=\"robots\" content=\"index, follow, max-snippet:-1, max-image-preview:large, max-video-preview:-1\" \/>\n<link rel=\"canonical\" href=\"https:\/\/www.achucarro.org\/es\/perfil-de-contratacion\/\" \/>\n<meta property=\"og:locale\" content=\"es_ES\" \/>\n<meta property=\"og:type\" content=\"article\" \/>\n<meta property=\"og:title\" content=\"Perfil de Contrataci\u00f3n - Achucarro Basque Center for Neuroscience\" \/>\n<meta property=\"og:description\" content=\"Perfil de Contrataci\u00f3n Marco para la Contrataci\u00f3n Plataforma de Contrataci\u00f3n P\u00fablica Licitaciones en curso Ver anuncios Licitaciones adjudicadas Licitaciones (2018 &#8211; ) Licitaciones (2012-2017)\" \/>\n<meta property=\"og:url\" content=\"https:\/\/www.achucarro.org\/es\/perfil-de-contratacion\/\" \/>\n<meta property=\"og:site_name\" content=\"Achucarro Basque Center for Neuroscience\" \/>\n<meta property=\"article:modified_time\" content=\"2022-07-28T08:11:06+00:00\" \/>\n<meta name=\"twitter:card\" content=\"summary_large_image\" \/>\n<meta name=\"twitter:label1\" content=\"Tiempo de lectura\" \/>\n\t<meta name=\"twitter:data1\" content=\"1 minuto\" \/>\n<script type=\"application\/ld+json\" class=\"yoast-schema-graph\">{\"@context\":\"https:\\\/\\\/schema.org\",\"@graph\":[{\"@type\":\"WebPage\",\"@id\":\"https:\\\/\\\/www.achucarro.org\\\/es\\\/perfil-de-contratacion\\\/\",\"url\":\"https:\\\/\\\/www.achucarro.org\\\/es\\\/perfil-de-contratacion\\\/\",\"name\":\"Perfil de Contrataci\u00f3n - Achucarro Basque Center for Neuroscience\",\"isPartOf\":{\"@id\":\"https:\\\/\\\/www.achucarro.org\\\/#website\"},\"datePublished\":\"2022-04-28T12:40:54+00:00\",\"dateModified\":\"2022-07-28T08:11:06+00:00\",\"breadcrumb\":{\"@id\":\"https:\\\/\\\/www.achucarro.org\\\/es\\\/perfil-de-contratacion\\\/#breadcrumb\"},\"inLanguage\":\"es\",\"potentialAction\":[{\"@type\":\"ReadAction\",\"target\":[\"https:\\\/\\\/www.achucarro.org\\\/es\\\/perfil-de-contratacion\\\/\"]}]},{\"@type\":\"BreadcrumbList\",\"@id\":\"https:\\\/\\\/www.achucarro.org\\\/es\\\/perfil-de-contratacion\\\/#breadcrumb\",\"itemListElement\":[{\"@type\":\"ListItem\",\"position\":1,\"name\":\"Inicio\",\"item\":\"https:\\\/\\\/www.achucarro.org\\\/es\\\/\"},{\"@type\":\"ListItem\",\"position\":2,\"name\":\"Perfil de Contrataci\u00f3n\"}]},{\"@type\":\"WebSite\",\"@id\":\"https:\\\/\\\/www.achucarro.org\\\/#website\",\"url\":\"https:\\\/\\\/www.achucarro.org\\\/\",\"name\":\"Achucarro Basque Center for Neuroscience\",\"description\":\"We are a fundamental research organisation centered in the study of neuron-glia interactions, in health, ageing and disease\",\"publisher\":{\"@id\":\"https:\\\/\\\/www.achucarro.org\\\/#organization\"},\"potentialAction\":[{\"@type\":\"SearchAction\",\"target\":{\"@type\":\"EntryPoint\",\"urlTemplate\":\"https:\\\/\\\/www.achucarro.org\\\/?s={search_term_string}\"},\"query-input\":{\"@type\":\"PropertyValueSpecification\",\"valueRequired\":true,\"valueName\":\"search_term_string\"}}],\"inLanguage\":\"es\"},{\"@type\":\"Organization\",\"@id\":\"https:\\\/\\\/www.achucarro.org\\\/#organization\",\"name\":\"Achucarro Basque Center for Neuroscience\",\"url\":\"https:\\\/\\\/www.achucarro.org\\\/\",\"logo\":{\"@type\":\"ImageObject\",\"inLanguage\":\"es\",\"@id\":\"https:\\\/\\\/www.achucarro.org\\\/#\\\/schema\\\/logo\\\/image\\\/\",\"url\":\"https:\\\/\\\/www.achucarro.org\\\/wp-content\\\/uploads\\\/2022\\\/01\\\/achucarro.png\",\"contentUrl\":\"https:\\\/\\\/www.achucarro.org\\\/wp-content\\\/uploads\\\/2022\\\/01\\\/achucarro.png\",\"width\":315,\"height\":125,\"caption\":\"Achucarro Basque Center for Neuroscience\"},\"image\":{\"@id\":\"https:\\\/\\\/www.achucarro.org\\\/#\\\/schema\\\/logo\\\/image\\\/\"}}]}<\/script>\n<!-- \/ Yoast SEO plugin. -->","yoast_head_json":{"title":"Perfil de Contrataci\u00f3n - Achucarro Basque Center for Neuroscience","robots":{"index":"index","follow":"follow","max-snippet":"max-snippet:-1","max-image-preview":"max-image-preview:large","max-video-preview":"max-video-preview:-1"},"canonical":"https:\/\/www.achucarro.org\/es\/perfil-de-contratacion\/","og_locale":"es_ES","og_type":"article","og_title":"Perfil de Contrataci\u00f3n - Achucarro Basque Center for Neuroscience","og_description":"Perfil de Contrataci\u00f3n Marco para la Contrataci\u00f3n Plataforma de Contrataci\u00f3n P\u00fablica Licitaciones en curso Ver anuncios Licitaciones adjudicadas Licitaciones (2018 &#8211; ) Licitaciones (2012-2017)","og_url":"https:\/\/www.achucarro.org\/es\/perfil-de-contratacion\/","og_site_name":"Achucarro Basque Center for Neuroscience","article_modified_time":"2022-07-28T08:11:06+00:00","twitter_card":"summary_large_image","twitter_misc":{"Tiempo de lectura":"1 minuto"},"schema":{"@context":"https:\/\/schema.org","@graph":[{"@type":"WebPage","@id":"https:\/\/www.achucarro.org\/es\/perfil-de-contratacion\/","url":"https:\/\/www.achucarro.org\/es\/perfil-de-contratacion\/","name":"Perfil de Contrataci\u00f3n - Achucarro Basque Center for Neuroscience","isPartOf":{"@id":"https:\/\/www.achucarro.org\/#website"},"datePublished":"2022-04-28T12:40:54+00:00","dateModified":"2022-07-28T08:11:06+00:00","breadcrumb":{"@id":"https:\/\/www.achucarro.org\/es\/perfil-de-contratacion\/#breadcrumb"},"inLanguage":"es","potentialAction":[{"@type":"ReadAction","target":["https:\/\/www.achucarro.org\/es\/perfil-de-contratacion\/"]}]},{"@type":"BreadcrumbList","@id":"https:\/\/www.achucarro.org\/es\/perfil-de-contratacion\/#breadcrumb","itemListElement":[{"@type":"ListItem","position":1,"name":"Inicio","item":"https:\/\/www.achucarro.org\/es\/"},{"@type":"ListItem","position":2,"name":"Perfil de Contrataci\u00f3n"}]},{"@type":"WebSite","@id":"https:\/\/www.achucarro.org\/#website","url":"https:\/\/www.achucarro.org\/","name":"Achucarro Basque Center for Neuroscience","description":"We are a fundamental research organisation centered in the study of neuron-glia interactions, in health, ageing and disease","publisher":{"@id":"https:\/\/www.achucarro.org\/#organization"},"potentialAction":[{"@type":"SearchAction","target":{"@type":"EntryPoint","urlTemplate":"https:\/\/www.achucarro.org\/?s={search_term_string}"},"query-input":{"@type":"PropertyValueSpecification","valueRequired":true,"valueName":"search_term_string"}}],"inLanguage":"es"},{"@type":"Organization","@id":"https:\/\/www.achucarro.org\/#organization","name":"Achucarro Basque Center for Neuroscience","url":"https:\/\/www.achucarro.org\/","logo":{"@type":"ImageObject","inLanguage":"es","@id":"https:\/\/www.achucarro.org\/#\/schema\/logo\/image\/","url":"https:\/\/www.achucarro.org\/wp-content\/uploads\/2022\/01\/achucarro.png","contentUrl":"https:\/\/www.achucarro.org\/wp-content\/uploads\/2022\/01\/achucarro.png","width":315,"height":125,"caption":"Achucarro Basque Center for Neuroscience"},"image":{"@id":"https:\/\/www.achucarro.org\/#\/schema\/logo\/image\/"}}]}},"_links":{"self":[{"href":"https:\/\/www.achucarro.org\/es\/wp-json\/wp\/v2\/pages\/5951","targetHints":{"allow":["GET"]}}],"collection":[{"href":"https:\/\/www.achucarro.org\/es\/wp-json\/wp\/v2\/pages"}],"about":[{"href":"https:\/\/www.achucarro.org\/es\/wp-json\/wp\/v2\/types\/page"}],"author":[{"embeddable":true,"href":"https:\/\/www.achucarro.org\/es\/wp-json\/wp\/v2\/users\/1"}],"replies":[{"embeddable":true,"href":"https:\/\/www.achucarro.org\/es\/wp-json\/wp\/v2\/comments?post=5951"}],"version-history":[{"count":2,"href":"https:\/\/www.achucarro.org\/es\/wp-json\/wp\/v2\/pages\/5951\/revisions"}],"predecessor-version":[{"id":7855,"href":"https:\/\/www.achucarro.org\/es\/wp-json\/wp\/v2\/pages\/5951\/revisions\/7855"}],"wp:attachment":[{"href":"https:\/\/www.achucarro.org\/es\/wp-json\/wp\/v2\/media?parent=5951"}],"curies":[{"name":"wp","href":"https:\/\/api.w.org\/{rel}","templated":true}]}}