{"id":5949,"date":"2022-04-13T11:47:55","date_gmt":"2022-04-13T09:47:55","guid":{"rendered":"https:\/\/www.achucarro.org\/contact\/"},"modified":"2025-07-02T16:02:31","modified_gmt":"2025-07-02T14:02:31","slug":"contacto","status":"publish","type":"page","link":"https:\/\/www.achucarro.org\/es\/contacto\/","title":{"rendered":"Contacto"},"content":{"rendered":"\t\t<div data-elementor-type=\"wp-page\" data-elementor-id=\"5949\" class=\"elementor elementor-5949 elementor-1693\">\n\t\t\t\t\t\t<section class=\"elementor-section elementor-top-section elementor-element elementor-element-324ebbd elementor-section-boxed elementor-section-height-default elementor-section-height-default\" data-id=\"324ebbd\" data-element_type=\"section\">\n\t\t\t\t\t\t<div class=\"elementor-container elementor-column-gap-default\">\n\t\t\t\t\t<div class=\"elementor-column elementor-col-100 elementor-top-column elementor-element elementor-element-5fe50b5\" data-id=\"5fe50b5\" data-element_type=\"column\">\n\t\t\t<div class=\"elementor-widget-wrap elementor-element-populated\">\n\t\t\t\t\t\t<div class=\"elementor-element elementor-element-f59cc81 elementor-widget elementor-widget-heading\" data-id=\"f59cc81\" data-element_type=\"widget\" data-widget_type=\"heading.default\">\n\t\t\t\t<div class=\"elementor-widget-container\">\n\t\t\t\t\t<h2 class=\"elementor-heading-title elementor-size-default\">Contact<\/h2>\t\t\t\t<\/div>\n\t\t\t\t<\/div>\n\t\t\t\t\t<\/div>\n\t\t<\/div>\n\t\t\t\t\t<\/div>\n\t\t<\/section>\n\t\t\t\t<section class=\"elementor-section elementor-top-section elementor-element elementor-element-9a920e0 elementor-section-boxed elementor-section-height-default elementor-section-height-default\" data-id=\"9a920e0\" data-element_type=\"section\">\n\t\t\t\t\t\t<div class=\"elementor-container elementor-column-gap-default\">\n\t\t\t\t\t<div class=\"elementor-column elementor-col-100 elementor-top-column elementor-element elementor-element-10b890a\" data-id=\"10b890a\" data-element_type=\"column\">\n\t\t\t<div class=\"elementor-widget-wrap elementor-element-populated\">\n\t\t\t\t\t\t<div class=\"elementor-element elementor-element-13272e1 elementor-widget elementor-widget-text-editor\" data-id=\"13272e1\" data-element_type=\"widget\" data-widget_type=\"text-editor.default\">\n\t\t\t\t<div class=\"elementor-widget-container\">\n\t\t\t\t\t\t\t\t\t<p>Las infraestructuras y grupos de investigaci\u00f3n del centro est\u00e1n distribuidos en dos localizaciones dentro del \u00e1rea del campus de la EHU en Leioa (Bizkaia), por un lado, en la sede del Achucarro Basque Center for Neuroscience en el <strong>edificio Sede del Parque Cient\u00edfico de la EHU<\/strong>, y por otra en la\u00a0<strong>Facultad de Medicina y Enfermer\u00eda<\/strong>. Ambas localizaciones se sit\u00faan en el \u00e1rea metropolitana del Gran Bilbao..<\/p>\t\t\t\t\t\t\t\t<\/div>\n\t\t\t\t<\/div>\n\t\t\t\t<section class=\"elementor-section elementor-inner-section elementor-element elementor-element-4ce3b64 contact-center elementor-section-boxed elementor-section-height-default elementor-section-height-default\" data-id=\"4ce3b64\" data-element_type=\"section\">\n\t\t\t\t\t\t<div class=\"elementor-container elementor-column-gap-default\">\n\t\t\t\t\t<div class=\"elementor-column elementor-col-100 elementor-inner-column elementor-element elementor-element-44ce873\" data-id=\"44ce873\" data-element_type=\"column\">\n\t\t\t<div class=\"elementor-widget-wrap elementor-element-populated\">\n\t\t\t\t\t\t<div class=\"elementor-element elementor-element-cd7de98 elementor-widget elementor-widget-image\" data-id=\"cd7de98\" data-element_type=\"widget\" data-widget_type=\"image.default\">\n\t\t\t\t<div class=\"elementor-widget-container\">\n\t\t\t\t\t\t\t\t\t\t\t\t<figure class=\"wp-caption\">\n\t\t\t\t\t\t\t\t\t\t<img fetchpriority=\"high\" decoding=\"async\" width=\"1024\" height=\"238\" src=\"https:\/\/www.achucarro.org\/wp-content\/uploads\/2022\/07\/achucarro_headquarters-1024x238.jpg\" class=\"attachment-large size-large wp-image-6907\" alt=\"\" srcset=\"https:\/\/www.achucarro.org\/wp-content\/uploads\/2022\/07\/achucarro_headquarters-1024x238.jpg 1024w, https:\/\/www.achucarro.org\/wp-content\/uploads\/2022\/07\/achucarro_headquarters-300x70.jpg 300w, https:\/\/www.achucarro.org\/wp-content\/uploads\/2022\/07\/achucarro_headquarters-768x178.jpg 768w, https:\/\/www.achucarro.org\/wp-content\/uploads\/2022\/07\/achucarro_headquarters.jpg 1120w\" sizes=\"(max-width: 1024px) 100vw, 1024px\" \/>\t\t\t\t\t\t\t\t\t\t\t<figcaption class=\"widget-image-caption wp-caption-text\">Edificio Sede. Photo by Aitor Ortiz for Parke.eus<\/figcaption>\n\t\t\t\t\t\t\t\t\t\t<\/figure>\n\t\t\t\t\t\t\t\t\t<\/div>\n\t\t\t\t<\/div>\n\t\t\t\t\t<\/div>\n\t\t<\/div>\n\t\t\t\t\t<\/div>\n\t\t<\/section>\n\t\t\t\t\t<\/div>\n\t\t<\/div>\n\t\t\t\t\t<\/div>\n\t\t<\/section>\n\t\t\t\t<section class=\"elementor-section elementor-top-section elementor-element elementor-element-9e2667d elementor-section-boxed elementor-section-height-default elementor-section-height-default\" data-id=\"9e2667d\" data-element_type=\"section\">\n\t\t\t\t\t\t<div class=\"elementor-container elementor-column-gap-default\">\n\t\t\t\t\t<div class=\"elementor-column elementor-col-33 elementor-top-column elementor-element elementor-element-c731d16\" data-id=\"c731d16\" data-element_type=\"column\">\n\t\t\t<div class=\"elementor-widget-wrap elementor-element-populated\">\n\t\t\t\t\t\t<div class=\"elementor-element elementor-element-bb110e6 elementor-widget elementor-widget-text-editor\" data-id=\"bb110e6\" data-element_type=\"widget\" data-widget_type=\"text-editor.default\">\n\t\t\t\t<div class=\"elementor-widget-container\">\n\t\t\t\t\t\t\t\t\t<p style=\"text-align: left;\">Science Park of EHU, Sede building<br \/>Barrio Sarriena, s\/n<br \/>E- 48940 Leioa, Bizkaia<\/p><p><a href=\"https:\/\/www.google.com\/maps\/place\/Achucarro+Basque+Center+for+Neuroscience\/@43.332023,-2.967859,16z\/data=!4m5!3m4!1s0x0:0xdb93fcbb38ac717d!8m2!3d43.3320228!4d-2.9678595?hl=es-ES\" target=\"_blank\" rel=\"noopener\">Mapa de localizaci\u00f3n<\/a><\/p>\t\t\t\t\t\t\t\t<\/div>\n\t\t\t\t<\/div>\n\t\t\t\t\t<\/div>\n\t\t<\/div>\n\t\t\t\t<div class=\"elementor-column elementor-col-33 elementor-top-column elementor-element elementor-element-90dad53\" data-id=\"90dad53\" data-element_type=\"column\">\n\t\t\t<div class=\"elementor-widget-wrap elementor-element-populated\">\n\t\t\t\t\t\t<div class=\"elementor-element elementor-element-b1e37bb elementor-view-framed elementor-shape-circle elementor-position-top elementor-mobile-position-top elementor-widget elementor-widget-icon-box\" data-id=\"b1e37bb\" data-element_type=\"widget\" data-widget_type=\"icon-box.default\">\n\t\t\t\t<div class=\"elementor-widget-container\">\n\t\t\t\t\t\t\t<div class=\"elementor-icon-box-wrapper\">\n\n\t\t\t\t\t\t<div class=\"elementor-icon-box-icon\">\n\t\t\t\t<a href=\"tel:+34946018135\" class=\"elementor-icon\" tabindex=\"-1\" aria-label=\"(+34) 946 018 135\">\n\t\t\t\t<i aria-hidden=\"true\" class=\"fas fa-phone\"><\/i>\t\t\t\t<\/a>\n\t\t\t<\/div>\n\t\t\t\n\t\t\t\t\t\t<div class=\"elementor-icon-box-content\">\n\n\t\t\t\t\t\t\t\t\t<h4 class=\"elementor-icon-box-title\">\n\t\t\t\t\t\t<a href=\"tel:+34946018135\" >\n\t\t\t\t\t\t\t(+34) 946 018 135\t\t\t\t\t\t<\/a>\n\t\t\t\t\t<\/h4>\n\t\t\t\t\n\t\t\t\t\n\t\t\t<\/div>\n\t\t\t\n\t\t<\/div>\n\t\t\t\t\t\t<\/div>\n\t\t\t\t<\/div>\n\t\t\t\t\t<\/div>\n\t\t<\/div>\n\t\t\t\t<div class=\"elementor-column elementor-col-33 elementor-top-column elementor-element elementor-element-72e6352\" data-id=\"72e6352\" data-element_type=\"column\">\n\t\t\t<div class=\"elementor-widget-wrap elementor-element-populated\">\n\t\t\t\t\t\t<div class=\"elementor-element elementor-element-ecd7056 elementor-view-framed elementor-shape-circle elementor-position-top elementor-mobile-position-top elementor-widget elementor-widget-icon-box\" data-id=\"ecd7056\" data-element_type=\"widget\" data-widget_type=\"icon-box.default\">\n\t\t\t\t<div class=\"elementor-widget-container\">\n\t\t\t\t\t\t\t<div class=\"elementor-icon-box-wrapper\">\n\n\t\t\t\t\t\t<div class=\"elementor-icon-box-icon\">\n\t\t\t\t<a href=\"mailto:info@achucarro.org\" class=\"elementor-icon\" tabindex=\"-1\" aria-label=\"info@achucarro.org\">\n\t\t\t\t<i aria-hidden=\"true\" class=\"fas fa-envelope\"><\/i>\t\t\t\t<\/a>\n\t\t\t<\/div>\n\t\t\t\n\t\t\t\t\t\t<div class=\"elementor-icon-box-content\">\n\n\t\t\t\t\t\t\t\t\t<h4 class=\"elementor-icon-box-title\">\n\t\t\t\t\t\t<a href=\"mailto:info@achucarro.org\" >\n\t\t\t\t\t\t\tinfo@achucarro.org\t\t\t\t\t\t<\/a>\n\t\t\t\t\t<\/h4>\n\t\t\t\t\n\t\t\t\t\n\t\t\t<\/div>\n\t\t\t\n\t\t<\/div>\n\t\t\t\t\t\t<\/div>\n\t\t\t\t<\/div>\n\t\t\t\t\t<\/div>\n\t\t<\/div>\n\t\t\t\t\t<\/div>\n\t\t<\/section>\n\t\t\t\t<section class=\"elementor-section elementor-top-section elementor-element elementor-element-aa828a6 elementor-section-boxed elementor-section-height-default elementor-section-height-default\" data-id=\"aa828a6\" data-element_type=\"section\" data-settings=\"{&quot;background_background&quot;:&quot;classic&quot;}\">\n\t\t\t\t\t\t<div class=\"elementor-container elementor-column-gap-default\">\n\t\t\t\t\t<div class=\"elementor-column elementor-col-100 elementor-top-column elementor-element elementor-element-4ba9bd3\" data-id=\"4ba9bd3\" data-element_type=\"column\">\n\t\t\t<div class=\"elementor-widget-wrap elementor-element-populated\">\n\t\t\t\t\t\t<div class=\"elementor-element elementor-element-dfe9502 elementor-widget elementor-widget-heading\" data-id=\"dfe9502\" data-element_type=\"widget\" data-widget_type=\"heading.default\">\n\t\t\t\t<div class=\"elementor-widget-container\">\n\t\t\t\t\t<h4 class=\"elementor-heading-title elementor-size-default\">Use this form to send us a message:<\/h4>\t\t\t\t<\/div>\n\t\t\t\t<\/div>\n\t\t\t\t\t<\/div>\n\t\t<\/div>\n\t\t\t\t\t<\/div>\n\t\t<\/section>\n\t\t\t\t<\/div>\n\t\t","protected":false},"excerpt":{"rendered":"<p>Contact Las infraestructuras y grupos de investigaci\u00f3n del centro est\u00e1n distribuidos en dos localizaciones dentro del \u00e1rea del campus de la EHU en Leioa (Bizkaia), por un lado, en la sede del Achucarro Basque Center for Neuroscience en el edificio Sede del Parque Cient\u00edfico de la EHU, y por otra en la\u00a0Facultad de Medicina y [&hellip;]<\/p>\n","protected":false},"author":1,"featured_media":0,"parent":0,"menu_order":0,"comment_status":"closed","ping_status":"closed","template":"","meta":{"site-sidebar-layout":"no-sidebar","site-content-layout":"page-builder","ast-site-content-layout":"default","site-content-style":"default","site-sidebar-style":"default","ast-global-header-display":"","ast-banner-title-visibility":"","ast-main-header-display":"","ast-hfb-above-header-display":"","ast-hfb-below-header-display":"","ast-hfb-mobile-header-display":"","site-post-title":"disabled","ast-breadcrumbs-content":"","ast-featured-img":"disabled","footer-sml-layout":"","theme-transparent-header-meta":"","adv-header-id-meta":"","stick-header-meta":"","header-above-stick-meta":"","header-main-stick-meta":"","header-below-stick-meta":"","astra-migrate-meta-layouts":"default","ast-page-background-enabled":"default","ast-page-background-meta":{"desktop":{"background-color":"var(--ast-global-color-4)","background-image":"","background-repeat":"repeat","background-position":"center center","background-size":"auto","background-attachment":"scroll","background-type":"","background-media":"","overlay-type":"","overlay-color":"","overlay-opacity":"","overlay-gradient":""},"tablet":{"background-color":"","background-image":"","background-repeat":"repeat","background-position":"center center","background-size":"auto","background-attachment":"scroll","background-type":"","background-media":"","overlay-type":"","overlay-color":"","overlay-opacity":"","overlay-gradient":""},"mobile":{"background-color":"","background-image":"","background-repeat":"repeat","background-position":"center center","background-size":"auto","background-attachment":"scroll","background-type":"","background-media":"","overlay-type":"","overlay-color":"","overlay-opacity":"","overlay-gradient":""}},"ast-content-background-meta":{"desktop":{"background-color":"var(--ast-global-color-5)","background-image":"","background-repeat":"repeat","background-position":"center center","background-size":"auto","background-attachment":"scroll","background-type":"","background-media":"","overlay-type":"","overlay-color":"","overlay-opacity":"","overlay-gradient":""},"tablet":{"background-color":"var(--ast-global-color-5)","background-image":"","background-repeat":"repeat","background-position":"center center","background-size":"auto","background-attachment":"scroll","background-type":"","background-media":"","overlay-type":"","overlay-color":"","overlay-opacity":"","overlay-gradient":""},"mobile":{"background-color":"var(--ast-global-color-5)","background-image":"","background-repeat":"repeat","background-position":"center center","background-size":"auto","background-attachment":"scroll","background-type":"","background-media":"","overlay-type":"","overlay-color":"","overlay-opacity":"","overlay-gradient":""}},"footnotes":""},"class_list":["post-5949","page","type-page","status-publish","hentry"],"yoast_head":"<!-- This site is optimized with the Yoast SEO plugin v26.4 - https:\/\/yoast.com\/wordpress\/plugins\/seo\/ -->\n<title>Contacto - Achucarro Basque Center for Neuroscience<\/title>\n<meta name=\"robots\" content=\"index, follow, max-snippet:-1, max-image-preview:large, max-video-preview:-1\" \/>\n<link rel=\"canonical\" href=\"https:\/\/www.achucarro.org\/es\/contacto\/\" \/>\n<meta property=\"og:locale\" content=\"es_ES\" \/>\n<meta property=\"og:type\" content=\"article\" \/>\n<meta property=\"og:title\" content=\"Contacto - Achucarro Basque Center for Neuroscience\" \/>\n<meta property=\"og:description\" content=\"Contact Las infraestructuras y grupos de investigaci\u00f3n del centro est\u00e1n distribuidos en dos localizaciones dentro del \u00e1rea del campus de la EHU en Leioa (Bizkaia), por un lado, en la sede del Achucarro Basque Center for Neuroscience en el edificio Sede del Parque Cient\u00edfico de la EHU, y por otra en la\u00a0Facultad de Medicina y [&hellip;]\" \/>\n<meta property=\"og:url\" content=\"https:\/\/www.achucarro.org\/es\/contacto\/\" \/>\n<meta property=\"og:site_name\" content=\"Achucarro Basque Center for Neuroscience\" \/>\n<meta property=\"article:modified_time\" content=\"2025-07-02T14:02:31+00:00\" \/>\n<meta property=\"og:image\" content=\"https:\/\/www.achucarro.org\/wp-content\/uploads\/2022\/07\/achucarro_headquarters.jpg\" \/>\n\t<meta property=\"og:image:width\" content=\"1120\" \/>\n\t<meta property=\"og:image:height\" content=\"260\" \/>\n\t<meta property=\"og:image:type\" content=\"image\/jpeg\" \/>\n<meta name=\"twitter:card\" content=\"summary_large_image\" \/>\n<meta name=\"twitter:label1\" content=\"Tiempo de lectura\" \/>\n\t<meta name=\"twitter:data1\" content=\"2 minutos\" \/>\n<script type=\"application\/ld+json\" class=\"yoast-schema-graph\">{\"@context\":\"https:\/\/schema.org\",\"@graph\":[{\"@type\":\"WebPage\",\"@id\":\"https:\/\/www.achucarro.org\/es\/contacto\/\",\"url\":\"https:\/\/www.achucarro.org\/es\/contacto\/\",\"name\":\"Contacto - Achucarro Basque Center for Neuroscience\",\"isPartOf\":{\"@id\":\"https:\/\/www.achucarro.org\/#website\"},\"primaryImageOfPage\":{\"@id\":\"https:\/\/www.achucarro.org\/es\/contacto\/#primaryimage\"},\"image\":{\"@id\":\"https:\/\/www.achucarro.org\/es\/contacto\/#primaryimage\"},\"thumbnailUrl\":\"https:\/\/www.achucarro.org\/wp-content\/uploads\/2022\/07\/achucarro_headquarters-1024x238.jpg\",\"datePublished\":\"2022-04-13T09:47:55+00:00\",\"dateModified\":\"2025-07-02T14:02:31+00:00\",\"breadcrumb\":{\"@id\":\"https:\/\/www.achucarro.org\/es\/contacto\/#breadcrumb\"},\"inLanguage\":\"es\",\"potentialAction\":[{\"@type\":\"ReadAction\",\"target\":[\"https:\/\/www.achucarro.org\/es\/contacto\/\"]}]},{\"@type\":\"ImageObject\",\"inLanguage\":\"es\",\"@id\":\"https:\/\/www.achucarro.org\/es\/contacto\/#primaryimage\",\"url\":\"https:\/\/www.achucarro.org\/wp-content\/uploads\/2022\/07\/achucarro_headquarters-1024x238.jpg\",\"contentUrl\":\"https:\/\/www.achucarro.org\/wp-content\/uploads\/2022\/07\/achucarro_headquarters-1024x238.jpg\"},{\"@type\":\"BreadcrumbList\",\"@id\":\"https:\/\/www.achucarro.org\/es\/contacto\/#breadcrumb\",\"itemListElement\":[{\"@type\":\"ListItem\",\"position\":1,\"name\":\"Inicio\",\"item\":\"https:\/\/www.achucarro.org\/es\/\"},{\"@type\":\"ListItem\",\"position\":2,\"name\":\"Contacto\"}]},{\"@type\":\"WebSite\",\"@id\":\"https:\/\/www.achucarro.org\/#website\",\"url\":\"https:\/\/www.achucarro.org\/\",\"name\":\"Achucarro Basque Center for Neuroscience\",\"description\":\"We are a fundamental research organisation centered in the study of neuron-glia interactions, in health, ageing and disease\",\"publisher\":{\"@id\":\"https:\/\/www.achucarro.org\/#organization\"},\"potentialAction\":[{\"@type\":\"SearchAction\",\"target\":{\"@type\":\"EntryPoint\",\"urlTemplate\":\"https:\/\/www.achucarro.org\/?s={search_term_string}\"},\"query-input\":{\"@type\":\"PropertyValueSpecification\",\"valueRequired\":true,\"valueName\":\"search_term_string\"}}],\"inLanguage\":\"es\"},{\"@type\":\"Organization\",\"@id\":\"https:\/\/www.achucarro.org\/#organization\",\"name\":\"Achucarro Basque Center for Neuroscience\",\"url\":\"https:\/\/www.achucarro.org\/\",\"logo\":{\"@type\":\"ImageObject\",\"inLanguage\":\"es\",\"@id\":\"https:\/\/www.achucarro.org\/#\/schema\/logo\/image\/\",\"url\":\"https:\/\/www.achucarro.org\/wp-content\/uploads\/2022\/01\/achucarro.png\",\"contentUrl\":\"https:\/\/www.achucarro.org\/wp-content\/uploads\/2022\/01\/achucarro.png\",\"width\":315,\"height\":125,\"caption\":\"Achucarro Basque Center for Neuroscience\"},\"image\":{\"@id\":\"https:\/\/www.achucarro.org\/#\/schema\/logo\/image\/\"}}]}<\/script>\n<!-- \/ Yoast SEO plugin. -->","yoast_head_json":{"title":"Contacto - Achucarro Basque Center for Neuroscience","robots":{"index":"index","follow":"follow","max-snippet":"max-snippet:-1","max-image-preview":"max-image-preview:large","max-video-preview":"max-video-preview:-1"},"canonical":"https:\/\/www.achucarro.org\/es\/contacto\/","og_locale":"es_ES","og_type":"article","og_title":"Contacto - Achucarro Basque Center for Neuroscience","og_description":"Contact Las infraestructuras y grupos de investigaci\u00f3n del centro est\u00e1n distribuidos en dos localizaciones dentro del \u00e1rea del campus de la EHU en Leioa (Bizkaia), por un lado, en la sede del Achucarro Basque Center for Neuroscience en el edificio Sede del Parque Cient\u00edfico de la EHU, y por otra en la\u00a0Facultad de Medicina y [&hellip;]","og_url":"https:\/\/www.achucarro.org\/es\/contacto\/","og_site_name":"Achucarro Basque Center for Neuroscience","article_modified_time":"2025-07-02T14:02:31+00:00","og_image":[{"width":1120,"height":260,"url":"https:\/\/www.achucarro.org\/wp-content\/uploads\/2022\/07\/achucarro_headquarters.jpg","type":"image\/jpeg"}],"twitter_card":"summary_large_image","twitter_misc":{"Tiempo de lectura":"2 minutos"},"schema":{"@context":"https:\/\/schema.org","@graph":[{"@type":"WebPage","@id":"https:\/\/www.achucarro.org\/es\/contacto\/","url":"https:\/\/www.achucarro.org\/es\/contacto\/","name":"Contacto - Achucarro Basque Center for Neuroscience","isPartOf":{"@id":"https:\/\/www.achucarro.org\/#website"},"primaryImageOfPage":{"@id":"https:\/\/www.achucarro.org\/es\/contacto\/#primaryimage"},"image":{"@id":"https:\/\/www.achucarro.org\/es\/contacto\/#primaryimage"},"thumbnailUrl":"https:\/\/www.achucarro.org\/wp-content\/uploads\/2022\/07\/achucarro_headquarters-1024x238.jpg","datePublished":"2022-04-13T09:47:55+00:00","dateModified":"2025-07-02T14:02:31+00:00","breadcrumb":{"@id":"https:\/\/www.achucarro.org\/es\/contacto\/#breadcrumb"},"inLanguage":"es","potentialAction":[{"@type":"ReadAction","target":["https:\/\/www.achucarro.org\/es\/contacto\/"]}]},{"@type":"ImageObject","inLanguage":"es","@id":"https:\/\/www.achucarro.org\/es\/contacto\/#primaryimage","url":"https:\/\/www.achucarro.org\/wp-content\/uploads\/2022\/07\/achucarro_headquarters-1024x238.jpg","contentUrl":"https:\/\/www.achucarro.org\/wp-content\/uploads\/2022\/07\/achucarro_headquarters-1024x238.jpg"},{"@type":"BreadcrumbList","@id":"https:\/\/www.achucarro.org\/es\/contacto\/#breadcrumb","itemListElement":[{"@type":"ListItem","position":1,"name":"Inicio","item":"https:\/\/www.achucarro.org\/es\/"},{"@type":"ListItem","position":2,"name":"Contacto"}]},{"@type":"WebSite","@id":"https:\/\/www.achucarro.org\/#website","url":"https:\/\/www.achucarro.org\/","name":"Achucarro Basque Center for Neuroscience","description":"We are a fundamental research organisation centered in the study of neuron-glia interactions, in health, ageing and disease","publisher":{"@id":"https:\/\/www.achucarro.org\/#organization"},"potentialAction":[{"@type":"SearchAction","target":{"@type":"EntryPoint","urlTemplate":"https:\/\/www.achucarro.org\/?s={search_term_string}"},"query-input":{"@type":"PropertyValueSpecification","valueRequired":true,"valueName":"search_term_string"}}],"inLanguage":"es"},{"@type":"Organization","@id":"https:\/\/www.achucarro.org\/#organization","name":"Achucarro Basque Center for Neuroscience","url":"https:\/\/www.achucarro.org\/","logo":{"@type":"ImageObject","inLanguage":"es","@id":"https:\/\/www.achucarro.org\/#\/schema\/logo\/image\/","url":"https:\/\/www.achucarro.org\/wp-content\/uploads\/2022\/01\/achucarro.png","contentUrl":"https:\/\/www.achucarro.org\/wp-content\/uploads\/2022\/01\/achucarro.png","width":315,"height":125,"caption":"Achucarro Basque Center for Neuroscience"},"image":{"@id":"https:\/\/www.achucarro.org\/#\/schema\/logo\/image\/"}}]}},"_links":{"self":[{"href":"https:\/\/www.achucarro.org\/es\/wp-json\/wp\/v2\/pages\/5949","targetHints":{"allow":["GET"]}}],"collection":[{"href":"https:\/\/www.achucarro.org\/es\/wp-json\/wp\/v2\/pages"}],"about":[{"href":"https:\/\/www.achucarro.org\/es\/wp-json\/wp\/v2\/types\/page"}],"author":[{"embeddable":true,"href":"https:\/\/www.achucarro.org\/es\/wp-json\/wp\/v2\/users\/1"}],"replies":[{"embeddable":true,"href":"https:\/\/www.achucarro.org\/es\/wp-json\/wp\/v2\/comments?post=5949"}],"version-history":[{"count":2,"href":"https:\/\/www.achucarro.org\/es\/wp-json\/wp\/v2\/pages\/5949\/revisions"}],"predecessor-version":[{"id":22331,"href":"https:\/\/www.achucarro.org\/es\/wp-json\/wp\/v2\/pages\/5949\/revisions\/22331"}],"wp:attachment":[{"href":"https:\/\/www.achucarro.org\/es\/wp-json\/wp\/v2\/media?parent=5949"}],"curies":[{"name":"wp","href":"https:\/\/api.w.org\/{rel}","templated":true}]}}