{"id":5932,"date":"2022-04-27T12:53:16","date_gmt":"2022-04-27T10:53:16","guid":{"rendered":"https:\/\/www.achucarro.org\/the-center\/"},"modified":"2025-12-17T16:47:24","modified_gmt":"2025-12-17T15:47:24","slug":"sobre-achucarro","status":"publish","type":"page","link":"https:\/\/www.achucarro.org\/es\/sobre-achucarro\/","title":{"rendered":"Sobre ACHUCARRO"},"content":{"rendered":"\t\t<div data-elementor-type=\"wp-page\" data-elementor-id=\"5932\" class=\"elementor elementor-5932 elementor-2000\">\n\t\t\t\t\t\t<section class=\"elementor-section elementor-top-section elementor-element elementor-element-a4049b4 elementor-section-boxed elementor-section-height-default elementor-section-height-default\" data-id=\"a4049b4\" data-element_type=\"section\">\n\t\t\t\t\t\t<div class=\"elementor-container elementor-column-gap-default\">\n\t\t\t\t\t<div class=\"elementor-column elementor-col-100 elementor-top-column elementor-element elementor-element-582c921\" data-id=\"582c921\" data-element_type=\"column\">\n\t\t\t<div class=\"elementor-widget-wrap elementor-element-populated\">\n\t\t\t\t\t\t<div class=\"elementor-element elementor-element-3653dfb elementor-widget elementor-widget-heading\" data-id=\"3653dfb\" data-element_type=\"widget\" data-widget_type=\"heading.default\">\n\t\t\t\t<div class=\"elementor-widget-container\">\n\t\t\t\t\t<h2 class=\"elementor-heading-title elementor-size-default\">Sobre nosotros<\/h2>\t\t\t\t<\/div>\n\t\t\t\t<\/div>\n\t\t\t\t\t<\/div>\n\t\t<\/div>\n\t\t\t\t\t<\/div>\n\t\t<\/section>\n\t\t\t\t<section class=\"elementor-section elementor-top-section elementor-element elementor-element-92b1a16 elementor-section-boxed elementor-section-height-default elementor-section-height-default\" data-id=\"92b1a16\" data-element_type=\"section\">\n\t\t\t\t\t\t<div class=\"elementor-container elementor-column-gap-default\">\n\t\t\t\t\t<div class=\"elementor-column elementor-col-100 elementor-top-column elementor-element elementor-element-afe71d2\" data-id=\"afe71d2\" data-element_type=\"column\">\n\t\t\t<div class=\"elementor-widget-wrap elementor-element-populated\">\n\t\t\t\t\t\t<div class=\"elementor-element elementor-element-2433828 elementor-widget elementor-widget-text-editor\" data-id=\"2433828\" data-element_type=\"widget\" data-widget_type=\"text-editor.default\">\n\t\t\t\t<div class=\"elementor-widget-container\">\n\t\t\t\t\t\t\t\t\t<p><strong><a href=\"http:\/\/www.ikerbasque.net\/\">Ikerbasque<\/a><\/strong>\u00a0\u2013 la Fundaci\u00f3n Vasca para la Ciencia y la\u00a0<strong><a href=\"http:\/\/www.ehue.es\/\">Universidad del Pa\u00eds Vasco &#8211; Euskal Herriko Unibertsitarea<\/a><\/strong> (EHU), impulsan la creaci\u00f3n y desarrollo del centro vasco de investigaci\u00f3n en neurociencia, que toma su nombre en memoria de <a title=\"Go to: About Nicolas Achucarro\" href=\"\/about-nicolas-achucarro\"><strong>Nicol\u00e1s Ach\u00facarro<\/strong><\/a>\u00a0(Bilbao, 1880-1918), cient\u00edfico bilba\u00edno pionero en la investigaci\u00f3n del cerebro.<\/p><p>El objetivo estrat\u00e9gico fundamental de\u00a0<strong>Achucarro<\/strong>\u00a0consiste en contribuir al desarrollo de una Sociedad econ\u00f3mica y socialmente sostenible. Para ello, aspiramos a desarrollar investigaci\u00f3n de relevancia internacional en el estudio de la\u00a0<strong>biolog\u00eda de la neurona-glia en el cerebro sano y enfermo<\/strong>. Este enfoque de investigaci\u00f3n nos permitir\u00e1 contribuir a la formaci\u00f3n de las futuras generaciones de neurocient\u00edficas\/os y a poder ser agente activo en la difusi\u00f3n y comunicaci\u00f3n del conocimiento humano generado en torno al cerebro.<\/p><p><strong>Achucarro<\/strong>\u00a0centra su inter\u00e9s investigador en las funciones fisiol\u00f3gicas y fisiopatol\u00f3gicas del cerebro, con especial \u00e9nfasis en:<\/p><ul><li>Entendimiento en profundidad de la\u00a0<strong>organizaci\u00f3n y procesado de la informaci\u00f3n en los circuitos neuronales<\/strong>;<\/li><li>Identificaci\u00f3n del\u00a0<strong>origen gen\u00e9tico\u00a0 y molecular de los circuitos neuronales<\/strong>\u00a0durante el desarrollo y el envejecimiento;<\/li><li>Caracterizaci\u00f3n de los\u00a0<strong>mecanismo gen\u00e9ticos, moleculares y celulares de las enfermedades neurodegenerativas y autoinmunes del cerebro<\/strong>; e<\/li><li><strong>Investigaci\u00f3n translacional\u00a0<\/strong>que contribuya al desarrollo de nuevas estrategias para el tratamiento de enfermedades del cerebro.<\/li><\/ul>\t\t\t\t\t\t\t\t<\/div>\n\t\t\t\t<\/div>\n\t\t\t\t\t<\/div>\n\t\t<\/div>\n\t\t\t\t\t<\/div>\n\t\t<\/section>\n\t\t\t\t<section class=\"elementor-section elementor-top-section elementor-element elementor-element-3fe18f8 elementor-section-boxed elementor-section-height-default elementor-section-height-default\" data-id=\"3fe18f8\" data-element_type=\"section\" data-settings=\"{&quot;background_background&quot;:&quot;classic&quot;}\">\n\t\t\t\t\t\t<div class=\"elementor-container elementor-column-gap-default\">\n\t\t\t\t\t<div class=\"elementor-column elementor-col-100 elementor-top-column elementor-element elementor-element-2125465\" data-id=\"2125465\" data-element_type=\"column\">\n\t\t\t<div class=\"elementor-widget-wrap elementor-element-populated\">\n\t\t\t\t\t\t<div class=\"elementor-element elementor-element-87b68f3 elementor-widget elementor-widget-heading\" data-id=\"87b68f3\" data-element_type=\"widget\" data-widget_type=\"heading.default\">\n\t\t\t\t<div class=\"elementor-widget-container\">\n\t\t\t\t\t<h3 class=\"elementor-heading-title elementor-size-default\">EL LEMA<\/h3>\t\t\t\t<\/div>\n\t\t\t\t<\/div>\n\t\t\t\t<div class=\"elementor-element elementor-element-3c5e721 elementor-widget elementor-widget-text-editor\" data-id=\"3c5e721\" data-element_type=\"widget\" data-widget_type=\"text-editor.default\">\n\t\t\t\t<div class=\"elementor-widget-container\">\n\t\t\t\t\t\t\t\t\t<p>El lema del centro Achucarro es:<\/p>\t\t\t\t\t\t\t\t<\/div>\n\t\t\t\t<\/div>\n\t\t\t\t<section class=\"elementor-section elementor-inner-section elementor-element elementor-element-39caedd elementor-section-boxed elementor-section-height-default elementor-section-height-default\" data-id=\"39caedd\" data-element_type=\"section\">\n\t\t\t\t\t\t<div class=\"elementor-container elementor-column-gap-default\">\n\t\t\t\t\t<div class=\"elementor-column elementor-col-100 elementor-inner-column elementor-element elementor-element-ffde452\" data-id=\"ffde452\" data-element_type=\"column\">\n\t\t\t<div class=\"elementor-widget-wrap elementor-element-populated\">\n\t\t\t\t\t\t<div class=\"elementor-element elementor-element-d6f9eb6 the-center-motto elementor-widget elementor-widget-text-editor\" data-id=\"d6f9eb6\" data-element_type=\"widget\" data-widget_type=\"text-editor.default\">\n\t\t\t\t<div class=\"elementor-widget-container\">\n\t\t\t\t\t\t\t\t\t<h3><span style=\"color: #e34912;\"><strong><em>scientia ad remedium<\/em><\/strong><\/span><\/h3>\n<span style=\"color: #7a7a7a;\">Conocer para Curar<\/span>\t\t\t\t\t\t\t\t<\/div>\n\t\t\t\t<\/div>\n\t\t\t\t\t<\/div>\n\t\t<\/div>\n\t\t\t\t\t<\/div>\n\t\t<\/section>\n\t\t\t\t<div class=\"elementor-element elementor-element-a34235e elementor-widget elementor-widget-text-editor\" data-id=\"a34235e\" data-element_type=\"widget\" data-widget_type=\"text-editor.default\">\n\t\t\t\t<div class=\"elementor-widget-container\">\n\t\t\t\t\t\t\t\t\t<p>Este lema pretende resumir el esp\u00edritu del centro, y tambi\u00e9n una de las corrientes actuales en la investigaci\u00f3n biom\u00e9dica:\u00a0<em><strong>\u00abDel laboratorio a la cl\u00ednica, y vuelta al laboratorio\u00bb<\/strong>.<\/em><\/p><p>La idea es simple: los resultados de la investigaci\u00f3n desarrollada en el laboratorio deber\u00edan poder trasladarse a procesos o terapias aplicables en pacientes humanos, y este proceso retro-alimenta el trabajo desarrollado en el laboratorio. As\u00ed, con esta orientaci\u00f3n la investigaci\u00f3n fundamental est\u00e1 m\u00e1s dirigida al paciente humano, ahondando en las causas, mecanismos, en la prevenci\u00f3n y el tratamiento de las enfermedades, y en nuestro caso particular la neurodegenerativas.<\/p>\t\t\t\t\t\t\t\t<\/div>\n\t\t\t\t<\/div>\n\t\t\t\t<div class=\"elementor-element elementor-element-0f0eb7f elementor-widget elementor-widget-video\" data-id=\"0f0eb7f\" data-element_type=\"widget\" data-settings=\"{&quot;youtube_url&quot;:&quot;https:\\\/\\\/youtu.be\\\/Nv1lyuptB80&quot;,&quot;video_type&quot;:&quot;youtube&quot;,&quot;controls&quot;:&quot;yes&quot;}\" data-widget_type=\"video.default\">\n\t\t\t\t<div class=\"elementor-widget-container\">\n\t\t\t\t\t\t\t<div class=\"elementor-wrapper elementor-open-inline\">\n\t\t\t<div class=\"elementor-video\"><\/div>\t\t<\/div>\n\t\t\t\t\t\t<\/div>\n\t\t\t\t<\/div>\n\t\t\t\t\t<\/div>\n\t\t<\/div>\n\t\t\t\t\t<\/div>\n\t\t<\/section>\n\t\t\t\t<section class=\"elementor-section elementor-top-section elementor-element elementor-element-e63e568 elementor-section-boxed elementor-section-height-default elementor-section-height-default\" data-id=\"e63e568\" data-element_type=\"section\" data-settings=\"{&quot;background_background&quot;:&quot;classic&quot;}\">\n\t\t\t\t\t\t<div class=\"elementor-container elementor-column-gap-default\">\n\t\t\t\t\t<div class=\"elementor-column elementor-col-100 elementor-top-column elementor-element elementor-element-75d6f79\" data-id=\"75d6f79\" data-element_type=\"column\">\n\t\t\t<div class=\"elementor-widget-wrap elementor-element-populated\">\n\t\t\t\t\t\t<div class=\"elementor-element elementor-element-b270361 elementor-widget elementor-widget-heading\" data-id=\"b270361\" data-element_type=\"widget\" data-widget_type=\"heading.default\">\n\t\t\t\t<div class=\"elementor-widget-container\">\n\t\t\t\t\t<h3 class=\"elementor-heading-title elementor-size-default\">C\u00d3DIGO \u00c9TICO Y DE CONDUCTA<\/h3>\t\t\t\t<\/div>\n\t\t\t\t<\/div>\n\t\t\t\t<div class=\"elementor-element elementor-element-5ee4aaa elementor-widget elementor-widget-text-editor\" data-id=\"5ee4aaa\" data-element_type=\"widget\" data-widget_type=\"text-editor.default\">\n\t\t\t\t<div class=\"elementor-widget-container\">\n\t\t\t\t\t\t\t\t\t<p>El centro Achucarro apoya decididamente el \u00ab<a href=\"http:\/\/ec.europa.eu\/euraxess\/index.cfm\/rights\/whatIsAResearcher\" target=\"_blank\" rel=\"noopener\">Acta Europea para las\/os Investigadoras\/es y el C\u00f3digo de Conducta para la Contrataci\u00f3n de Investigadoras\/es<\/a>\u00bb desde su constituci\u00f3n en 2012, por decisi\u00f3n de su Patronato, y consideraci\u00f3n de la Direcci\u00f3n del centro.<\/p><p>M\u00e1s sobre el\u00a0<a href=\"\/hrs4r\">C\u00f3digo \u00c9tico y de Conducta<\/a>\u00a0(en ingl\u00e9s)<\/p>\t\t\t\t\t\t\t\t<\/div>\n\t\t\t\t<\/div>\n\t\t\t\t\t<\/div>\n\t\t<\/div>\n\t\t\t\t\t<\/div>\n\t\t<\/section>\n\t\t\t\t<\/div>\n\t\t","protected":false},"excerpt":{"rendered":"<p>Sobre nosotros Ikerbasque\u00a0\u2013 la Fundaci\u00f3n Vasca para la Ciencia y la\u00a0Universidad del Pa\u00eds Vasco &#8211; Euskal Herriko Unibertsitarea (EHU), impulsan la creaci\u00f3n y desarrollo del centro vasco de investigaci\u00f3n en neurociencia, que toma su nombre en memoria de Nicol\u00e1s Ach\u00facarro\u00a0(Bilbao, 1880-1918), cient\u00edfico bilba\u00edno pionero en la investigaci\u00f3n del cerebro. El objetivo estrat\u00e9gico fundamental de\u00a0Achucarro\u00a0consiste en [&hellip;]<\/p>\n","protected":false},"author":1,"featured_media":0,"parent":0,"menu_order":0,"comment_status":"closed","ping_status":"closed","template":"","meta":{"site-sidebar-layout":"no-sidebar","site-content-layout":"page-builder","ast-site-content-layout":"full-width-container","site-content-style":"unboxed","site-sidebar-style":"unboxed","ast-global-header-display":"","ast-banner-title-visibility":"","ast-main-header-display":"","ast-hfb-above-header-display":"","ast-hfb-below-header-display":"","ast-hfb-mobile-header-display":"","site-post-title":"disabled","ast-breadcrumbs-content":"","ast-featured-img":"disabled","footer-sml-layout":"","theme-transparent-header-meta":"","adv-header-id-meta":"","stick-header-meta":"","header-above-stick-meta":"","header-main-stick-meta":"","header-below-stick-meta":"","astra-migrate-meta-layouts":"set","ast-page-background-enabled":"default","ast-page-background-meta":{"desktop":{"background-color":"var(--ast-global-color-4)","background-image":"","background-repeat":"repeat","background-position":"center center","background-size":"auto","background-attachment":"scroll","background-type":"","background-media":"","overlay-type":"","overlay-color":"","overlay-opacity":"","overlay-gradient":""},"tablet":{"background-color":"","background-image":"","background-repeat":"repeat","background-position":"center center","background-size":"auto","background-attachment":"scroll","background-type":"","background-media":"","overlay-type":"","overlay-color":"","overlay-opacity":"","overlay-gradient":""},"mobile":{"background-color":"","background-image":"","background-repeat":"repeat","background-position":"center center","background-size":"auto","background-attachment":"scroll","background-type":"","background-media":"","overlay-type":"","overlay-color":"","overlay-opacity":"","overlay-gradient":""}},"ast-content-background-meta":{"desktop":{"background-color":"var(--ast-global-color-5)","background-image":"","background-repeat":"repeat","background-position":"center center","background-size":"auto","background-attachment":"scroll","background-type":"","background-media":"","overlay-type":"","overlay-color":"","overlay-opacity":"","overlay-gradient":""},"tablet":{"background-color":"var(--ast-global-color-5)","background-image":"","background-repeat":"repeat","background-position":"center center","background-size":"auto","background-attachment":"scroll","background-type":"","background-media":"","overlay-type":"","overlay-color":"","overlay-opacity":"","overlay-gradient":""},"mobile":{"background-color":"var(--ast-global-color-5)","background-image":"","background-repeat":"repeat","background-position":"center center","background-size":"auto","background-attachment":"scroll","background-type":"","background-media":"","overlay-type":"","overlay-color":"","overlay-opacity":"","overlay-gradient":""}},"footnotes":""},"class_list":["post-5932","page","type-page","status-publish","hentry"],"yoast_head":"<!-- This site is optimized with the Yoast SEO plugin v26.4 - https:\/\/yoast.com\/wordpress\/plugins\/seo\/ -->\n<title>Sobre ACHUCARRO - Achucarro Basque Center for Neuroscience<\/title>\n<meta name=\"description\" content=\"Institutional information about Achucarro Basque Center for Neuroscience\" \/>\n<meta name=\"robots\" content=\"index, follow, max-snippet:-1, max-image-preview:large, max-video-preview:-1\" \/>\n<link rel=\"canonical\" href=\"https:\/\/www.achucarro.org\/es\/sobre-achucarro\/\" \/>\n<meta property=\"og:locale\" content=\"es_ES\" \/>\n<meta property=\"og:type\" content=\"article\" \/>\n<meta property=\"og:title\" content=\"Sobre ACHUCARRO - Achucarro Basque Center for Neuroscience\" \/>\n<meta property=\"og:description\" content=\"Institutional information about Achucarro Basque Center for Neuroscience\" \/>\n<meta property=\"og:url\" content=\"https:\/\/www.achucarro.org\/es\/sobre-achucarro\/\" \/>\n<meta property=\"og:site_name\" content=\"Achucarro Basque Center for Neuroscience\" \/>\n<meta property=\"article:modified_time\" content=\"2025-12-17T15:47:24+00:00\" \/>\n<meta name=\"twitter:card\" content=\"summary_large_image\" \/>\n<meta name=\"twitter:label1\" content=\"Tiempo de lectura\" \/>\n\t<meta name=\"twitter:data1\" content=\"2 minutos\" \/>\n<script type=\"application\/ld+json\" class=\"yoast-schema-graph\">{\"@context\":\"https:\/\/schema.org\",\"@graph\":[{\"@type\":\"WebPage\",\"@id\":\"https:\/\/www.achucarro.org\/es\/sobre-achucarro\/\",\"url\":\"https:\/\/www.achucarro.org\/es\/sobre-achucarro\/\",\"name\":\"Sobre ACHUCARRO - Achucarro Basque Center for Neuroscience\",\"isPartOf\":{\"@id\":\"https:\/\/www.achucarro.org\/#website\"},\"datePublished\":\"2022-04-27T10:53:16+00:00\",\"dateModified\":\"2025-12-17T15:47:24+00:00\",\"description\":\"Institutional information about Achucarro Basque Center for Neuroscience\",\"breadcrumb\":{\"@id\":\"https:\/\/www.achucarro.org\/es\/sobre-achucarro\/#breadcrumb\"},\"inLanguage\":\"es\",\"potentialAction\":[{\"@type\":\"ReadAction\",\"target\":[\"https:\/\/www.achucarro.org\/es\/sobre-achucarro\/\"]}]},{\"@type\":\"BreadcrumbList\",\"@id\":\"https:\/\/www.achucarro.org\/es\/sobre-achucarro\/#breadcrumb\",\"itemListElement\":[{\"@type\":\"ListItem\",\"position\":1,\"name\":\"Inicio\",\"item\":\"https:\/\/www.achucarro.org\/es\/\"},{\"@type\":\"ListItem\",\"position\":2,\"name\":\"Sobre ACHUCARRO\"}]},{\"@type\":\"WebSite\",\"@id\":\"https:\/\/www.achucarro.org\/#website\",\"url\":\"https:\/\/www.achucarro.org\/\",\"name\":\"Achucarro Basque Center for Neuroscience\",\"description\":\"We are a fundamental research organisation centered in the study of neuron-glia interactions, in health, ageing and disease\",\"publisher\":{\"@id\":\"https:\/\/www.achucarro.org\/#organization\"},\"potentialAction\":[{\"@type\":\"SearchAction\",\"target\":{\"@type\":\"EntryPoint\",\"urlTemplate\":\"https:\/\/www.achucarro.org\/?s={search_term_string}\"},\"query-input\":{\"@type\":\"PropertyValueSpecification\",\"valueRequired\":true,\"valueName\":\"search_term_string\"}}],\"inLanguage\":\"es\"},{\"@type\":\"Organization\",\"@id\":\"https:\/\/www.achucarro.org\/#organization\",\"name\":\"Achucarro Basque Center for Neuroscience\",\"url\":\"https:\/\/www.achucarro.org\/\",\"logo\":{\"@type\":\"ImageObject\",\"inLanguage\":\"es\",\"@id\":\"https:\/\/www.achucarro.org\/#\/schema\/logo\/image\/\",\"url\":\"https:\/\/www.achucarro.org\/wp-content\/uploads\/2022\/01\/achucarro.png\",\"contentUrl\":\"https:\/\/www.achucarro.org\/wp-content\/uploads\/2022\/01\/achucarro.png\",\"width\":315,\"height\":125,\"caption\":\"Achucarro Basque Center for Neuroscience\"},\"image\":{\"@id\":\"https:\/\/www.achucarro.org\/#\/schema\/logo\/image\/\"}}]}<\/script>\n<!-- \/ Yoast SEO plugin. -->","yoast_head_json":{"title":"Sobre ACHUCARRO - Achucarro Basque Center for Neuroscience","description":"Institutional information about Achucarro Basque Center for Neuroscience","robots":{"index":"index","follow":"follow","max-snippet":"max-snippet:-1","max-image-preview":"max-image-preview:large","max-video-preview":"max-video-preview:-1"},"canonical":"https:\/\/www.achucarro.org\/es\/sobre-achucarro\/","og_locale":"es_ES","og_type":"article","og_title":"Sobre ACHUCARRO - Achucarro Basque Center for Neuroscience","og_description":"Institutional information about Achucarro Basque Center for Neuroscience","og_url":"https:\/\/www.achucarro.org\/es\/sobre-achucarro\/","og_site_name":"Achucarro Basque Center for Neuroscience","article_modified_time":"2025-12-17T15:47:24+00:00","twitter_card":"summary_large_image","twitter_misc":{"Tiempo de lectura":"2 minutos"},"schema":{"@context":"https:\/\/schema.org","@graph":[{"@type":"WebPage","@id":"https:\/\/www.achucarro.org\/es\/sobre-achucarro\/","url":"https:\/\/www.achucarro.org\/es\/sobre-achucarro\/","name":"Sobre ACHUCARRO - Achucarro Basque Center for Neuroscience","isPartOf":{"@id":"https:\/\/www.achucarro.org\/#website"},"datePublished":"2022-04-27T10:53:16+00:00","dateModified":"2025-12-17T15:47:24+00:00","description":"Institutional information about Achucarro Basque Center for Neuroscience","breadcrumb":{"@id":"https:\/\/www.achucarro.org\/es\/sobre-achucarro\/#breadcrumb"},"inLanguage":"es","potentialAction":[{"@type":"ReadAction","target":["https:\/\/www.achucarro.org\/es\/sobre-achucarro\/"]}]},{"@type":"BreadcrumbList","@id":"https:\/\/www.achucarro.org\/es\/sobre-achucarro\/#breadcrumb","itemListElement":[{"@type":"ListItem","position":1,"name":"Inicio","item":"https:\/\/www.achucarro.org\/es\/"},{"@type":"ListItem","position":2,"name":"Sobre ACHUCARRO"}]},{"@type":"WebSite","@id":"https:\/\/www.achucarro.org\/#website","url":"https:\/\/www.achucarro.org\/","name":"Achucarro Basque Center for Neuroscience","description":"We are a fundamental research organisation centered in the study of neuron-glia interactions, in health, ageing and disease","publisher":{"@id":"https:\/\/www.achucarro.org\/#organization"},"potentialAction":[{"@type":"SearchAction","target":{"@type":"EntryPoint","urlTemplate":"https:\/\/www.achucarro.org\/?s={search_term_string}"},"query-input":{"@type":"PropertyValueSpecification","valueRequired":true,"valueName":"search_term_string"}}],"inLanguage":"es"},{"@type":"Organization","@id":"https:\/\/www.achucarro.org\/#organization","name":"Achucarro Basque Center for Neuroscience","url":"https:\/\/www.achucarro.org\/","logo":{"@type":"ImageObject","inLanguage":"es","@id":"https:\/\/www.achucarro.org\/#\/schema\/logo\/image\/","url":"https:\/\/www.achucarro.org\/wp-content\/uploads\/2022\/01\/achucarro.png","contentUrl":"https:\/\/www.achucarro.org\/wp-content\/uploads\/2022\/01\/achucarro.png","width":315,"height":125,"caption":"Achucarro Basque Center for Neuroscience"},"image":{"@id":"https:\/\/www.achucarro.org\/#\/schema\/logo\/image\/"}}]}},"_links":{"self":[{"href":"https:\/\/www.achucarro.org\/es\/wp-json\/wp\/v2\/pages\/5932","targetHints":{"allow":["GET"]}}],"collection":[{"href":"https:\/\/www.achucarro.org\/es\/wp-json\/wp\/v2\/pages"}],"about":[{"href":"https:\/\/www.achucarro.org\/es\/wp-json\/wp\/v2\/types\/page"}],"author":[{"embeddable":true,"href":"https:\/\/www.achucarro.org\/es\/wp-json\/wp\/v2\/users\/1"}],"replies":[{"embeddable":true,"href":"https:\/\/www.achucarro.org\/es\/wp-json\/wp\/v2\/comments?post=5932"}],"version-history":[{"count":2,"href":"https:\/\/www.achucarro.org\/es\/wp-json\/wp\/v2\/pages\/5932\/revisions"}],"predecessor-version":[{"id":24292,"href":"https:\/\/www.achucarro.org\/es\/wp-json\/wp\/v2\/pages\/5932\/revisions\/24292"}],"wp:attachment":[{"href":"https:\/\/www.achucarro.org\/es\/wp-json\/wp\/v2\/media?parent=5932"}],"curies":[{"name":"wp","href":"https:\/\/api.w.org\/{rel}","templated":true}]}}