{"id":23716,"date":"2025-10-27T08:32:57","date_gmt":"2025-10-27T07:32:57","guid":{"rendered":"https:\/\/www.achucarro.org\/be-zientzia\/"},"modified":"2025-10-29T17:18:11","modified_gmt":"2025-10-29T16:18:11","slug":"be-zientzia","status":"publish","type":"page","link":"https:\/\/www.achucarro.org\/es\/be-zientzia\/","title":{"rendered":"Be Zientzia"},"content":{"rendered":"\t\t<div data-elementor-type=\"wp-page\" data-elementor-id=\"23716\" class=\"elementor elementor-23716 elementor-23690\">\n\t\t\t\t\t\t<section class=\"elementor-section elementor-top-section elementor-element elementor-element-cbf6daf elementor-section-boxed elementor-section-height-default elementor-section-height-default\" data-id=\"cbf6daf\" data-element_type=\"section\">\n\t\t\t\t\t\t<div class=\"elementor-container elementor-column-gap-default\">\n\t\t\t\t\t<div class=\"elementor-column elementor-col-100 elementor-top-column elementor-element elementor-element-178d6ee\" data-id=\"178d6ee\" data-element_type=\"column\">\n\t\t\t<div class=\"elementor-widget-wrap elementor-element-populated\">\n\t\t\t\t\t\t<div class=\"elementor-element elementor-element-28b000e elementor-widget elementor-widget-heading\" data-id=\"28b000e\" data-element_type=\"widget\" data-widget_type=\"heading.default\">\n\t\t\t\t<div class=\"elementor-widget-container\">\n\t\t\t\t\t<h2 class=\"elementor-heading-title elementor-size-default\">Be Zientzia<\/h2>\t\t\t\t<\/div>\n\t\t\t\t<\/div>\n\t\t\t\t\t<\/div>\n\t\t<\/div>\n\t\t\t\t\t<\/div>\n\t\t<\/section>\n\t\t\t\t<section class=\"elementor-section elementor-top-section elementor-element elementor-element-a20391c elementor-section-boxed elementor-section-height-default elementor-section-height-default\" data-id=\"a20391c\" data-element_type=\"section\">\n\t\t\t\t\t\t<div class=\"elementor-container elementor-column-gap-default\">\n\t\t\t\t\t<div class=\"elementor-column elementor-col-50 elementor-top-column elementor-element elementor-element-c7aa85e\" data-id=\"c7aa85e\" data-element_type=\"column\">\n\t\t\t<div class=\"elementor-widget-wrap elementor-element-populated\">\n\t\t\t\t\t\t<div class=\"elementor-element elementor-element-76cc19f elementor-widget elementor-widget-image\" data-id=\"76cc19f\" data-element_type=\"widget\" data-widget_type=\"image.default\">\n\t\t\t\t<div class=\"elementor-widget-container\">\n\t\t\t\t\t\t\t\t\t\t\t\t\t\t\t<img fetchpriority=\"high\" decoding=\"async\" width=\"400\" height=\"400\" src=\"https:\/\/www.achucarro.org\/wp-content\/uploads\/BeZientzia-small.jpg\" class=\"attachment-large size-large wp-image-19281\" alt=\"\" srcset=\"https:\/\/www.achucarro.org\/wp-content\/uploads\/BeZientzia-small.jpg 400w, https:\/\/www.achucarro.org\/wp-content\/uploads\/BeZientzia-small-300x300.jpg 300w, https:\/\/www.achucarro.org\/wp-content\/uploads\/BeZientzia-small-150x150.jpg 150w\" sizes=\"(max-width: 400px) 100vw, 400px\" \/>\t\t\t\t\t\t\t\t\t\t\t\t\t\t\t<\/div>\n\t\t\t\t<\/div>\n\t\t\t\t\t<\/div>\n\t\t<\/div>\n\t\t\t\t<div class=\"elementor-column elementor-col-50 elementor-top-column elementor-element elementor-element-85a261d\" data-id=\"85a261d\" data-element_type=\"column\">\n\t\t\t<div class=\"elementor-widget-wrap elementor-element-populated\">\n\t\t\t\t\t\t<div class=\"elementor-element elementor-element-a76e841 elementor-widget elementor-widget-text-editor\" data-id=\"a76e841\" data-element_type=\"widget\" data-widget_type=\"text-editor.default\">\n\t\t\t\t<div class=\"elementor-widget-container\">\n\t\t\t\t\t\t\t\t\t<p>En 2024, los centros BERC de Bizkaia, <strong>ACHUCARRO<\/strong>, <strong>BC3<\/strong> y <strong>BCAM<\/strong>, organizaron la primera edici\u00f3n de esta actividad cient\u00edfica, denominada <strong>\u00abBe Zientzia\u00bb<\/strong> (<em>Se Ciencia<\/em>).<\/p><p>Para 2025, son ya cuatro los centros BERC (<strong>ACHUCARRO<\/strong>, <strong>BC3<\/strong>, <strong>BCAM<\/strong> y <strong>BCMaterials<\/strong>) que unen fuerzas y se suman al objetivo para acercar la ciencia a un p\u00fablico joven (m\u00e1s de 200) de sexto de primaria. Con este festival queremos que el alumnado de 12 a\u00f1os tenga una primera (tal vez) aproximaci\u00f3n real al trabajo cient\u00edfico, a trav\u00e9s de experimentos sencillos, pero que les conecta ya con el mundo de la investigaci\u00f3n.<\/p><p>Esta feria de la ciencia se celebra anualmente en el <em>Edificio del Ensanche<\/em> de Bilbao, gracias a la colaboraci\u00f3n de <strong>Bilbao Ekintza<\/strong> y el <strong>Ayuntamiento de Bilbao<\/strong>.<\/p><p>En <strong>Be Zientzia<\/strong> se celebran talleres interactivos y demostraciones cient\u00edficas con el objetivo de que los y las estudiantes puedan conocer la labor de los cuatro centros y acercarse a los desaf\u00edos de la neurociencia, el cambio clim\u00e1tico, los materiales y las matem\u00e1ticas de manera l\u00fadica y divertida.<\/p>\t\t\t\t\t\t\t\t<\/div>\n\t\t\t\t<\/div>\n\t\t\t\t\t<\/div>\n\t\t<\/div>\n\t\t\t\t\t<\/div>\n\t\t<\/section>\n\t\t\t\t<section class=\"elementor-section elementor-top-section elementor-element elementor-element-2c47f84 elementor-section-boxed elementor-section-height-default elementor-section-height-default\" data-id=\"2c47f84\" data-element_type=\"section\">\n\t\t\t\t\t\t<div class=\"elementor-container elementor-column-gap-default\">\n\t\t\t\t\t<div class=\"elementor-column elementor-col-100 elementor-top-column elementor-element elementor-element-1558552\" data-id=\"1558552\" data-element_type=\"column\">\n\t\t\t<div class=\"elementor-widget-wrap elementor-element-populated\">\n\t\t\t\t\t\t<div class=\"elementor-element elementor-element-872c793 elementor-widget elementor-widget-image\" data-id=\"872c793\" data-element_type=\"widget\" data-widget_type=\"image.default\">\n\t\t\t\t<div class=\"elementor-widget-container\">\n\t\t\t\t\t\t\t\t\t\t\t\t\t\t\t<img decoding=\"async\" width=\"1024\" height=\"130\" src=\"https:\/\/www.achucarro.org\/wp-content\/uploads\/news_BeZientzia_partners_2025-1024x130.jpg\" class=\"attachment-large size-large wp-image-23705\" alt=\"\" srcset=\"https:\/\/www.achucarro.org\/wp-content\/uploads\/news_BeZientzia_partners_2025-1024x130.jpg 1024w, https:\/\/www.achucarro.org\/wp-content\/uploads\/news_BeZientzia_partners_2025-300x38.jpg 300w, https:\/\/www.achucarro.org\/wp-content\/uploads\/news_BeZientzia_partners_2025-768x98.jpg 768w, https:\/\/www.achucarro.org\/wp-content\/uploads\/news_BeZientzia_partners_2025.jpg 1382w\" sizes=\"(max-width: 1024px) 100vw, 1024px\" \/>\t\t\t\t\t\t\t\t\t\t\t\t\t\t\t<\/div>\n\t\t\t\t<\/div>\n\t\t\t\t\t<\/div>\n\t\t<\/div>\n\t\t\t\t\t<\/div>\n\t\t<\/section>\n\t\t\t\t<\/div>\n\t\t","protected":false},"excerpt":{"rendered":"<p>Be Zientzia En 2024, los centros BERC de Bizkaia, ACHUCARRO, BC3 y BCAM, organizaron la primera edici\u00f3n de esta actividad cient\u00edfica, denominada \u00abBe Zientzia\u00bb (Se Ciencia). Para 2025, son ya cuatro los centros BERC (ACHUCARRO, BC3, BCAM y BCMaterials) que unen fuerzas y se suman al objetivo para acercar la ciencia a un p\u00fablico joven [&hellip;]<\/p>\n","protected":false},"author":2,"featured_media":0,"parent":0,"menu_order":0,"comment_status":"closed","ping_status":"closed","template":"elementor_header_footer","meta":{"site-sidebar-layout":"default","site-content-layout":"default","ast-site-content-layout":"default","site-content-style":"default","site-sidebar-style":"default","ast-global-header-display":"","ast-banner-title-visibility":"","ast-main-header-display":"","ast-hfb-above-header-display":"","ast-hfb-below-header-display":"","ast-hfb-mobile-header-display":"","site-post-title":"disabled","ast-breadcrumbs-content":"","ast-featured-img":"disabled","footer-sml-layout":"","theme-transparent-header-meta":"","adv-header-id-meta":"","stick-header-meta":"","header-above-stick-meta":"","header-main-stick-meta":"","header-below-stick-meta":"","astra-migrate-meta-layouts":"set","ast-page-background-enabled":"default","ast-page-background-meta":{"desktop":{"background-color":"var(--ast-global-color-4)","background-image":"","background-repeat":"repeat","background-position":"center center","background-size":"auto","background-attachment":"scroll","background-type":"","background-media":"","overlay-type":"","overlay-color":"","overlay-opacity":"","overlay-gradient":""},"tablet":{"background-color":"","background-image":"","background-repeat":"repeat","background-position":"center center","background-size":"auto","background-attachment":"scroll","background-type":"","background-media":"","overlay-type":"","overlay-color":"","overlay-opacity":"","overlay-gradient":""},"mobile":{"background-color":"","background-image":"","background-repeat":"repeat","background-position":"center center","background-size":"auto","background-attachment":"scroll","background-type":"","background-media":"","overlay-type":"","overlay-color":"","overlay-opacity":"","overlay-gradient":""}},"ast-content-background-meta":{"desktop":{"background-color":"var(--ast-global-color-5)","background-image":"","background-repeat":"repeat","background-position":"center center","background-size":"auto","background-attachment":"scroll","background-type":"","background-media":"","overlay-type":"","overlay-color":"","overlay-opacity":"","overlay-gradient":""},"tablet":{"background-color":"var(--ast-global-color-5)","background-image":"","background-repeat":"repeat","background-position":"center center","background-size":"auto","background-attachment":"scroll","background-type":"","background-media":"","overlay-type":"","overlay-color":"","overlay-opacity":"","overlay-gradient":""},"mobile":{"background-color":"var(--ast-global-color-5)","background-image":"","background-repeat":"repeat","background-position":"center center","background-size":"auto","background-attachment":"scroll","background-type":"","background-media":"","overlay-type":"","overlay-color":"","overlay-opacity":"","overlay-gradient":""}},"footnotes":""},"class_list":["post-23716","page","type-page","status-publish","hentry"],"yoast_head":"<!-- This site is optimized with the Yoast SEO plugin v26.4 - https:\/\/yoast.com\/wordpress\/plugins\/seo\/ -->\n<title>Be Zientzia - Achucarro Basque Center for Neuroscience<\/title>\n<meta name=\"robots\" content=\"index, follow, max-snippet:-1, max-image-preview:large, max-video-preview:-1\" \/>\n<link rel=\"canonical\" href=\"https:\/\/www.achucarro.org\/es\/be-zientzia\/\" \/>\n<meta property=\"og:locale\" content=\"es_ES\" \/>\n<meta property=\"og:type\" content=\"article\" \/>\n<meta property=\"og:title\" content=\"Be Zientzia - Achucarro Basque Center for Neuroscience\" \/>\n<meta property=\"og:description\" content=\"Be Zientzia En 2024, los centros BERC de Bizkaia, ACHUCARRO, BC3 y BCAM, organizaron la primera edici\u00f3n de esta actividad cient\u00edfica, denominada \u00abBe Zientzia\u00bb (Se Ciencia). Para 2025, son ya cuatro los centros BERC (ACHUCARRO, BC3, BCAM y BCMaterials) que unen fuerzas y se suman al objetivo para acercar la ciencia a un p\u00fablico joven [&hellip;]\" \/>\n<meta property=\"og:url\" content=\"https:\/\/www.achucarro.org\/es\/be-zientzia\/\" \/>\n<meta property=\"og:site_name\" content=\"Achucarro Basque Center for Neuroscience\" \/>\n<meta property=\"article:modified_time\" content=\"2025-10-29T16:18:11+00:00\" \/>\n<meta property=\"og:image\" content=\"https:\/\/www.achucarro.org\/wp-content\/uploads\/BeZientzia-small.jpg\" \/>\n<meta name=\"twitter:card\" content=\"summary_large_image\" \/>\n<meta name=\"twitter:label1\" content=\"Tiempo de lectura\" \/>\n\t<meta name=\"twitter:data1\" content=\"2 minutos\" \/>\n<script type=\"application\/ld+json\" class=\"yoast-schema-graph\">{\"@context\":\"https:\/\/schema.org\",\"@graph\":[{\"@type\":\"WebPage\",\"@id\":\"https:\/\/www.achucarro.org\/es\/be-zientzia\/\",\"url\":\"https:\/\/www.achucarro.org\/es\/be-zientzia\/\",\"name\":\"Be Zientzia - Achucarro Basque Center for Neuroscience\",\"isPartOf\":{\"@id\":\"https:\/\/www.achucarro.org\/#website\"},\"primaryImageOfPage\":{\"@id\":\"https:\/\/www.achucarro.org\/es\/be-zientzia\/#primaryimage\"},\"image\":{\"@id\":\"https:\/\/www.achucarro.org\/es\/be-zientzia\/#primaryimage\"},\"thumbnailUrl\":\"https:\/\/www.achucarro.org\/wp-content\/uploads\/BeZientzia-small.jpg\",\"datePublished\":\"2025-10-27T07:32:57+00:00\",\"dateModified\":\"2025-10-29T16:18:11+00:00\",\"breadcrumb\":{\"@id\":\"https:\/\/www.achucarro.org\/es\/be-zientzia\/#breadcrumb\"},\"inLanguage\":\"es\",\"potentialAction\":[{\"@type\":\"ReadAction\",\"target\":[\"https:\/\/www.achucarro.org\/es\/be-zientzia\/\"]}]},{\"@type\":\"ImageObject\",\"inLanguage\":\"es\",\"@id\":\"https:\/\/www.achucarro.org\/es\/be-zientzia\/#primaryimage\",\"url\":\"https:\/\/www.achucarro.org\/wp-content\/uploads\/BeZientzia-small.jpg\",\"contentUrl\":\"https:\/\/www.achucarro.org\/wp-content\/uploads\/BeZientzia-small.jpg\"},{\"@type\":\"BreadcrumbList\",\"@id\":\"https:\/\/www.achucarro.org\/es\/be-zientzia\/#breadcrumb\",\"itemListElement\":[{\"@type\":\"ListItem\",\"position\":1,\"name\":\"Inicio\",\"item\":\"https:\/\/www.achucarro.org\/es\/\"},{\"@type\":\"ListItem\",\"position\":2,\"name\":\"Be Zientzia\"}]},{\"@type\":\"WebSite\",\"@id\":\"https:\/\/www.achucarro.org\/#website\",\"url\":\"https:\/\/www.achucarro.org\/\",\"name\":\"Achucarro Basque Center for Neuroscience\",\"description\":\"We are a fundamental research organisation centered in the study of neuron-glia interactions, in health, ageing and disease\",\"publisher\":{\"@id\":\"https:\/\/www.achucarro.org\/#organization\"},\"potentialAction\":[{\"@type\":\"SearchAction\",\"target\":{\"@type\":\"EntryPoint\",\"urlTemplate\":\"https:\/\/www.achucarro.org\/?s={search_term_string}\"},\"query-input\":{\"@type\":\"PropertyValueSpecification\",\"valueRequired\":true,\"valueName\":\"search_term_string\"}}],\"inLanguage\":\"es\"},{\"@type\":\"Organization\",\"@id\":\"https:\/\/www.achucarro.org\/#organization\",\"name\":\"Achucarro Basque Center for Neuroscience\",\"url\":\"https:\/\/www.achucarro.org\/\",\"logo\":{\"@type\":\"ImageObject\",\"inLanguage\":\"es\",\"@id\":\"https:\/\/www.achucarro.org\/#\/schema\/logo\/image\/\",\"url\":\"https:\/\/www.achucarro.org\/wp-content\/uploads\/2022\/01\/achucarro.png\",\"contentUrl\":\"https:\/\/www.achucarro.org\/wp-content\/uploads\/2022\/01\/achucarro.png\",\"width\":315,\"height\":125,\"caption\":\"Achucarro Basque Center for Neuroscience\"},\"image\":{\"@id\":\"https:\/\/www.achucarro.org\/#\/schema\/logo\/image\/\"}}]}<\/script>\n<!-- \/ Yoast SEO plugin. -->","yoast_head_json":{"title":"Be Zientzia - Achucarro Basque Center for Neuroscience","robots":{"index":"index","follow":"follow","max-snippet":"max-snippet:-1","max-image-preview":"max-image-preview:large","max-video-preview":"max-video-preview:-1"},"canonical":"https:\/\/www.achucarro.org\/es\/be-zientzia\/","og_locale":"es_ES","og_type":"article","og_title":"Be Zientzia - Achucarro Basque Center for Neuroscience","og_description":"Be Zientzia En 2024, los centros BERC de Bizkaia, ACHUCARRO, BC3 y BCAM, organizaron la primera edici\u00f3n de esta actividad cient\u00edfica, denominada \u00abBe Zientzia\u00bb (Se Ciencia). Para 2025, son ya cuatro los centros BERC (ACHUCARRO, BC3, BCAM y BCMaterials) que unen fuerzas y se suman al objetivo para acercar la ciencia a un p\u00fablico joven [&hellip;]","og_url":"https:\/\/www.achucarro.org\/es\/be-zientzia\/","og_site_name":"Achucarro Basque Center for Neuroscience","article_modified_time":"2025-10-29T16:18:11+00:00","og_image":[{"url":"https:\/\/www.achucarro.org\/wp-content\/uploads\/BeZientzia-small.jpg","type":"","width":"","height":""}],"twitter_card":"summary_large_image","twitter_misc":{"Tiempo de lectura":"2 minutos"},"schema":{"@context":"https:\/\/schema.org","@graph":[{"@type":"WebPage","@id":"https:\/\/www.achucarro.org\/es\/be-zientzia\/","url":"https:\/\/www.achucarro.org\/es\/be-zientzia\/","name":"Be Zientzia - Achucarro Basque Center for Neuroscience","isPartOf":{"@id":"https:\/\/www.achucarro.org\/#website"},"primaryImageOfPage":{"@id":"https:\/\/www.achucarro.org\/es\/be-zientzia\/#primaryimage"},"image":{"@id":"https:\/\/www.achucarro.org\/es\/be-zientzia\/#primaryimage"},"thumbnailUrl":"https:\/\/www.achucarro.org\/wp-content\/uploads\/BeZientzia-small.jpg","datePublished":"2025-10-27T07:32:57+00:00","dateModified":"2025-10-29T16:18:11+00:00","breadcrumb":{"@id":"https:\/\/www.achucarro.org\/es\/be-zientzia\/#breadcrumb"},"inLanguage":"es","potentialAction":[{"@type":"ReadAction","target":["https:\/\/www.achucarro.org\/es\/be-zientzia\/"]}]},{"@type":"ImageObject","inLanguage":"es","@id":"https:\/\/www.achucarro.org\/es\/be-zientzia\/#primaryimage","url":"https:\/\/www.achucarro.org\/wp-content\/uploads\/BeZientzia-small.jpg","contentUrl":"https:\/\/www.achucarro.org\/wp-content\/uploads\/BeZientzia-small.jpg"},{"@type":"BreadcrumbList","@id":"https:\/\/www.achucarro.org\/es\/be-zientzia\/#breadcrumb","itemListElement":[{"@type":"ListItem","position":1,"name":"Inicio","item":"https:\/\/www.achucarro.org\/es\/"},{"@type":"ListItem","position":2,"name":"Be Zientzia"}]},{"@type":"WebSite","@id":"https:\/\/www.achucarro.org\/#website","url":"https:\/\/www.achucarro.org\/","name":"Achucarro Basque Center for Neuroscience","description":"We are a fundamental research organisation centered in the study of neuron-glia interactions, in health, ageing and disease","publisher":{"@id":"https:\/\/www.achucarro.org\/#organization"},"potentialAction":[{"@type":"SearchAction","target":{"@type":"EntryPoint","urlTemplate":"https:\/\/www.achucarro.org\/?s={search_term_string}"},"query-input":{"@type":"PropertyValueSpecification","valueRequired":true,"valueName":"search_term_string"}}],"inLanguage":"es"},{"@type":"Organization","@id":"https:\/\/www.achucarro.org\/#organization","name":"Achucarro Basque Center for Neuroscience","url":"https:\/\/www.achucarro.org\/","logo":{"@type":"ImageObject","inLanguage":"es","@id":"https:\/\/www.achucarro.org\/#\/schema\/logo\/image\/","url":"https:\/\/www.achucarro.org\/wp-content\/uploads\/2022\/01\/achucarro.png","contentUrl":"https:\/\/www.achucarro.org\/wp-content\/uploads\/2022\/01\/achucarro.png","width":315,"height":125,"caption":"Achucarro Basque Center for Neuroscience"},"image":{"@id":"https:\/\/www.achucarro.org\/#\/schema\/logo\/image\/"}}]}},"_links":{"self":[{"href":"https:\/\/www.achucarro.org\/es\/wp-json\/wp\/v2\/pages\/23716","targetHints":{"allow":["GET"]}}],"collection":[{"href":"https:\/\/www.achucarro.org\/es\/wp-json\/wp\/v2\/pages"}],"about":[{"href":"https:\/\/www.achucarro.org\/es\/wp-json\/wp\/v2\/types\/page"}],"author":[{"embeddable":true,"href":"https:\/\/www.achucarro.org\/es\/wp-json\/wp\/v2\/users\/2"}],"replies":[{"embeddable":true,"href":"https:\/\/www.achucarro.org\/es\/wp-json\/wp\/v2\/comments?post=23716"}],"version-history":[{"count":2,"href":"https:\/\/www.achucarro.org\/es\/wp-json\/wp\/v2\/pages\/23716\/revisions"}],"predecessor-version":[{"id":23795,"href":"https:\/\/www.achucarro.org\/es\/wp-json\/wp\/v2\/pages\/23716\/revisions\/23795"}],"wp:attachment":[{"href":"https:\/\/www.achucarro.org\/es\/wp-json\/wp\/v2\/media?parent=23716"}],"curies":[{"name":"wp","href":"https:\/\/api.w.org\/{rel}","templated":true}]}}