{"id":23066,"date":"2025-09-02T13:42:26","date_gmt":"2025-09-02T11:42:26","guid":{"rendered":"https:\/\/www.achucarro.org\/?page_id=23066"},"modified":"2025-09-15T11:58:26","modified_gmt":"2025-09-15T09:58:26","slug":"cerebros-saludables-para-infancias-saludables-obesidad-en-el-embarazo-y-la-infancia","status":"publish","type":"page","link":"https:\/\/www.achucarro.org\/es\/cerebros-e-infancias-saludables\/cerebros-saludables-para-infancias-saludables-obesidad-en-el-embarazo-y-la-infancia\/","title":{"rendered":"ACHUCARRO-UNICEF \/ Obesidad en el Embarazo y la Infancia"},"content":{"rendered":"\t\t<div data-elementor-type=\"wp-page\" data-elementor-id=\"23066\" class=\"elementor elementor-23066\">\n\t\t\t\t\t\t<section class=\"elementor-section elementor-top-section elementor-element elementor-element-4147975 elementor-section-boxed elementor-section-height-default elementor-section-height-default\" data-id=\"4147975\" data-element_type=\"section\">\n\t\t\t\t\t\t<div class=\"elementor-container elementor-column-gap-default\">\n\t\t\t\t\t<div class=\"elementor-column elementor-col-100 elementor-top-column elementor-element elementor-element-441a60f\" data-id=\"441a60f\" data-element_type=\"column\">\n\t\t\t<div class=\"elementor-widget-wrap elementor-element-populated\">\n\t\t\t\t\t\t<div class=\"elementor-element elementor-element-e4e02dd elementor-widget elementor-widget-heading\" data-id=\"e4e02dd\" data-element_type=\"widget\" data-widget_type=\"heading.default\">\n\t\t\t\t<div class=\"elementor-widget-container\">\n\t\t\t\t\t<h2 class=\"elementor-heading-title elementor-size-default\">Cerebros saludables para infancias saludables<\/h2>\t\t\t\t<\/div>\n\t\t\t\t<\/div>\n\t\t\t\t\t<\/div>\n\t\t<\/div>\n\t\t\t\t\t<\/div>\n\t\t<\/section>\n\t\t\t\t<section class=\"elementor-section elementor-top-section elementor-element elementor-element-fcead13 elementor-section-boxed elementor-section-height-default elementor-section-height-default\" data-id=\"fcead13\" data-element_type=\"section\">\n\t\t\t\t\t\t<div class=\"elementor-container elementor-column-gap-default\">\n\t\t\t\t\t<div class=\"elementor-column elementor-col-50 elementor-top-column elementor-element elementor-element-76d5637\" data-id=\"76d5637\" data-element_type=\"column\">\n\t\t\t<div class=\"elementor-widget-wrap elementor-element-populated\">\n\t\t\t\t\t\t<div class=\"elementor-element elementor-element-15c7411 elementor-widget elementor-widget-image\" data-id=\"15c7411\" data-element_type=\"widget\" data-widget_type=\"image.default\">\n\t\t\t\t<div class=\"elementor-widget-container\">\n\t\t\t\t\t\t\t\t\t\t\t\t\t\t\t<img fetchpriority=\"high\" decoding=\"async\" width=\"651\" height=\"651\" src=\"https:\/\/www.achucarro.org\/wp-content\/uploads\/brain-healthy-childhood.jpg\" class=\"attachment-large size-large wp-image-22984\" alt=\"\" srcset=\"https:\/\/www.achucarro.org\/wp-content\/uploads\/brain-healthy-childhood.jpg 651w, https:\/\/www.achucarro.org\/wp-content\/uploads\/brain-healthy-childhood-300x300.jpg 300w, https:\/\/www.achucarro.org\/wp-content\/uploads\/brain-healthy-childhood-150x150.jpg 150w\" sizes=\"(max-width: 651px) 100vw, 651px\" \/>\t\t\t\t\t\t\t\t\t\t\t\t\t\t\t<\/div>\n\t\t\t\t<\/div>\n\t\t\t\t<div class=\"elementor-element elementor-element-de63c03 elementor-align-center elementor-widget elementor-widget-button\" data-id=\"de63c03\" data-element_type=\"widget\" data-widget_type=\"button.default\">\n\t\t\t\t<div class=\"elementor-widget-container\">\n\t\t\t\t\t\t\t\t\t<div class=\"elementor-button-wrapper\">\n\t\t\t\t\t<a class=\"elementor-button elementor-button-link elementor-size-sm\" href=\"https:\/\/www.achucarro.org\/es\/cerebros-e-infancias-saludables\/\">\n\t\t\t\t\t\t<span class=\"elementor-button-content-wrapper\">\n\t\t\t\t\t\t<span class=\"elementor-button-icon\">\n\t\t\t\t<i aria-hidden=\"true\" class=\"fas fa-arrow-alt-circle-left\"><\/i>\t\t\t<\/span>\n\t\t\t\t\t\t\t\t\t<span class=\"elementor-button-text\">Volver al inicio<\/span>\n\t\t\t\t\t<\/span>\n\t\t\t\t\t<\/a>\n\t\t\t\t<\/div>\n\t\t\t\t\t\t\t\t<\/div>\n\t\t\t\t<\/div>\n\t\t\t\t\t<\/div>\n\t\t<\/div>\n\t\t\t\t<div class=\"elementor-column elementor-col-50 elementor-top-column elementor-element elementor-element-78bd8f1\" data-id=\"78bd8f1\" data-element_type=\"column\">\n\t\t\t<div class=\"elementor-widget-wrap elementor-element-populated\">\n\t\t\t\t\t\t<div class=\"elementor-element elementor-element-20bfbc0 elementor-widget elementor-widget-heading\" data-id=\"20bfbc0\" data-element_type=\"widget\" data-widget_type=\"heading.default\">\n\t\t\t\t<div class=\"elementor-widget-container\">\n\t\t\t\t\t<h4 class=\"elementor-heading-title elementor-size-default\">Obesidad en el Embarazo y la infancia<\/h4>\t\t\t\t<\/div>\n\t\t\t\t<\/div>\n\t\t\t\t<div class=\"elementor-element elementor-element-8e42e15 elementor-widget elementor-widget-text-editor\" data-id=\"8e42e15\" data-element_type=\"widget\" data-widget_type=\"text-editor.default\">\n\t\t\t\t<div class=\"elementor-widget-container\">\n\t\t\t\t\t\t\t\t\t<p>En esta secci\u00f3n explicaremos c\u00f3mo la obesidad materna durante el embarazo, as\u00ed como la obesidad en los primeros meses de vida del beb\u00e9, afecta a la formaci\u00f3n del circuito de la alimentaci\u00f3n en el cerebro, lo que puede llevar una ingesta inadecuada y obesidad en el adulto. Adem\u00e1s, se explicar\u00e1 los riesgos tiene la obesidad para la salud y c\u00f3mo afectan los alimentos ultraprocesados a este proceso.<\/p>\t\t\t\t\t\t\t\t<\/div>\n\t\t\t\t<\/div>\n\t\t\t\t<div class=\"elementor-element elementor-element-0980a00 elementor-button-info elementor-align-left elementor-widget elementor-widget-button\" data-id=\"0980a00\" data-element_type=\"widget\" data-widget_type=\"button.default\">\n\t\t\t\t<div class=\"elementor-widget-container\">\n\t\t\t\t\t\t\t\t\t<div class=\"elementor-button-wrapper\">\n\t\t\t\t\t<a class=\"elementor-button elementor-button-link elementor-size-sm\" href=\"https:\/\/labur.eus\/obesidad-embarazo-infancia\">\n\t\t\t\t\t\t<span class=\"elementor-button-content-wrapper\">\n\t\t\t\t\t\t<span class=\"elementor-button-icon\">\n\t\t\t\t<i aria-hidden=\"true\" class=\"far fa-caret-square-right\"><\/i>\t\t\t<\/span>\n\t\t\t\t\t\t\t\t\t<span class=\"elementor-button-text\">ACCESO AL MATERIAL<\/span>\n\t\t\t\t\t<\/span>\n\t\t\t\t\t<\/a>\n\t\t\t\t<\/div>\n\t\t\t\t\t\t\t\t<\/div>\n\t\t\t\t<\/div>\n\t\t\t\t<div class=\"elementor-element elementor-element-2e3bbfd elementor-widget elementor-widget-text-editor\" data-id=\"2e3bbfd\" data-element_type=\"widget\" data-widget_type=\"text-editor.default\">\n\t\t\t\t<div class=\"elementor-widget-container\">\n\t\t\t\t\t\t\t\t\t<p><span style=\"text-decoration: underline;\"><strong>Otros recursos relacionados:<\/strong><\/span><\/p><ul><li>Revista \u00abConsumer\u00bb (Septiembre, 2025)<ul><li><a href=\"https:\/\/www.consumer.es\/alimentacion\/importancia-dieta-embarazo-primeras-etapas-desarrollo-infantil\" target=\"_blank\" rel=\"noopener\">La importancia de la dieta en el embarazo y las primeras etapas de desarrollo infantil<\/a><\/li><\/ul><\/li><li>Diario \u00abEl Correo\u00bb (Septiembre, 2025)<ul><li><a href=\"https:\/\/www.elcorreo.com\/vivir\/nutricion\/ultraprocesados-atacan-cerebro-bueno-vetarlos-20250905000834-ntrc.html\" target=\"_blank\" rel=\"noopener\">Los ultraprocesados atacan el cerebro, pero&#8230; \u00bfes bueno vetarlos del todo?<\/a><\/li><\/ul><\/li><li>La mec\u00e1nica del caracol (Septiembre, 2025)<ul><li><a href=\"https:\/\/www.eitb.eus\/es\/nahieran\/radio\/radio-euskadi\/la-mecanica-del-caracol\/detalle\/10075556\/\" target=\"_blank\" rel=\"noopener\">https:\/\/www.eitb.eus\/es\/nahieran\/radio\/radio-euskadi\/la-mecanica-del-caracol\/detalle\/10075556\/<\/a><\/li><\/ul><\/li><\/ul>\t\t\t\t\t\t\t\t<\/div>\n\t\t\t\t<\/div>\n\t\t\t\t<div class=\"elementor-element elementor-element-07f3854 elementor-widget elementor-widget-text-editor\" data-id=\"07f3854\" data-element_type=\"widget\" data-widget_type=\"text-editor.default\">\n\t\t\t\t<div class=\"elementor-widget-container\">\n\t\t\t\t\t\t\t\t\t<p><span style=\"text-decoration: underline;\"><strong>Art\u00edculos cient\u00edficos relacionados:<\/strong><\/span><\/p><ul><li><p>Definici\u00f3n de s\u00edndrome metab\u00f3lico: <u><a href=\"https:\/\/medlineplus.gov\/spanish\/metabolicsyndrome.html\">Medline 2025<\/a><\/u>, <u><a href=\"https:\/\/www.mayoclinic.org\/es\/diseases-conditions\/metabolic-syndrome\/symptoms-causes\/syc-20351916\">MayoClinic<\/a><\/u><u><a href=\"https:\/\/www.mayoclinic.org\/es\/diseases-conditions\/metabolic-syndrome\/symptoms-causes\/syc-20351916\"> 2025 <\/a><\/u><\/p><\/li><li><p>Sobre el establecimiento del circuito de la alimentaci\u00f3n <u><a href=\"https:\/\/www.sciencedirect.com\/science\/article\/pii\/S0026049523002810?via%3Dihub\">Ullah et al Metabolism 2023 <\/a><\/u><\/p><\/li><li><p>Sobre factores maternos que afectan al desarrollo de los hijos <u><a href=\"https:\/\/bmcmedicine.biomedcentral.com\/articles\/10.1186\/s12916-022-02632-6\">Muglia et al., BMC Medicine 2022<\/a><\/u><\/p><\/li><li><p>Sobre el componente hedonista de la ingesta de alimento\u00a0 <u><a href=\"https:\/\/journals.sagepub.com\/doi\/10.1177\/0269881117736917\">Higgs et al., Journal of Psychopharmacology 2017<\/a><\/u><\/p><\/li><li><p>Sobre los alimentos ultraprocesados: <u><a href=\"https:\/\/pmc.ncbi.nlm.nih.gov\/articles\/PMC9002678\/\">Kroker-Lobos et al., Nutrients 2022<\/a><\/u>, <u><a href=\"https:\/\/www.bhf.org.uk\/informationsupport\/heart-matters-magazine\/news\/behind-the-headlines\/ultra-processed-foods\">British Heart Foundation 2025<\/a><\/u>, <u><a href=\"https:\/\/blog.contraelcancer.es\/alimentos-ultraprocesados-cancer\/\">Asociaci\u00f3n<\/a><\/u><u><a href=\"https:\/\/blog.contraelcancer.es\/alimentos-ultraprocesados-cancer\/\"> Espa\u00f1ola Contra <\/a><\/u><u><a href=\"https:\/\/blog.contraelcancer.es\/alimentos-ultraprocesados-cancer\/\">el<\/a><\/u><u><a href=\"https:\/\/blog.contraelcancer.es\/alimentos-ultraprocesados-cancer\/\"> Cancer 2025<\/a><\/u><\/p><\/li><li><p>Sobre los alimentos ultraprocesados en ni\u00f1os: <u><a href=\"https:\/\/onlinelibrary.wiley.com\/doi\/10.1111\/ijpo.12914\">Abbasalizad<\/a><\/u><u><a href=\"https:\/\/onlinelibrary.wiley.com\/doi\/10.1111\/ijpo.12914\"> et al., Pediatric Obesity 2022<\/a><\/u>, <u><a href=\"https:\/\/academic.oup.com\/nutritionreviews\/article\/82\/7\/913\/7238435\">Petridi<\/a><\/u><u><a href=\"https:\/\/academic.oup.com\/nutritionreviews\/article\/82\/7\/913\/7238435\"> et al., Nutrition Reviews 2024<\/a><\/u>, <u><a href=\"https:\/\/worldnutritionjournal.org\/index.php\/wn\/article\/view\/5\">Monteiro et al., World Nutrition 2016\u00a0 <\/a><\/u><\/p><\/li><\/ul>\t\t\t\t\t\t\t\t<\/div>\n\t\t\t\t<\/div>\n\t\t\t\t\t<\/div>\n\t\t<\/div>\n\t\t\t\t\t<\/div>\n\t\t<\/section>\n\t\t\t\t<section class=\"elementor-section elementor-top-section elementor-element elementor-element-26da096 elementor-section-boxed elementor-section-height-default elementor-section-height-default\" data-id=\"26da096\" data-element_type=\"section\">\n\t\t\t\t\t\t<div class=\"elementor-container elementor-column-gap-default\">\n\t\t\t\t\t<div class=\"elementor-column elementor-col-100 elementor-top-column elementor-element elementor-element-73e3c8a\" data-id=\"73e3c8a\" data-element_type=\"column\">\n\t\t\t<div class=\"elementor-widget-wrap elementor-element-populated\">\n\t\t\t\t\t\t\t<\/div>\n\t\t<\/div>\n\t\t\t\t\t<\/div>\n\t\t<\/section>\n\t\t\t\t<\/div>\n\t\t","protected":false},"excerpt":{"rendered":"<p>Cerebros saludables para infancias saludables Volver al inicio Obesidad en el Embarazo y la infancia En esta secci\u00f3n explicaremos c\u00f3mo la obesidad materna durante el embarazo, as\u00ed como la obesidad en los primeros meses de vida del beb\u00e9, afecta a la formaci\u00f3n del circuito de la alimentaci\u00f3n en el cerebro, lo que puede llevar una [&hellip;]<\/p>\n","protected":false},"author":2,"featured_media":0,"parent":23010,"menu_order":0,"comment_status":"closed","ping_status":"closed","template":"","meta":{"site-sidebar-layout":"default","site-content-layout":"default","ast-site-content-layout":"full-width-container","site-content-style":"unboxed","site-sidebar-style":"default","ast-global-header-display":"","ast-banner-title-visibility":"","ast-main-header-display":"","ast-hfb-above-header-display":"","ast-hfb-below-header-display":"","ast-hfb-mobile-header-display":"","site-post-title":"disabled","ast-breadcrumbs-content":"","ast-featured-img":"disabled","footer-sml-layout":"","theme-transparent-header-meta":"","adv-header-id-meta":"","stick-header-meta":"","header-above-stick-meta":"","header-main-stick-meta":"","header-below-stick-meta":"","astra-migrate-meta-layouts":"set","ast-page-background-enabled":"default","ast-page-background-meta":{"desktop":{"background-color":"var(--ast-global-color-4)","background-image":"","background-repeat":"repeat","background-position":"center center","background-size":"auto","background-attachment":"scroll","background-type":"","background-media":"","overlay-type":"","overlay-color":"","overlay-opacity":"","overlay-gradient":""},"tablet":{"background-color":"","background-image":"","background-repeat":"repeat","background-position":"center center","background-size":"auto","background-attachment":"scroll","background-type":"","background-media":"","overlay-type":"","overlay-color":"","overlay-opacity":"","overlay-gradient":""},"mobile":{"background-color":"","background-image":"","background-repeat":"repeat","background-position":"center center","background-size":"auto","background-attachment":"scroll","background-type":"","background-media":"","overlay-type":"","overlay-color":"","overlay-opacity":"","overlay-gradient":""}},"ast-content-background-meta":{"desktop":{"background-color":"var(--ast-global-color-5)","background-image":"","background-repeat":"repeat","background-position":"center center","background-size":"auto","background-attachment":"scroll","background-type":"","background-media":"","overlay-type":"","overlay-color":"","overlay-opacity":"","overlay-gradient":""},"tablet":{"background-color":"var(--ast-global-color-5)","background-image":"","background-repeat":"repeat","background-position":"center center","background-size":"auto","background-attachment":"scroll","background-type":"","background-media":"","overlay-type":"","overlay-color":"","overlay-opacity":"","overlay-gradient":""},"mobile":{"background-color":"var(--ast-global-color-5)","background-image":"","background-repeat":"repeat","background-position":"center center","background-size":"auto","background-attachment":"scroll","background-type":"","background-media":"","overlay-type":"","overlay-color":"","overlay-opacity":"","overlay-gradient":""}},"footnotes":""},"class_list":["post-23066","page","type-page","status-publish","hentry"],"yoast_head":"<!-- This site is optimized with the Yoast SEO plugin v26.4 - https:\/\/yoast.com\/wordpress\/plugins\/seo\/ -->\n<title>ACHUCARRO-UNICEF \/ Obesidad en el Embarazo y la Infancia - Achucarro Basque Center for Neuroscience<\/title>\n<meta name=\"robots\" content=\"index, follow, max-snippet:-1, max-image-preview:large, max-video-preview:-1\" \/>\n<link rel=\"canonical\" href=\"https:\/\/www.achucarro.org\/es\/cerebros-e-infancias-saludables\/cerebros-saludables-para-infancias-saludables-obesidad-en-el-embarazo-y-la-infancia\/\" \/>\n<meta property=\"og:locale\" content=\"es_ES\" \/>\n<meta property=\"og:type\" content=\"article\" \/>\n<meta property=\"og:title\" content=\"ACHUCARRO-UNICEF \/ Obesidad en el Embarazo y la Infancia - Achucarro Basque Center for Neuroscience\" \/>\n<meta property=\"og:description\" content=\"Cerebros saludables para infancias saludables Volver al inicio Obesidad en el Embarazo y la infancia En esta secci\u00f3n explicaremos c\u00f3mo la obesidad materna durante el embarazo, as\u00ed como la obesidad en los primeros meses de vida del beb\u00e9, afecta a la formaci\u00f3n del circuito de la alimentaci\u00f3n en el cerebro, lo que puede llevar una [&hellip;]\" \/>\n<meta property=\"og:url\" content=\"https:\/\/www.achucarro.org\/es\/cerebros-e-infancias-saludables\/cerebros-saludables-para-infancias-saludables-obesidad-en-el-embarazo-y-la-infancia\/\" \/>\n<meta property=\"og:site_name\" content=\"Achucarro Basque Center for Neuroscience\" \/>\n<meta property=\"article:modified_time\" content=\"2025-09-15T09:58:26+00:00\" \/>\n<meta property=\"og:image\" content=\"https:\/\/www.achucarro.org\/wp-content\/uploads\/brain-healthy-childhood.jpg\" \/>\n\t<meta property=\"og:image:width\" content=\"651\" \/>\n\t<meta property=\"og:image:height\" content=\"651\" \/>\n\t<meta property=\"og:image:type\" content=\"image\/jpeg\" \/>\n<meta name=\"twitter:card\" content=\"summary_large_image\" \/>\n<meta name=\"twitter:label1\" content=\"Tiempo de lectura\" \/>\n\t<meta name=\"twitter:data1\" content=\"2 minutos\" \/>\n<script type=\"application\/ld+json\" class=\"yoast-schema-graph\">{\"@context\":\"https:\/\/schema.org\",\"@graph\":[{\"@type\":\"WebPage\",\"@id\":\"https:\/\/www.achucarro.org\/es\/cerebros-e-infancias-saludables\/cerebros-saludables-para-infancias-saludables-obesidad-en-el-embarazo-y-la-infancia\/\",\"url\":\"https:\/\/www.achucarro.org\/es\/cerebros-e-infancias-saludables\/cerebros-saludables-para-infancias-saludables-obesidad-en-el-embarazo-y-la-infancia\/\",\"name\":\"ACHUCARRO-UNICEF \/ Obesidad en el Embarazo y la Infancia - Achucarro Basque Center for Neuroscience\",\"isPartOf\":{\"@id\":\"https:\/\/www.achucarro.org\/#website\"},\"primaryImageOfPage\":{\"@id\":\"https:\/\/www.achucarro.org\/es\/cerebros-e-infancias-saludables\/cerebros-saludables-para-infancias-saludables-obesidad-en-el-embarazo-y-la-infancia\/#primaryimage\"},\"image\":{\"@id\":\"https:\/\/www.achucarro.org\/es\/cerebros-e-infancias-saludables\/cerebros-saludables-para-infancias-saludables-obesidad-en-el-embarazo-y-la-infancia\/#primaryimage\"},\"thumbnailUrl\":\"https:\/\/www.achucarro.org\/wp-content\/uploads\/brain-healthy-childhood.jpg\",\"datePublished\":\"2025-09-02T11:42:26+00:00\",\"dateModified\":\"2025-09-15T09:58:26+00:00\",\"breadcrumb\":{\"@id\":\"https:\/\/www.achucarro.org\/es\/cerebros-e-infancias-saludables\/cerebros-saludables-para-infancias-saludables-obesidad-en-el-embarazo-y-la-infancia\/#breadcrumb\"},\"inLanguage\":\"es\",\"potentialAction\":[{\"@type\":\"ReadAction\",\"target\":[\"https:\/\/www.achucarro.org\/es\/cerebros-e-infancias-saludables\/cerebros-saludables-para-infancias-saludables-obesidad-en-el-embarazo-y-la-infancia\/\"]}]},{\"@type\":\"ImageObject\",\"inLanguage\":\"es\",\"@id\":\"https:\/\/www.achucarro.org\/es\/cerebros-e-infancias-saludables\/cerebros-saludables-para-infancias-saludables-obesidad-en-el-embarazo-y-la-infancia\/#primaryimage\",\"url\":\"https:\/\/www.achucarro.org\/wp-content\/uploads\/brain-healthy-childhood.jpg\",\"contentUrl\":\"https:\/\/www.achucarro.org\/wp-content\/uploads\/brain-healthy-childhood.jpg\"},{\"@type\":\"BreadcrumbList\",\"@id\":\"https:\/\/www.achucarro.org\/es\/cerebros-e-infancias-saludables\/cerebros-saludables-para-infancias-saludables-obesidad-en-el-embarazo-y-la-infancia\/#breadcrumb\",\"itemListElement\":[{\"@type\":\"ListItem\",\"position\":1,\"name\":\"Inicio\",\"item\":\"https:\/\/www.achucarro.org\/es\/\"},{\"@type\":\"ListItem\",\"position\":2,\"name\":\"Cerebros saludables para infancias saludables\",\"item\":\"https:\/\/www.achucarro.org\/es\/cerebros-e-infancias-saludables\/\"},{\"@type\":\"ListItem\",\"position\":3,\"name\":\"ACHUCARRO-UNICEF \/ Obesidad en el Embarazo y la Infancia\"}]},{\"@type\":\"WebSite\",\"@id\":\"https:\/\/www.achucarro.org\/#website\",\"url\":\"https:\/\/www.achucarro.org\/\",\"name\":\"Achucarro Basque Center for Neuroscience\",\"description\":\"We are a fundamental research organisation centered in the study of neuron-glia interactions, in health, ageing and disease\",\"publisher\":{\"@id\":\"https:\/\/www.achucarro.org\/#organization\"},\"potentialAction\":[{\"@type\":\"SearchAction\",\"target\":{\"@type\":\"EntryPoint\",\"urlTemplate\":\"https:\/\/www.achucarro.org\/?s={search_term_string}\"},\"query-input\":{\"@type\":\"PropertyValueSpecification\",\"valueRequired\":true,\"valueName\":\"search_term_string\"}}],\"inLanguage\":\"es\"},{\"@type\":\"Organization\",\"@id\":\"https:\/\/www.achucarro.org\/#organization\",\"name\":\"Achucarro Basque Center for Neuroscience\",\"url\":\"https:\/\/www.achucarro.org\/\",\"logo\":{\"@type\":\"ImageObject\",\"inLanguage\":\"es\",\"@id\":\"https:\/\/www.achucarro.org\/#\/schema\/logo\/image\/\",\"url\":\"https:\/\/www.achucarro.org\/wp-content\/uploads\/2022\/01\/achucarro.png\",\"contentUrl\":\"https:\/\/www.achucarro.org\/wp-content\/uploads\/2022\/01\/achucarro.png\",\"width\":315,\"height\":125,\"caption\":\"Achucarro Basque Center for Neuroscience\"},\"image\":{\"@id\":\"https:\/\/www.achucarro.org\/#\/schema\/logo\/image\/\"}}]}<\/script>\n<!-- \/ Yoast SEO plugin. -->","yoast_head_json":{"title":"ACHUCARRO-UNICEF \/ Obesidad en el Embarazo y la Infancia - Achucarro Basque Center for Neuroscience","robots":{"index":"index","follow":"follow","max-snippet":"max-snippet:-1","max-image-preview":"max-image-preview:large","max-video-preview":"max-video-preview:-1"},"canonical":"https:\/\/www.achucarro.org\/es\/cerebros-e-infancias-saludables\/cerebros-saludables-para-infancias-saludables-obesidad-en-el-embarazo-y-la-infancia\/","og_locale":"es_ES","og_type":"article","og_title":"ACHUCARRO-UNICEF \/ Obesidad en el Embarazo y la Infancia - Achucarro Basque Center for Neuroscience","og_description":"Cerebros saludables para infancias saludables Volver al inicio Obesidad en el Embarazo y la infancia En esta secci\u00f3n explicaremos c\u00f3mo la obesidad materna durante el embarazo, as\u00ed como la obesidad en los primeros meses de vida del beb\u00e9, afecta a la formaci\u00f3n del circuito de la alimentaci\u00f3n en el cerebro, lo que puede llevar una [&hellip;]","og_url":"https:\/\/www.achucarro.org\/es\/cerebros-e-infancias-saludables\/cerebros-saludables-para-infancias-saludables-obesidad-en-el-embarazo-y-la-infancia\/","og_site_name":"Achucarro Basque Center for Neuroscience","article_modified_time":"2025-09-15T09:58:26+00:00","og_image":[{"width":651,"height":651,"url":"https:\/\/www.achucarro.org\/wp-content\/uploads\/brain-healthy-childhood.jpg","type":"image\/jpeg"}],"twitter_card":"summary_large_image","twitter_misc":{"Tiempo de lectura":"2 minutos"},"schema":{"@context":"https:\/\/schema.org","@graph":[{"@type":"WebPage","@id":"https:\/\/www.achucarro.org\/es\/cerebros-e-infancias-saludables\/cerebros-saludables-para-infancias-saludables-obesidad-en-el-embarazo-y-la-infancia\/","url":"https:\/\/www.achucarro.org\/es\/cerebros-e-infancias-saludables\/cerebros-saludables-para-infancias-saludables-obesidad-en-el-embarazo-y-la-infancia\/","name":"ACHUCARRO-UNICEF \/ Obesidad en el Embarazo y la Infancia - Achucarro Basque Center for Neuroscience","isPartOf":{"@id":"https:\/\/www.achucarro.org\/#website"},"primaryImageOfPage":{"@id":"https:\/\/www.achucarro.org\/es\/cerebros-e-infancias-saludables\/cerebros-saludables-para-infancias-saludables-obesidad-en-el-embarazo-y-la-infancia\/#primaryimage"},"image":{"@id":"https:\/\/www.achucarro.org\/es\/cerebros-e-infancias-saludables\/cerebros-saludables-para-infancias-saludables-obesidad-en-el-embarazo-y-la-infancia\/#primaryimage"},"thumbnailUrl":"https:\/\/www.achucarro.org\/wp-content\/uploads\/brain-healthy-childhood.jpg","datePublished":"2025-09-02T11:42:26+00:00","dateModified":"2025-09-15T09:58:26+00:00","breadcrumb":{"@id":"https:\/\/www.achucarro.org\/es\/cerebros-e-infancias-saludables\/cerebros-saludables-para-infancias-saludables-obesidad-en-el-embarazo-y-la-infancia\/#breadcrumb"},"inLanguage":"es","potentialAction":[{"@type":"ReadAction","target":["https:\/\/www.achucarro.org\/es\/cerebros-e-infancias-saludables\/cerebros-saludables-para-infancias-saludables-obesidad-en-el-embarazo-y-la-infancia\/"]}]},{"@type":"ImageObject","inLanguage":"es","@id":"https:\/\/www.achucarro.org\/es\/cerebros-e-infancias-saludables\/cerebros-saludables-para-infancias-saludables-obesidad-en-el-embarazo-y-la-infancia\/#primaryimage","url":"https:\/\/www.achucarro.org\/wp-content\/uploads\/brain-healthy-childhood.jpg","contentUrl":"https:\/\/www.achucarro.org\/wp-content\/uploads\/brain-healthy-childhood.jpg"},{"@type":"BreadcrumbList","@id":"https:\/\/www.achucarro.org\/es\/cerebros-e-infancias-saludables\/cerebros-saludables-para-infancias-saludables-obesidad-en-el-embarazo-y-la-infancia\/#breadcrumb","itemListElement":[{"@type":"ListItem","position":1,"name":"Inicio","item":"https:\/\/www.achucarro.org\/es\/"},{"@type":"ListItem","position":2,"name":"Cerebros saludables para infancias saludables","item":"https:\/\/www.achucarro.org\/es\/cerebros-e-infancias-saludables\/"},{"@type":"ListItem","position":3,"name":"ACHUCARRO-UNICEF \/ Obesidad en el Embarazo y la Infancia"}]},{"@type":"WebSite","@id":"https:\/\/www.achucarro.org\/#website","url":"https:\/\/www.achucarro.org\/","name":"Achucarro Basque Center for Neuroscience","description":"We are a fundamental research organisation centered in the study of neuron-glia interactions, in health, ageing and disease","publisher":{"@id":"https:\/\/www.achucarro.org\/#organization"},"potentialAction":[{"@type":"SearchAction","target":{"@type":"EntryPoint","urlTemplate":"https:\/\/www.achucarro.org\/?s={search_term_string}"},"query-input":{"@type":"PropertyValueSpecification","valueRequired":true,"valueName":"search_term_string"}}],"inLanguage":"es"},{"@type":"Organization","@id":"https:\/\/www.achucarro.org\/#organization","name":"Achucarro Basque Center for Neuroscience","url":"https:\/\/www.achucarro.org\/","logo":{"@type":"ImageObject","inLanguage":"es","@id":"https:\/\/www.achucarro.org\/#\/schema\/logo\/image\/","url":"https:\/\/www.achucarro.org\/wp-content\/uploads\/2022\/01\/achucarro.png","contentUrl":"https:\/\/www.achucarro.org\/wp-content\/uploads\/2022\/01\/achucarro.png","width":315,"height":125,"caption":"Achucarro Basque Center for Neuroscience"},"image":{"@id":"https:\/\/www.achucarro.org\/#\/schema\/logo\/image\/"}}]}},"_links":{"self":[{"href":"https:\/\/www.achucarro.org\/es\/wp-json\/wp\/v2\/pages\/23066","targetHints":{"allow":["GET"]}}],"collection":[{"href":"https:\/\/www.achucarro.org\/es\/wp-json\/wp\/v2\/pages"}],"about":[{"href":"https:\/\/www.achucarro.org\/es\/wp-json\/wp\/v2\/types\/page"}],"author":[{"embeddable":true,"href":"https:\/\/www.achucarro.org\/es\/wp-json\/wp\/v2\/users\/2"}],"replies":[{"embeddable":true,"href":"https:\/\/www.achucarro.org\/es\/wp-json\/wp\/v2\/comments?post=23066"}],"version-history":[{"count":2,"href":"https:\/\/www.achucarro.org\/es\/wp-json\/wp\/v2\/pages\/23066\/revisions"}],"predecessor-version":[{"id":23292,"href":"https:\/\/www.achucarro.org\/es\/wp-json\/wp\/v2\/pages\/23066\/revisions\/23292"}],"up":[{"embeddable":true,"href":"https:\/\/www.achucarro.org\/es\/wp-json\/wp\/v2\/pages\/23010"}],"wp:attachment":[{"href":"https:\/\/www.achucarro.org\/es\/wp-json\/wp\/v2\/media?parent=23066"}],"curies":[{"name":"wp","href":"https:\/\/api.w.org\/{rel}","templated":true}]}}