{"id":23010,"date":"2025-09-01T15:57:35","date_gmt":"2025-09-01T13:57:35","guid":{"rendered":"https:\/\/www.achucarro.org\/?page_id=23010"},"modified":"2025-09-02T13:53:01","modified_gmt":"2025-09-02T11:53:01","slug":"cerebros-e-infancias-saludables","status":"publish","type":"page","link":"https:\/\/www.achucarro.org\/es\/cerebros-e-infancias-saludables\/","title":{"rendered":"Cerebros saludables para infancias saludables"},"content":{"rendered":"\t\t<div data-elementor-type=\"wp-page\" data-elementor-id=\"23010\" class=\"elementor elementor-23010 elementor-22977\">\n\t\t\t\t\t\t<section class=\"elementor-section elementor-top-section elementor-element elementor-element-57f7bae elementor-section-boxed elementor-section-height-default elementor-section-height-default\" data-id=\"57f7bae\" data-element_type=\"section\">\n\t\t\t\t\t\t<div class=\"elementor-container elementor-column-gap-default\">\n\t\t\t\t\t<div class=\"elementor-column elementor-col-100 elementor-top-column elementor-element elementor-element-042c414\" data-id=\"042c414\" data-element_type=\"column\">\n\t\t\t<div class=\"elementor-widget-wrap elementor-element-populated\">\n\t\t\t\t\t\t<div class=\"elementor-element elementor-element-05db5b8 elementor-widget elementor-widget-heading\" data-id=\"05db5b8\" data-element_type=\"widget\" data-widget_type=\"heading.default\">\n\t\t\t\t<div class=\"elementor-widget-container\">\n\t\t\t\t\t<h2 class=\"elementor-heading-title elementor-size-default\">Cerebros saludables para infancias saludables<\/h2>\t\t\t\t<\/div>\n\t\t\t\t<\/div>\n\t\t\t\t\t<\/div>\n\t\t<\/div>\n\t\t\t\t\t<\/div>\n\t\t<\/section>\n\t\t\t\t<section class=\"elementor-section elementor-top-section elementor-element elementor-element-5720db1 elementor-section-boxed elementor-section-height-default elementor-section-height-default\" data-id=\"5720db1\" data-element_type=\"section\">\n\t\t\t\t\t\t<div class=\"elementor-container elementor-column-gap-default\">\n\t\t\t\t\t<div class=\"elementor-column elementor-col-50 elementor-top-column elementor-element elementor-element-ea89285\" data-id=\"ea89285\" data-element_type=\"column\">\n\t\t\t<div class=\"elementor-widget-wrap elementor-element-populated\">\n\t\t\t\t\t\t<div class=\"elementor-element elementor-element-48af00b elementor-widget elementor-widget-image\" data-id=\"48af00b\" data-element_type=\"widget\" data-widget_type=\"image.default\">\n\t\t\t\t<div class=\"elementor-widget-container\">\n\t\t\t\t\t\t\t\t\t\t\t\t\t\t\t<img fetchpriority=\"high\" decoding=\"async\" width=\"651\" height=\"651\" src=\"https:\/\/www.achucarro.org\/wp-content\/uploads\/brain-healthy-childhood.jpg\" class=\"attachment-large size-large wp-image-22984\" alt=\"\" srcset=\"https:\/\/www.achucarro.org\/wp-content\/uploads\/brain-healthy-childhood.jpg 651w, https:\/\/www.achucarro.org\/wp-content\/uploads\/brain-healthy-childhood-300x300.jpg 300w, https:\/\/www.achucarro.org\/wp-content\/uploads\/brain-healthy-childhood-150x150.jpg 150w\" sizes=\"(max-width: 651px) 100vw, 651px\" \/>\t\t\t\t\t\t\t\t\t\t\t\t\t\t\t<\/div>\n\t\t\t\t<\/div>\n\t\t\t\t<div class=\"elementor-element elementor-element-16ede44 elementor-align-center elementor-widget elementor-widget-button\" data-id=\"16ede44\" data-element_type=\"widget\" data-widget_type=\"button.default\">\n\t\t\t\t<div class=\"elementor-widget-container\">\n\t\t\t\t\t\t\t\t\t<div class=\"elementor-button-wrapper\">\n\t\t\t\t\t<a class=\"elementor-button elementor-button-link elementor-size-sm\" href=\"mailto:info@achucarro.org\">\n\t\t\t\t\t\t<span class=\"elementor-button-content-wrapper\">\n\t\t\t\t\t\t<span class=\"elementor-button-icon\">\n\t\t\t\t<i aria-hidden=\"true\" class=\"fas fa-mail-bulk\"><\/i>\t\t\t<\/span>\n\t\t\t\t\t\t\t\t\t<span class=\"elementor-button-text\">Contacto \/ Sugerencias<\/span>\n\t\t\t\t\t<\/span>\n\t\t\t\t\t<\/a>\n\t\t\t\t<\/div>\n\t\t\t\t\t\t\t\t<\/div>\n\t\t\t\t<\/div>\n\t\t\t\t\t<\/div>\n\t\t<\/div>\n\t\t\t\t<div class=\"elementor-column elementor-col-50 elementor-top-column elementor-element elementor-element-098c3b8\" data-id=\"098c3b8\" data-element_type=\"column\">\n\t\t\t<div class=\"elementor-widget-wrap elementor-element-populated\">\n\t\t\t\t\t\t<div class=\"elementor-element elementor-element-96fba33 elementor-widget elementor-widget-text-editor\" data-id=\"96fba33\" data-element_type=\"widget\" data-widget_type=\"text-editor.default\">\n\t\t\t\t<div class=\"elementor-widget-container\">\n\t\t\t\t\t\t\t\t\t<p>El objetivo de este canal informativo es fomentar el <b>crecimiento saludable de <\/b><b>los ni\u00f1os y ni\u00f1as<\/b><b> basado en la evidencia<\/b>, con un foco particular en el papel del cerebro como integrador de los est\u00edmulos ambientales (como la nutrici\u00f3n o el sue\u00f1o), almac\u00e9n de la memoria y el aprendizaje, y responsable de nuestra salud mental.<\/p><p>Con estos materiales cient\u00edficos divulgativos, coordinados por la profesora de investigaci\u00f3n <a href=\"https:\/\/www.achucarro.org\/people\/amanda-sierra\/\" target=\"_blank\" rel=\"noopener\">Amanda Sierra<\/a>, <strong>ACHUCARRO<\/strong> y <strong>UNICEF\u00a0Comit\u00e9 Pa\u00eds Vasco<\/strong> avanzan en la protecci\u00f3n de los derechos de la infancia.<\/p><p>Los materiales son de acceso abierto y se permite su reproducci\u00f3n no comercial en otros medios, citando la fuente.<\/p>\t\t\t\t\t\t\t\t<\/div>\n\t\t\t\t<\/div>\n\t\t\t\t<div class=\"elementor-element elementor-element-7e1f124 elementor-widget elementor-widget-text-editor\" data-id=\"7e1f124\" data-element_type=\"widget\" data-widget_type=\"text-editor.default\">\n\t\t\t\t<div class=\"elementor-widget-container\">\n\t\t\t\t\t\t\t\t\t<p><span style=\"text-decoration: underline;\">Acceso al material divulgativo sobre los siguientes temas<\/span>:<\/p><ol><li><a href=\"https:\/\/www.achucarro.org\/es\/cerebros-e-infancias-saludables\/cerebros-saludables-para-infancias-saludables-obesidad-en-el-embarazo-y-la-infancia\/\"><strong>Obesidad en el Embarazo y la infancia<\/strong><\/a>\u00a0<\/li><\/ol>\t\t\t\t\t\t\t\t<\/div>\n\t\t\t\t<\/div>\n\t\t\t\t<div class=\"elementor-element elementor-element-e7250b4 elementor-widget-divider--view-line elementor-widget elementor-widget-divider\" data-id=\"e7250b4\" data-element_type=\"widget\" data-widget_type=\"divider.default\">\n\t\t\t\t<div class=\"elementor-widget-container\">\n\t\t\t\t\t\t\t<div class=\"elementor-divider\">\n\t\t\t<span class=\"elementor-divider-separator\">\n\t\t\t\t\t\t<\/span>\n\t\t<\/div>\n\t\t\t\t\t\t<\/div>\n\t\t\t\t<\/div>\n\t\t\t\t\t<\/div>\n\t\t<\/div>\n\t\t\t\t\t<\/div>\n\t\t<\/section>\n\t\t\t\t<section class=\"elementor-section elementor-top-section elementor-element elementor-element-46e69e5 elementor-section-boxed elementor-section-height-default elementor-section-height-default\" data-id=\"46e69e5\" data-element_type=\"section\">\n\t\t\t\t\t\t<div class=\"elementor-container elementor-column-gap-default\">\n\t\t\t\t\t<div class=\"elementor-column elementor-col-100 elementor-top-column elementor-element elementor-element-f5dab24\" data-id=\"f5dab24\" data-element_type=\"column\">\n\t\t\t<div class=\"elementor-widget-wrap elementor-element-populated\">\n\t\t\t\t\t\t\t<\/div>\n\t\t<\/div>\n\t\t\t\t\t<\/div>\n\t\t<\/section>\n\t\t\t\t<\/div>\n\t\t","protected":false},"excerpt":{"rendered":"<p>Cerebros saludables para infancias saludables Contacto \/ Sugerencias El objetivo de este canal informativo es fomentar el crecimiento saludable de los ni\u00f1os y ni\u00f1as basado en la evidencia, con un foco particular en el papel del cerebro como integrador de los est\u00edmulos ambientales (como la nutrici\u00f3n o el sue\u00f1o), almac\u00e9n de la memoria y el [&hellip;]<\/p>\n","protected":false},"author":2,"featured_media":0,"parent":0,"menu_order":0,"comment_status":"closed","ping_status":"closed","template":"elementor_header_footer","meta":{"site-sidebar-layout":"default","site-content-layout":"default","ast-site-content-layout":"default","site-content-style":"unboxed","site-sidebar-style":"default","ast-global-header-display":"","ast-banner-title-visibility":"","ast-main-header-display":"","ast-hfb-above-header-display":"","ast-hfb-below-header-display":"","ast-hfb-mobile-header-display":"","site-post-title":"disabled","ast-breadcrumbs-content":"","ast-featured-img":"disabled","footer-sml-layout":"","theme-transparent-header-meta":"","adv-header-id-meta":"","stick-header-meta":"","header-above-stick-meta":"","header-main-stick-meta":"","header-below-stick-meta":"","astra-migrate-meta-layouts":"set","ast-page-background-enabled":"default","ast-page-background-meta":{"desktop":{"background-color":"var(--ast-global-color-4)","background-image":"","background-repeat":"repeat","background-position":"center center","background-size":"auto","background-attachment":"scroll","background-type":"","background-media":"","overlay-type":"","overlay-color":"","overlay-opacity":"","overlay-gradient":""},"tablet":{"background-color":"","background-image":"","background-repeat":"repeat","background-position":"center center","background-size":"auto","background-attachment":"scroll","background-type":"","background-media":"","overlay-type":"","overlay-color":"","overlay-opacity":"","overlay-gradient":""},"mobile":{"background-color":"","background-image":"","background-repeat":"repeat","background-position":"center center","background-size":"auto","background-attachment":"scroll","background-type":"","background-media":"","overlay-type":"","overlay-color":"","overlay-opacity":"","overlay-gradient":""}},"ast-content-background-meta":{"desktop":{"background-color":"var(--ast-global-color-5)","background-image":"","background-repeat":"repeat","background-position":"center center","background-size":"auto","background-attachment":"scroll","background-type":"","background-media":"","overlay-type":"","overlay-color":"","overlay-opacity":"","overlay-gradient":""},"tablet":{"background-color":"var(--ast-global-color-5)","background-image":"","background-repeat":"repeat","background-position":"center center","background-size":"auto","background-attachment":"scroll","background-type":"","background-media":"","overlay-type":"","overlay-color":"","overlay-opacity":"","overlay-gradient":""},"mobile":{"background-color":"var(--ast-global-color-5)","background-image":"","background-repeat":"repeat","background-position":"center center","background-size":"auto","background-attachment":"scroll","background-type":"","background-media":"","overlay-type":"","overlay-color":"","overlay-opacity":"","overlay-gradient":""}},"footnotes":""},"class_list":["post-23010","page","type-page","status-publish","hentry"],"yoast_head":"<!-- This site is optimized with the Yoast SEO plugin v26.4 - https:\/\/yoast.com\/wordpress\/plugins\/seo\/ -->\n<title>Cerebros saludables para infancias saludables - Achucarro Basque Center for Neuroscience<\/title>\n<meta name=\"robots\" content=\"index, follow, max-snippet:-1, max-image-preview:large, max-video-preview:-1\" \/>\n<link rel=\"canonical\" href=\"https:\/\/www.achucarro.org\/es\/cerebros-e-infancias-saludables\/\" \/>\n<meta property=\"og:locale\" content=\"es_ES\" \/>\n<meta property=\"og:type\" content=\"article\" \/>\n<meta property=\"og:title\" content=\"Cerebros saludables para infancias saludables - Achucarro Basque Center for Neuroscience\" \/>\n<meta property=\"og:description\" content=\"Cerebros saludables para infancias saludables Contacto \/ Sugerencias El objetivo de este canal informativo es fomentar el crecimiento saludable de los ni\u00f1os y ni\u00f1as basado en la evidencia, con un foco particular en el papel del cerebro como integrador de los est\u00edmulos ambientales (como la nutrici\u00f3n o el sue\u00f1o), almac\u00e9n de la memoria y el [&hellip;]\" \/>\n<meta property=\"og:url\" content=\"https:\/\/www.achucarro.org\/es\/cerebros-e-infancias-saludables\/\" \/>\n<meta property=\"og:site_name\" content=\"Achucarro Basque Center for Neuroscience\" \/>\n<meta property=\"article:modified_time\" content=\"2025-09-02T11:53:01+00:00\" \/>\n<meta property=\"og:image\" content=\"https:\/\/www.achucarro.org\/wp-content\/uploads\/brain-healthy-childhood.jpg\" \/>\n\t<meta property=\"og:image:width\" content=\"651\" \/>\n\t<meta property=\"og:image:height\" content=\"651\" \/>\n\t<meta property=\"og:image:type\" content=\"image\/jpeg\" \/>\n<meta name=\"twitter:card\" content=\"summary_large_image\" \/>\n<meta name=\"twitter:label1\" content=\"Tiempo de lectura\" \/>\n\t<meta name=\"twitter:data1\" content=\"1 minuto\" \/>\n<script type=\"application\/ld+json\" class=\"yoast-schema-graph\">{\"@context\":\"https:\/\/schema.org\",\"@graph\":[{\"@type\":\"WebPage\",\"@id\":\"https:\/\/www.achucarro.org\/es\/cerebros-e-infancias-saludables\/\",\"url\":\"https:\/\/www.achucarro.org\/es\/cerebros-e-infancias-saludables\/\",\"name\":\"Cerebros saludables para infancias saludables - Achucarro Basque Center for Neuroscience\",\"isPartOf\":{\"@id\":\"https:\/\/www.achucarro.org\/#website\"},\"primaryImageOfPage\":{\"@id\":\"https:\/\/www.achucarro.org\/es\/cerebros-e-infancias-saludables\/#primaryimage\"},\"image\":{\"@id\":\"https:\/\/www.achucarro.org\/es\/cerebros-e-infancias-saludables\/#primaryimage\"},\"thumbnailUrl\":\"https:\/\/www.achucarro.org\/wp-content\/uploads\/brain-healthy-childhood.jpg\",\"datePublished\":\"2025-09-01T13:57:35+00:00\",\"dateModified\":\"2025-09-02T11:53:01+00:00\",\"breadcrumb\":{\"@id\":\"https:\/\/www.achucarro.org\/es\/cerebros-e-infancias-saludables\/#breadcrumb\"},\"inLanguage\":\"es\",\"potentialAction\":[{\"@type\":\"ReadAction\",\"target\":[\"https:\/\/www.achucarro.org\/es\/cerebros-e-infancias-saludables\/\"]}]},{\"@type\":\"ImageObject\",\"inLanguage\":\"es\",\"@id\":\"https:\/\/www.achucarro.org\/es\/cerebros-e-infancias-saludables\/#primaryimage\",\"url\":\"https:\/\/www.achucarro.org\/wp-content\/uploads\/brain-healthy-childhood.jpg\",\"contentUrl\":\"https:\/\/www.achucarro.org\/wp-content\/uploads\/brain-healthy-childhood.jpg\"},{\"@type\":\"BreadcrumbList\",\"@id\":\"https:\/\/www.achucarro.org\/es\/cerebros-e-infancias-saludables\/#breadcrumb\",\"itemListElement\":[{\"@type\":\"ListItem\",\"position\":1,\"name\":\"Inicio\",\"item\":\"https:\/\/www.achucarro.org\/es\/\"},{\"@type\":\"ListItem\",\"position\":2,\"name\":\"Cerebros saludables para infancias saludables\"}]},{\"@type\":\"WebSite\",\"@id\":\"https:\/\/www.achucarro.org\/#website\",\"url\":\"https:\/\/www.achucarro.org\/\",\"name\":\"Achucarro Basque Center for Neuroscience\",\"description\":\"We are a fundamental research organisation centered in the study of neuron-glia interactions, in health, ageing and disease\",\"publisher\":{\"@id\":\"https:\/\/www.achucarro.org\/#organization\"},\"potentialAction\":[{\"@type\":\"SearchAction\",\"target\":{\"@type\":\"EntryPoint\",\"urlTemplate\":\"https:\/\/www.achucarro.org\/?s={search_term_string}\"},\"query-input\":{\"@type\":\"PropertyValueSpecification\",\"valueRequired\":true,\"valueName\":\"search_term_string\"}}],\"inLanguage\":\"es\"},{\"@type\":\"Organization\",\"@id\":\"https:\/\/www.achucarro.org\/#organization\",\"name\":\"Achucarro Basque Center for Neuroscience\",\"url\":\"https:\/\/www.achucarro.org\/\",\"logo\":{\"@type\":\"ImageObject\",\"inLanguage\":\"es\",\"@id\":\"https:\/\/www.achucarro.org\/#\/schema\/logo\/image\/\",\"url\":\"https:\/\/www.achucarro.org\/wp-content\/uploads\/2022\/01\/achucarro.png\",\"contentUrl\":\"https:\/\/www.achucarro.org\/wp-content\/uploads\/2022\/01\/achucarro.png\",\"width\":315,\"height\":125,\"caption\":\"Achucarro Basque Center for Neuroscience\"},\"image\":{\"@id\":\"https:\/\/www.achucarro.org\/#\/schema\/logo\/image\/\"}}]}<\/script>\n<!-- \/ Yoast SEO plugin. -->","yoast_head_json":{"title":"Cerebros saludables para infancias saludables - Achucarro Basque Center for Neuroscience","robots":{"index":"index","follow":"follow","max-snippet":"max-snippet:-1","max-image-preview":"max-image-preview:large","max-video-preview":"max-video-preview:-1"},"canonical":"https:\/\/www.achucarro.org\/es\/cerebros-e-infancias-saludables\/","og_locale":"es_ES","og_type":"article","og_title":"Cerebros saludables para infancias saludables - Achucarro Basque Center for Neuroscience","og_description":"Cerebros saludables para infancias saludables Contacto \/ Sugerencias El objetivo de este canal informativo es fomentar el crecimiento saludable de los ni\u00f1os y ni\u00f1as basado en la evidencia, con un foco particular en el papel del cerebro como integrador de los est\u00edmulos ambientales (como la nutrici\u00f3n o el sue\u00f1o), almac\u00e9n de la memoria y el [&hellip;]","og_url":"https:\/\/www.achucarro.org\/es\/cerebros-e-infancias-saludables\/","og_site_name":"Achucarro Basque Center for Neuroscience","article_modified_time":"2025-09-02T11:53:01+00:00","og_image":[{"width":651,"height":651,"url":"https:\/\/www.achucarro.org\/wp-content\/uploads\/brain-healthy-childhood.jpg","type":"image\/jpeg"}],"twitter_card":"summary_large_image","twitter_misc":{"Tiempo de lectura":"1 minuto"},"schema":{"@context":"https:\/\/schema.org","@graph":[{"@type":"WebPage","@id":"https:\/\/www.achucarro.org\/es\/cerebros-e-infancias-saludables\/","url":"https:\/\/www.achucarro.org\/es\/cerebros-e-infancias-saludables\/","name":"Cerebros saludables para infancias saludables - Achucarro Basque Center for Neuroscience","isPartOf":{"@id":"https:\/\/www.achucarro.org\/#website"},"primaryImageOfPage":{"@id":"https:\/\/www.achucarro.org\/es\/cerebros-e-infancias-saludables\/#primaryimage"},"image":{"@id":"https:\/\/www.achucarro.org\/es\/cerebros-e-infancias-saludables\/#primaryimage"},"thumbnailUrl":"https:\/\/www.achucarro.org\/wp-content\/uploads\/brain-healthy-childhood.jpg","datePublished":"2025-09-01T13:57:35+00:00","dateModified":"2025-09-02T11:53:01+00:00","breadcrumb":{"@id":"https:\/\/www.achucarro.org\/es\/cerebros-e-infancias-saludables\/#breadcrumb"},"inLanguage":"es","potentialAction":[{"@type":"ReadAction","target":["https:\/\/www.achucarro.org\/es\/cerebros-e-infancias-saludables\/"]}]},{"@type":"ImageObject","inLanguage":"es","@id":"https:\/\/www.achucarro.org\/es\/cerebros-e-infancias-saludables\/#primaryimage","url":"https:\/\/www.achucarro.org\/wp-content\/uploads\/brain-healthy-childhood.jpg","contentUrl":"https:\/\/www.achucarro.org\/wp-content\/uploads\/brain-healthy-childhood.jpg"},{"@type":"BreadcrumbList","@id":"https:\/\/www.achucarro.org\/es\/cerebros-e-infancias-saludables\/#breadcrumb","itemListElement":[{"@type":"ListItem","position":1,"name":"Inicio","item":"https:\/\/www.achucarro.org\/es\/"},{"@type":"ListItem","position":2,"name":"Cerebros saludables para infancias saludables"}]},{"@type":"WebSite","@id":"https:\/\/www.achucarro.org\/#website","url":"https:\/\/www.achucarro.org\/","name":"Achucarro Basque Center for Neuroscience","description":"We are a fundamental research organisation centered in the study of neuron-glia interactions, in health, ageing and disease","publisher":{"@id":"https:\/\/www.achucarro.org\/#organization"},"potentialAction":[{"@type":"SearchAction","target":{"@type":"EntryPoint","urlTemplate":"https:\/\/www.achucarro.org\/?s={search_term_string}"},"query-input":{"@type":"PropertyValueSpecification","valueRequired":true,"valueName":"search_term_string"}}],"inLanguage":"es"},{"@type":"Organization","@id":"https:\/\/www.achucarro.org\/#organization","name":"Achucarro Basque Center for Neuroscience","url":"https:\/\/www.achucarro.org\/","logo":{"@type":"ImageObject","inLanguage":"es","@id":"https:\/\/www.achucarro.org\/#\/schema\/logo\/image\/","url":"https:\/\/www.achucarro.org\/wp-content\/uploads\/2022\/01\/achucarro.png","contentUrl":"https:\/\/www.achucarro.org\/wp-content\/uploads\/2022\/01\/achucarro.png","width":315,"height":125,"caption":"Achucarro Basque Center for Neuroscience"},"image":{"@id":"https:\/\/www.achucarro.org\/#\/schema\/logo\/image\/"}}]}},"_links":{"self":[{"href":"https:\/\/www.achucarro.org\/es\/wp-json\/wp\/v2\/pages\/23010","targetHints":{"allow":["GET"]}}],"collection":[{"href":"https:\/\/www.achucarro.org\/es\/wp-json\/wp\/v2\/pages"}],"about":[{"href":"https:\/\/www.achucarro.org\/es\/wp-json\/wp\/v2\/types\/page"}],"author":[{"embeddable":true,"href":"https:\/\/www.achucarro.org\/es\/wp-json\/wp\/v2\/users\/2"}],"replies":[{"embeddable":true,"href":"https:\/\/www.achucarro.org\/es\/wp-json\/wp\/v2\/comments?post=23010"}],"version-history":[{"count":2,"href":"https:\/\/www.achucarro.org\/es\/wp-json\/wp\/v2\/pages\/23010\/revisions"}],"predecessor-version":[{"id":23085,"href":"https:\/\/www.achucarro.org\/es\/wp-json\/wp\/v2\/pages\/23010\/revisions\/23085"}],"wp:attachment":[{"href":"https:\/\/www.achucarro.org\/es\/wp-json\/wp\/v2\/media?parent=23010"}],"curies":[{"name":"wp","href":"https:\/\/api.w.org\/{rel}","templated":true}]}}