{"id":22021,"date":"2025-06-19T15:48:17","date_gmt":"2025-06-19T13:48:17","guid":{"rendered":"https:\/\/www.achucarro.org\/agreements-with-public-institutions\/"},"modified":"2025-06-19T16:14:20","modified_gmt":"2025-06-19T14:14:20","slug":"agreements-with-public-institutions","status":"publish","type":"page","link":"https:\/\/www.achucarro.org\/es\/agreements-with-public-institutions\/","title":{"rendered":"Acuerdos\/Contratos con Instituciones P\u00fablicas"},"content":{"rendered":"\t\t<div data-elementor-type=\"wp-page\" data-elementor-id=\"22021\" class=\"elementor elementor-22021 elementor-22003\">\n\t\t\t\t\t\t<section class=\"elementor-section elementor-top-section elementor-element elementor-element-7787632 elementor-section-boxed elementor-section-height-default elementor-section-height-default\" data-id=\"7787632\" data-element_type=\"section\" data-e-type=\"section\">\n\t\t\t\t\t\t<div class=\"elementor-container elementor-column-gap-default\">\n\t\t\t\t\t<div class=\"elementor-column elementor-col-100 elementor-top-column elementor-element elementor-element-5a9601f\" data-id=\"5a9601f\" data-element_type=\"column\" data-e-type=\"column\">\n\t\t\t<div class=\"elementor-widget-wrap elementor-element-populated\">\n\t\t\t\t\t\t<div class=\"elementor-element elementor-element-730540f elementor-widget elementor-widget-heading\" data-id=\"730540f\" data-element_type=\"widget\" data-e-type=\"widget\" data-widget_type=\"heading.default\">\n\t\t\t\t<div class=\"elementor-widget-container\">\n\t\t\t\t\t<h2 class=\"elementor-heading-title elementor-size-default\">Acuerdos\/Contratos con Instituciones P\u00fablicas<\/h2>\t\t\t\t<\/div>\n\t\t\t\t<\/div>\n\t\t\t\t\t<\/div>\n\t\t<\/div>\n\t\t\t\t\t<\/div>\n\t\t<\/section>\n\t\t\t\t<section class=\"elementor-section elementor-top-section elementor-element elementor-element-4ac31a4 elementor-section-boxed elementor-section-height-default elementor-section-height-default\" data-id=\"4ac31a4\" data-element_type=\"section\" data-e-type=\"section\">\n\t\t\t\t\t\t<div class=\"elementor-container elementor-column-gap-default\">\n\t\t\t\t\t<div class=\"elementor-column elementor-col-100 elementor-top-column elementor-element elementor-element-59ed11a\" data-id=\"59ed11a\" data-element_type=\"column\" data-e-type=\"column\">\n\t\t\t<div class=\"elementor-widget-wrap elementor-element-populated\">\n\t\t\t\t\t\t<div class=\"elementor-element elementor-element-cd2358b elementor-widget elementor-widget-text-editor\" data-id=\"cd2358b\" data-element_type=\"widget\" data-e-type=\"widget\" data-widget_type=\"text-editor.default\">\n\t\t\t\t<div class=\"elementor-widget-container\">\n\t\t\t\t\t\t\t\t\t<p>Colaborar con otras entidades es clave para afrontar los desaf\u00edos de este mundo cambiante.\u00a0<\/p><p>Estos son los acuerdos institucionales por socio estrat\u00e9gico durante el per\u00edodo (2022-2025):<\/p>\t\t\t\t\t\t\t\t<\/div>\n\t\t\t\t<\/div>\n\t\t\t\t<div class=\"elementor-element elementor-element-2cb0dc8 elementor-widget elementor-widget-text-editor\" data-id=\"2cb0dc8\" data-element_type=\"widget\" data-e-type=\"widget\" data-widget_type=\"text-editor.default\">\n\t\t\t\t<div class=\"elementor-widget-container\">\n\t\t\t\t\t\t\t\t\t<p><strong>GOBIERNO VASCO<\/strong><\/p><ul><li>Convenio BERC para apoyar el despliegue estrat\u00e9gico en 2022-2025.<\/li><\/ul><p><strong>RED VASCA DE CIENCIA TECNOLOG\u00cdA E INNOVACI\u00d3N<\/strong><\/p><ul><li>Adscripci\u00f3n a la RVCTI y reconocimiento en la categor\u00eda \u201cBERC &#8211; Basque Excellence Research Centre\u201d<\/li><\/ul><p><strong>\u00a0<\/strong><strong>IKERBASQUE<\/strong><\/p><ul><li>Convenio Marco para la adscripci\u00f3n de personal investigador: Ikerbasque Research Professors, Associate Professors and Fellows<\/li><li>Convenio para apoyar el desarrollo de la Estrategia IKUR del Gobierno Vasco<\/li><li>Convenio para apoyar el desarrollo de la Estrategia Neuronano del Gobierno Vasco<\/li><\/ul><p><strong>UNIVERSIDAD DEL PA\u00cdS VASCO (EHU)<\/strong><\/p><ul><li>Convenio Marco de Colaboraci\u00f3n<\/li><li>Convenio espec\u00edfico para la adscripci\u00f3n de personal docente e investigador<\/li><li>Convenio espec\u00edfico de colaboraci\u00f3n para la designaci\u00f3n del Subdirecci\u00f3n Cient\u00edfica<\/li><\/ul>\t\t\t\t\t\t\t\t<\/div>\n\t\t\t\t<\/div>\n\t\t\t\t\t<\/div>\n\t\t<\/div>\n\t\t\t\t\t<\/div>\n\t\t<\/section>\n\t\t\t\t<\/div>\n\t\t","protected":false},"excerpt":{"rendered":"<p>Acuerdos\/Contratos con Instituciones P\u00fablicas Colaborar con otras entidades es clave para afrontar los desaf\u00edos de este mundo cambiante.\u00a0 Estos son los acuerdos institucionales por socio estrat\u00e9gico durante el per\u00edodo (2022-2025): GOBIERNO VASCO Convenio BERC para apoyar el despliegue estrat\u00e9gico en 2022-2025. RED VASCA DE CIENCIA TECNOLOG\u00cdA E INNOVACI\u00d3N Adscripci\u00f3n a la RVCTI y reconocimiento en [&hellip;]<\/p>\n","protected":false},"author":2,"featured_media":0,"parent":0,"menu_order":0,"comment_status":"closed","ping_status":"closed","template":"elementor_header_footer","meta":{"site-sidebar-layout":"default","site-content-layout":"default","ast-site-content-layout":"default","site-content-style":"default","site-sidebar-style":"default","ast-global-header-display":"","ast-banner-title-visibility":"","ast-main-header-display":"","ast-hfb-above-header-display":"","ast-hfb-below-header-display":"","ast-hfb-mobile-header-display":"","site-post-title":"disabled","ast-breadcrumbs-content":"","ast-featured-img":"disabled","footer-sml-layout":"","ast-disable-related-posts":"","theme-transparent-header-meta":"","adv-header-id-meta":"","stick-header-meta":"","header-above-stick-meta":"","header-main-stick-meta":"","header-below-stick-meta":"","astra-migrate-meta-layouts":"set","ast-page-background-enabled":"default","ast-page-background-meta":{"desktop":{"background-color":"var(--ast-global-color-4)","background-image":"","background-repeat":"repeat","background-position":"center center","background-size":"auto","background-attachment":"scroll","background-type":"","background-media":"","overlay-type":"","overlay-color":"","overlay-opacity":"","overlay-gradient":""},"tablet":{"background-color":"","background-image":"","background-repeat":"repeat","background-position":"center center","background-size":"auto","background-attachment":"scroll","background-type":"","background-media":"","overlay-type":"","overlay-color":"","overlay-opacity":"","overlay-gradient":""},"mobile":{"background-color":"","background-image":"","background-repeat":"repeat","background-position":"center center","background-size":"auto","background-attachment":"scroll","background-type":"","background-media":"","overlay-type":"","overlay-color":"","overlay-opacity":"","overlay-gradient":""}},"ast-content-background-meta":{"desktop":{"background-color":"var(--ast-global-color-5)","background-image":"","background-repeat":"repeat","background-position":"center center","background-size":"auto","background-attachment":"scroll","background-type":"","background-media":"","overlay-type":"","overlay-color":"","overlay-opacity":"","overlay-gradient":""},"tablet":{"background-color":"var(--ast-global-color-5)","background-image":"","background-repeat":"repeat","background-position":"center center","background-size":"auto","background-attachment":"scroll","background-type":"","background-media":"","overlay-type":"","overlay-color":"","overlay-opacity":"","overlay-gradient":""},"mobile":{"background-color":"var(--ast-global-color-5)","background-image":"","background-repeat":"repeat","background-position":"center center","background-size":"auto","background-attachment":"scroll","background-type":"","background-media":"","overlay-type":"","overlay-color":"","overlay-opacity":"","overlay-gradient":""}},"footnotes":""},"class_list":["post-22021","page","type-page","status-publish","hentry"],"yoast_head":"<!-- This site is optimized with the Yoast SEO plugin v27.4 - https:\/\/yoast.com\/product\/yoast-seo-wordpress\/ -->\n<title>Acuerdos\/Contratos con Instituciones P\u00fablicas - Achucarro Basque Center for Neuroscience<\/title>\n<meta name=\"robots\" content=\"index, follow, max-snippet:-1, max-image-preview:large, max-video-preview:-1\" \/>\n<link rel=\"canonical\" href=\"https:\/\/www.achucarro.org\/es\/agreements-with-public-institutions\/\" \/>\n<meta property=\"og:locale\" content=\"es_ES\" \/>\n<meta property=\"og:type\" content=\"article\" \/>\n<meta property=\"og:title\" content=\"Acuerdos\/Contratos con Instituciones P\u00fablicas - Achucarro Basque Center for Neuroscience\" \/>\n<meta property=\"og:description\" content=\"Acuerdos\/Contratos con Instituciones P\u00fablicas Colaborar con otras entidades es clave para afrontar los desaf\u00edos de este mundo cambiante.\u00a0 Estos son los acuerdos institucionales por socio estrat\u00e9gico durante el per\u00edodo (2022-2025): GOBIERNO VASCO Convenio BERC para apoyar el despliegue estrat\u00e9gico en 2022-2025. RED VASCA DE CIENCIA TECNOLOG\u00cdA E INNOVACI\u00d3N Adscripci\u00f3n a la RVCTI y reconocimiento en [&hellip;]\" \/>\n<meta property=\"og:url\" content=\"https:\/\/www.achucarro.org\/es\/agreements-with-public-institutions\/\" \/>\n<meta property=\"og:site_name\" content=\"Achucarro Basque Center for Neuroscience\" \/>\n<meta property=\"article:modified_time\" content=\"2025-06-19T14:14:20+00:00\" \/>\n<meta name=\"twitter:card\" content=\"summary_large_image\" \/>\n<meta name=\"twitter:label1\" content=\"Tiempo de lectura\" \/>\n\t<meta name=\"twitter:data1\" content=\"1 minuto\" \/>\n<script type=\"application\/ld+json\" class=\"yoast-schema-graph\">{\"@context\":\"https:\\\/\\\/schema.org\",\"@graph\":[{\"@type\":\"WebPage\",\"@id\":\"https:\\\/\\\/www.achucarro.org\\\/es\\\/agreements-with-public-institutions\\\/\",\"url\":\"https:\\\/\\\/www.achucarro.org\\\/es\\\/agreements-with-public-institutions\\\/\",\"name\":\"Acuerdos\\\/Contratos con Instituciones P\u00fablicas - Achucarro Basque Center for Neuroscience\",\"isPartOf\":{\"@id\":\"https:\\\/\\\/www.achucarro.org\\\/#website\"},\"datePublished\":\"2025-06-19T13:48:17+00:00\",\"dateModified\":\"2025-06-19T14:14:20+00:00\",\"breadcrumb\":{\"@id\":\"https:\\\/\\\/www.achucarro.org\\\/es\\\/agreements-with-public-institutions\\\/#breadcrumb\"},\"inLanguage\":\"es\",\"potentialAction\":[{\"@type\":\"ReadAction\",\"target\":[\"https:\\\/\\\/www.achucarro.org\\\/es\\\/agreements-with-public-institutions\\\/\"]}]},{\"@type\":\"BreadcrumbList\",\"@id\":\"https:\\\/\\\/www.achucarro.org\\\/es\\\/agreements-with-public-institutions\\\/#breadcrumb\",\"itemListElement\":[{\"@type\":\"ListItem\",\"position\":1,\"name\":\"Inicio\",\"item\":\"https:\\\/\\\/www.achucarro.org\\\/es\\\/\"},{\"@type\":\"ListItem\",\"position\":2,\"name\":\"Acuerdos\\\/Contratos con Instituciones P\u00fablicas\"}]},{\"@type\":\"WebSite\",\"@id\":\"https:\\\/\\\/www.achucarro.org\\\/#website\",\"url\":\"https:\\\/\\\/www.achucarro.org\\\/\",\"name\":\"Achucarro Basque Center for Neuroscience\",\"description\":\"We are a fundamental research organisation centered in the study of neuron-glia interactions, in health, ageing and disease\",\"publisher\":{\"@id\":\"https:\\\/\\\/www.achucarro.org\\\/#organization\"},\"potentialAction\":[{\"@type\":\"SearchAction\",\"target\":{\"@type\":\"EntryPoint\",\"urlTemplate\":\"https:\\\/\\\/www.achucarro.org\\\/?s={search_term_string}\"},\"query-input\":{\"@type\":\"PropertyValueSpecification\",\"valueRequired\":true,\"valueName\":\"search_term_string\"}}],\"inLanguage\":\"es\"},{\"@type\":\"Organization\",\"@id\":\"https:\\\/\\\/www.achucarro.org\\\/#organization\",\"name\":\"Achucarro Basque Center for Neuroscience\",\"url\":\"https:\\\/\\\/www.achucarro.org\\\/\",\"logo\":{\"@type\":\"ImageObject\",\"inLanguage\":\"es\",\"@id\":\"https:\\\/\\\/www.achucarro.org\\\/#\\\/schema\\\/logo\\\/image\\\/\",\"url\":\"https:\\\/\\\/www.achucarro.org\\\/wp-content\\\/uploads\\\/2022\\\/01\\\/achucarro.png\",\"contentUrl\":\"https:\\\/\\\/www.achucarro.org\\\/wp-content\\\/uploads\\\/2022\\\/01\\\/achucarro.png\",\"width\":315,\"height\":125,\"caption\":\"Achucarro Basque Center for Neuroscience\"},\"image\":{\"@id\":\"https:\\\/\\\/www.achucarro.org\\\/#\\\/schema\\\/logo\\\/image\\\/\"}}]}<\/script>\n<!-- \/ Yoast SEO plugin. -->","yoast_head_json":{"title":"Acuerdos\/Contratos con Instituciones P\u00fablicas - Achucarro Basque Center for Neuroscience","robots":{"index":"index","follow":"follow","max-snippet":"max-snippet:-1","max-image-preview":"max-image-preview:large","max-video-preview":"max-video-preview:-1"},"canonical":"https:\/\/www.achucarro.org\/es\/agreements-with-public-institutions\/","og_locale":"es_ES","og_type":"article","og_title":"Acuerdos\/Contratos con Instituciones P\u00fablicas - Achucarro Basque Center for Neuroscience","og_description":"Acuerdos\/Contratos con Instituciones P\u00fablicas Colaborar con otras entidades es clave para afrontar los desaf\u00edos de este mundo cambiante.\u00a0 Estos son los acuerdos institucionales por socio estrat\u00e9gico durante el per\u00edodo (2022-2025): GOBIERNO VASCO Convenio BERC para apoyar el despliegue estrat\u00e9gico en 2022-2025. RED VASCA DE CIENCIA TECNOLOG\u00cdA E INNOVACI\u00d3N Adscripci\u00f3n a la RVCTI y reconocimiento en [&hellip;]","og_url":"https:\/\/www.achucarro.org\/es\/agreements-with-public-institutions\/","og_site_name":"Achucarro Basque Center for Neuroscience","article_modified_time":"2025-06-19T14:14:20+00:00","twitter_card":"summary_large_image","twitter_misc":{"Tiempo de lectura":"1 minuto"},"schema":{"@context":"https:\/\/schema.org","@graph":[{"@type":"WebPage","@id":"https:\/\/www.achucarro.org\/es\/agreements-with-public-institutions\/","url":"https:\/\/www.achucarro.org\/es\/agreements-with-public-institutions\/","name":"Acuerdos\/Contratos con Instituciones P\u00fablicas - Achucarro Basque Center for Neuroscience","isPartOf":{"@id":"https:\/\/www.achucarro.org\/#website"},"datePublished":"2025-06-19T13:48:17+00:00","dateModified":"2025-06-19T14:14:20+00:00","breadcrumb":{"@id":"https:\/\/www.achucarro.org\/es\/agreements-with-public-institutions\/#breadcrumb"},"inLanguage":"es","potentialAction":[{"@type":"ReadAction","target":["https:\/\/www.achucarro.org\/es\/agreements-with-public-institutions\/"]}]},{"@type":"BreadcrumbList","@id":"https:\/\/www.achucarro.org\/es\/agreements-with-public-institutions\/#breadcrumb","itemListElement":[{"@type":"ListItem","position":1,"name":"Inicio","item":"https:\/\/www.achucarro.org\/es\/"},{"@type":"ListItem","position":2,"name":"Acuerdos\/Contratos con Instituciones P\u00fablicas"}]},{"@type":"WebSite","@id":"https:\/\/www.achucarro.org\/#website","url":"https:\/\/www.achucarro.org\/","name":"Achucarro Basque Center for Neuroscience","description":"We are a fundamental research organisation centered in the study of neuron-glia interactions, in health, ageing and disease","publisher":{"@id":"https:\/\/www.achucarro.org\/#organization"},"potentialAction":[{"@type":"SearchAction","target":{"@type":"EntryPoint","urlTemplate":"https:\/\/www.achucarro.org\/?s={search_term_string}"},"query-input":{"@type":"PropertyValueSpecification","valueRequired":true,"valueName":"search_term_string"}}],"inLanguage":"es"},{"@type":"Organization","@id":"https:\/\/www.achucarro.org\/#organization","name":"Achucarro Basque Center for Neuroscience","url":"https:\/\/www.achucarro.org\/","logo":{"@type":"ImageObject","inLanguage":"es","@id":"https:\/\/www.achucarro.org\/#\/schema\/logo\/image\/","url":"https:\/\/www.achucarro.org\/wp-content\/uploads\/2022\/01\/achucarro.png","contentUrl":"https:\/\/www.achucarro.org\/wp-content\/uploads\/2022\/01\/achucarro.png","width":315,"height":125,"caption":"Achucarro Basque Center for Neuroscience"},"image":{"@id":"https:\/\/www.achucarro.org\/#\/schema\/logo\/image\/"}}]}},"_links":{"self":[{"href":"https:\/\/www.achucarro.org\/es\/wp-json\/wp\/v2\/pages\/22021","targetHints":{"allow":["GET"]}}],"collection":[{"href":"https:\/\/www.achucarro.org\/es\/wp-json\/wp\/v2\/pages"}],"about":[{"href":"https:\/\/www.achucarro.org\/es\/wp-json\/wp\/v2\/types\/page"}],"author":[{"embeddable":true,"href":"https:\/\/www.achucarro.org\/es\/wp-json\/wp\/v2\/users\/2"}],"replies":[{"embeddable":true,"href":"https:\/\/www.achucarro.org\/es\/wp-json\/wp\/v2\/comments?post=22021"}],"version-history":[{"count":2,"href":"https:\/\/www.achucarro.org\/es\/wp-json\/wp\/v2\/pages\/22021\/revisions"}],"predecessor-version":[{"id":22051,"href":"https:\/\/www.achucarro.org\/es\/wp-json\/wp\/v2\/pages\/22021\/revisions\/22051"}],"wp:attachment":[{"href":"https:\/\/www.achucarro.org\/es\/wp-json\/wp\/v2\/media?parent=22021"}],"curies":[{"name":"wp","href":"https:\/\/api.w.org\/{rel}","templated":true}]}}