{"id":21627,"date":"2025-06-02T16:25:03","date_gmt":"2025-06-02T14:25:03","guid":{"rendered":"https:\/\/www.achucarro.org\/?page_id=21627"},"modified":"2025-07-14T16:19:55","modified_gmt":"2025-07-14T14:19:55","slug":"zientziaklik","status":"publish","type":"page","link":"https:\/\/www.achucarro.org\/es\/zientziaklik\/","title":{"rendered":"Zientziaklik"},"content":{"rendered":"\t\t<div data-elementor-type=\"wp-page\" data-elementor-id=\"21627\" class=\"elementor elementor-21627\">\n\t\t\t\t\t\t<section class=\"elementor-section elementor-top-section elementor-element elementor-element-50f87c8e elementor-section-boxed elementor-section-height-default elementor-section-height-default\" data-id=\"50f87c8e\" data-element_type=\"section\">\n\t\t\t\t\t\t<div class=\"elementor-container elementor-column-gap-default\">\n\t\t\t\t\t<div class=\"elementor-column elementor-col-100 elementor-top-column elementor-element elementor-element-6480032d\" data-id=\"6480032d\" data-element_type=\"column\">\n\t\t\t<div class=\"elementor-widget-wrap elementor-element-populated\">\n\t\t\t\t\t\t<div class=\"elementor-element elementor-element-b0613ce elementor-widget elementor-widget-heading\" data-id=\"b0613ce\" data-element_type=\"widget\" data-widget_type=\"heading.default\">\n\t\t\t\t<div class=\"elementor-widget-container\">\n\t\t\t\t\t<h2 class=\"elementor-heading-title elementor-size-default\">Zientziaklik<\/h2>\t\t\t\t<\/div>\n\t\t\t\t<\/div>\n\t\t\t\t\t<\/div>\n\t\t<\/div>\n\t\t\t\t\t<\/div>\n\t\t<\/section>\n\t\t\t\t<section class=\"elementor-section elementor-top-section elementor-element elementor-element-b888462 elementor-section-boxed elementor-section-height-default elementor-section-height-default\" data-id=\"b888462\" data-element_type=\"section\">\n\t\t\t\t\t\t<div class=\"elementor-container elementor-column-gap-default\">\n\t\t\t\t\t<div class=\"elementor-column elementor-col-50 elementor-top-column elementor-element elementor-element-f1f2a85\" data-id=\"f1f2a85\" data-element_type=\"column\">\n\t\t\t<div class=\"elementor-widget-wrap elementor-element-populated\">\n\t\t\t\t\t\t<div class=\"elementor-element elementor-element-b17aab0 elementor-widget elementor-widget-text-editor\" data-id=\"b17aab0\" data-element_type=\"widget\" data-widget_type=\"text-editor.default\">\n\t\t\t\t<div class=\"elementor-widget-container\">\n\t\t\t\t\t\t\t\t\t<p>La iniciativa <strong>Zientziaklik<\/strong> es una plataforma digital lanzada por el Gobierno Vasco como parte del Proyecto para la Difusi\u00f3n Social del Conocimiento (<a href=\"\/news\/2025-05-achucarro-joins-the-jakindari\/\" target=\"_blank\" rel=\"noopener\"><strong>JAKINDARI<\/strong><\/a>).<\/p><p>Esta iniciativa tiene como objetivo principal <strong>fortalecer la cultura cient\u00edfica y mejorar la relaci\u00f3n entre la ciencia y la sociedad<\/strong> vasca.<\/p>\t\t\t\t\t\t\t\t<\/div>\n\t\t\t\t<\/div>\n\t\t\t\t\t<\/div>\n\t\t<\/div>\n\t\t\t\t<div class=\"elementor-column elementor-col-50 elementor-top-column elementor-element elementor-element-f48b6c3\" data-id=\"f48b6c3\" data-element_type=\"column\">\n\t\t\t<div class=\"elementor-widget-wrap elementor-element-populated\">\n\t\t\t\t\t\t<div class=\"elementor-element elementor-element-9b3efa7 elementor-widget elementor-widget-text-editor\" data-id=\"9b3efa7\" data-element_type=\"widget\" data-widget_type=\"text-editor.default\">\n\t\t\t\t<div class=\"elementor-widget-container\">\n\t\t\t\t\t\t\t\t\t<p><a href=\"https:\/\/zientziaklik.euskadi.eus\/\"><img decoding=\"async\" src=\"https:\/\/www.achucarro.org\/wp-content\/uploads\/logo_zientziaklik.jpg\" alt=\"\" width=\"265\" height=\"68\" \/> <\/a><\/p><p>M\u00e1s informaci\u00f3n:<\/p><p><a href=\"https:\/\/zientziaklik.euskadi.eus\/\" target=\"_blank\" rel=\"noopener\">https:\/\/zientziaklik.euskadi.eus\/<\/a><\/p>\t\t\t\t\t\t\t\t<\/div>\n\t\t\t\t<\/div>\n\t\t\t\t\t<\/div>\n\t\t<\/div>\n\t\t\t\t\t<\/div>\n\t\t<\/section>\n\t\t\t\t<section class=\"elementor-section elementor-top-section elementor-element elementor-element-73bbf68 elementor-section-boxed elementor-section-height-default elementor-section-height-default\" data-id=\"73bbf68\" data-element_type=\"section\">\n\t\t\t\t\t\t<div class=\"elementor-container elementor-column-gap-default\">\n\t\t\t\t\t<div class=\"elementor-column elementor-col-100 elementor-top-column elementor-element elementor-element-f1b1226\" data-id=\"f1b1226\" data-element_type=\"column\">\n\t\t\t<div class=\"elementor-widget-wrap\">\n\t\t\t\t\t\t\t<\/div>\n\t\t<\/div>\n\t\t\t\t\t<\/div>\n\t\t<\/section>\n\t\t\t\t<\/div>\n\t\t","protected":false},"excerpt":{"rendered":"<p>Zientziaklik La iniciativa Zientziaklik es una plataforma digital lanzada por el Gobierno Vasco como parte del Proyecto para la Difusi\u00f3n Social del Conocimiento (JAKINDARI). Esta iniciativa tiene como objetivo principal fortalecer la cultura cient\u00edfica y mejorar la relaci\u00f3n entre la ciencia y la sociedad vasca. M\u00e1s informaci\u00f3n: https:\/\/zientziaklik.euskadi.eus\/<\/p>\n","protected":false},"author":2,"featured_media":0,"parent":0,"menu_order":0,"comment_status":"closed","ping_status":"closed","template":"elementor_header_footer","meta":{"site-sidebar-layout":"default","site-content-layout":"","ast-site-content-layout":"default","site-content-style":"default","site-sidebar-style":"default","ast-global-header-display":"","ast-banner-title-visibility":"","ast-main-header-display":"","ast-hfb-above-header-display":"","ast-hfb-below-header-display":"","ast-hfb-mobile-header-display":"","site-post-title":"","ast-breadcrumbs-content":"","ast-featured-img":"","footer-sml-layout":"","theme-transparent-header-meta":"","adv-header-id-meta":"","stick-header-meta":"","header-above-stick-meta":"","header-main-stick-meta":"","header-below-stick-meta":"","astra-migrate-meta-layouts":"set","ast-page-background-enabled":"default","ast-page-background-meta":{"desktop":{"background-color":"var(--ast-global-color-4)","background-image":"","background-repeat":"repeat","background-position":"center center","background-size":"auto","background-attachment":"scroll","background-type":"","background-media":"","overlay-type":"","overlay-color":"","overlay-opacity":"","overlay-gradient":""},"tablet":{"background-color":"","background-image":"","background-repeat":"repeat","background-position":"center center","background-size":"auto","background-attachment":"scroll","background-type":"","background-media":"","overlay-type":"","overlay-color":"","overlay-opacity":"","overlay-gradient":""},"mobile":{"background-color":"","background-image":"","background-repeat":"repeat","background-position":"center center","background-size":"auto","background-attachment":"scroll","background-type":"","background-media":"","overlay-type":"","overlay-color":"","overlay-opacity":"","overlay-gradient":""}},"ast-content-background-meta":{"desktop":{"background-color":"var(--ast-global-color-5)","background-image":"","background-repeat":"repeat","background-position":"center center","background-size":"auto","background-attachment":"scroll","background-type":"","background-media":"","overlay-type":"","overlay-color":"","overlay-opacity":"","overlay-gradient":""},"tablet":{"background-color":"var(--ast-global-color-5)","background-image":"","background-repeat":"repeat","background-position":"center center","background-size":"auto","background-attachment":"scroll","background-type":"","background-media":"","overlay-type":"","overlay-color":"","overlay-opacity":"","overlay-gradient":""},"mobile":{"background-color":"var(--ast-global-color-5)","background-image":"","background-repeat":"repeat","background-position":"center center","background-size":"auto","background-attachment":"scroll","background-type":"","background-media":"","overlay-type":"","overlay-color":"","overlay-opacity":"","overlay-gradient":""}},"footnotes":""},"class_list":["post-21627","page","type-page","status-publish","hentry"],"yoast_head":"<!-- This site is optimized with the Yoast SEO plugin v26.4 - https:\/\/yoast.com\/wordpress\/plugins\/seo\/ -->\n<title>Zientziaklik - Achucarro Basque Center for Neuroscience<\/title>\n<meta name=\"robots\" content=\"index, follow, max-snippet:-1, max-image-preview:large, max-video-preview:-1\" \/>\n<link rel=\"canonical\" href=\"https:\/\/www.achucarro.org\/es\/zientziaklik\/\" \/>\n<meta property=\"og:locale\" content=\"es_ES\" \/>\n<meta property=\"og:type\" content=\"article\" \/>\n<meta property=\"og:title\" content=\"Zientziaklik - Achucarro Basque Center for Neuroscience\" \/>\n<meta property=\"og:description\" content=\"Zientziaklik La iniciativa Zientziaklik es una plataforma digital lanzada por el Gobierno Vasco como parte del Proyecto para la Difusi\u00f3n Social del Conocimiento (JAKINDARI). Esta iniciativa tiene como objetivo principal fortalecer la cultura cient\u00edfica y mejorar la relaci\u00f3n entre la ciencia y la sociedad vasca. M\u00e1s informaci\u00f3n: https:\/\/zientziaklik.euskadi.eus\/\" \/>\n<meta property=\"og:url\" content=\"https:\/\/www.achucarro.org\/es\/zientziaklik\/\" \/>\n<meta property=\"og:site_name\" content=\"Achucarro Basque Center for Neuroscience\" \/>\n<meta property=\"article:modified_time\" content=\"2025-07-14T14:19:55+00:00\" \/>\n<meta property=\"og:image\" content=\"https:\/\/www.achucarro.org\/wp-content\/uploads\/logo_zientziaklik.jpg\" \/>\n<meta name=\"twitter:card\" content=\"summary_large_image\" \/>\n<meta name=\"twitter:label1\" content=\"Tiempo de lectura\" \/>\n\t<meta name=\"twitter:data1\" content=\"1 minuto\" \/>\n<script type=\"application\/ld+json\" class=\"yoast-schema-graph\">{\"@context\":\"https:\/\/schema.org\",\"@graph\":[{\"@type\":\"WebPage\",\"@id\":\"https:\/\/www.achucarro.org\/es\/zientziaklik\/\",\"url\":\"https:\/\/www.achucarro.org\/es\/zientziaklik\/\",\"name\":\"Zientziaklik - Achucarro Basque Center for Neuroscience\",\"isPartOf\":{\"@id\":\"https:\/\/www.achucarro.org\/#website\"},\"primaryImageOfPage\":{\"@id\":\"https:\/\/www.achucarro.org\/es\/zientziaklik\/#primaryimage\"},\"image\":{\"@id\":\"https:\/\/www.achucarro.org\/es\/zientziaklik\/#primaryimage\"},\"thumbnailUrl\":\"https:\/\/www.achucarro.org\/wp-content\/uploads\/logo_zientziaklik.jpg\",\"datePublished\":\"2025-06-02T14:25:03+00:00\",\"dateModified\":\"2025-07-14T14:19:55+00:00\",\"breadcrumb\":{\"@id\":\"https:\/\/www.achucarro.org\/es\/zientziaklik\/#breadcrumb\"},\"inLanguage\":\"es\",\"potentialAction\":[{\"@type\":\"ReadAction\",\"target\":[\"https:\/\/www.achucarro.org\/es\/zientziaklik\/\"]}]},{\"@type\":\"ImageObject\",\"inLanguage\":\"es\",\"@id\":\"https:\/\/www.achucarro.org\/es\/zientziaklik\/#primaryimage\",\"url\":\"https:\/\/www.achucarro.org\/wp-content\/uploads\/logo_zientziaklik.jpg\",\"contentUrl\":\"https:\/\/www.achucarro.org\/wp-content\/uploads\/logo_zientziaklik.jpg\"},{\"@type\":\"BreadcrumbList\",\"@id\":\"https:\/\/www.achucarro.org\/es\/zientziaklik\/#breadcrumb\",\"itemListElement\":[{\"@type\":\"ListItem\",\"position\":1,\"name\":\"Inicio\",\"item\":\"https:\/\/www.achucarro.org\/es\/\"},{\"@type\":\"ListItem\",\"position\":2,\"name\":\"Zientziaklik\"}]},{\"@type\":\"WebSite\",\"@id\":\"https:\/\/www.achucarro.org\/#website\",\"url\":\"https:\/\/www.achucarro.org\/\",\"name\":\"Achucarro Basque Center for Neuroscience\",\"description\":\"We are a fundamental research organisation centered in the study of neuron-glia interactions, in health, ageing and disease\",\"publisher\":{\"@id\":\"https:\/\/www.achucarro.org\/#organization\"},\"potentialAction\":[{\"@type\":\"SearchAction\",\"target\":{\"@type\":\"EntryPoint\",\"urlTemplate\":\"https:\/\/www.achucarro.org\/?s={search_term_string}\"},\"query-input\":{\"@type\":\"PropertyValueSpecification\",\"valueRequired\":true,\"valueName\":\"search_term_string\"}}],\"inLanguage\":\"es\"},{\"@type\":\"Organization\",\"@id\":\"https:\/\/www.achucarro.org\/#organization\",\"name\":\"Achucarro Basque Center for Neuroscience\",\"url\":\"https:\/\/www.achucarro.org\/\",\"logo\":{\"@type\":\"ImageObject\",\"inLanguage\":\"es\",\"@id\":\"https:\/\/www.achucarro.org\/#\/schema\/logo\/image\/\",\"url\":\"https:\/\/www.achucarro.org\/wp-content\/uploads\/2022\/01\/achucarro.png\",\"contentUrl\":\"https:\/\/www.achucarro.org\/wp-content\/uploads\/2022\/01\/achucarro.png\",\"width\":315,\"height\":125,\"caption\":\"Achucarro Basque Center for Neuroscience\"},\"image\":{\"@id\":\"https:\/\/www.achucarro.org\/#\/schema\/logo\/image\/\"}}]}<\/script>\n<!-- \/ Yoast SEO plugin. -->","yoast_head_json":{"title":"Zientziaklik - Achucarro Basque Center for Neuroscience","robots":{"index":"index","follow":"follow","max-snippet":"max-snippet:-1","max-image-preview":"max-image-preview:large","max-video-preview":"max-video-preview:-1"},"canonical":"https:\/\/www.achucarro.org\/es\/zientziaklik\/","og_locale":"es_ES","og_type":"article","og_title":"Zientziaklik - Achucarro Basque Center for Neuroscience","og_description":"Zientziaklik La iniciativa Zientziaklik es una plataforma digital lanzada por el Gobierno Vasco como parte del Proyecto para la Difusi\u00f3n Social del Conocimiento (JAKINDARI). Esta iniciativa tiene como objetivo principal fortalecer la cultura cient\u00edfica y mejorar la relaci\u00f3n entre la ciencia y la sociedad vasca. M\u00e1s informaci\u00f3n: https:\/\/zientziaklik.euskadi.eus\/","og_url":"https:\/\/www.achucarro.org\/es\/zientziaklik\/","og_site_name":"Achucarro Basque Center for Neuroscience","article_modified_time":"2025-07-14T14:19:55+00:00","og_image":[{"url":"https:\/\/www.achucarro.org\/wp-content\/uploads\/logo_zientziaklik.jpg","type":"","width":"","height":""}],"twitter_card":"summary_large_image","twitter_misc":{"Tiempo de lectura":"1 minuto"},"schema":{"@context":"https:\/\/schema.org","@graph":[{"@type":"WebPage","@id":"https:\/\/www.achucarro.org\/es\/zientziaklik\/","url":"https:\/\/www.achucarro.org\/es\/zientziaklik\/","name":"Zientziaklik - Achucarro Basque Center for Neuroscience","isPartOf":{"@id":"https:\/\/www.achucarro.org\/#website"},"primaryImageOfPage":{"@id":"https:\/\/www.achucarro.org\/es\/zientziaklik\/#primaryimage"},"image":{"@id":"https:\/\/www.achucarro.org\/es\/zientziaklik\/#primaryimage"},"thumbnailUrl":"https:\/\/www.achucarro.org\/wp-content\/uploads\/logo_zientziaklik.jpg","datePublished":"2025-06-02T14:25:03+00:00","dateModified":"2025-07-14T14:19:55+00:00","breadcrumb":{"@id":"https:\/\/www.achucarro.org\/es\/zientziaklik\/#breadcrumb"},"inLanguage":"es","potentialAction":[{"@type":"ReadAction","target":["https:\/\/www.achucarro.org\/es\/zientziaklik\/"]}]},{"@type":"ImageObject","inLanguage":"es","@id":"https:\/\/www.achucarro.org\/es\/zientziaklik\/#primaryimage","url":"https:\/\/www.achucarro.org\/wp-content\/uploads\/logo_zientziaklik.jpg","contentUrl":"https:\/\/www.achucarro.org\/wp-content\/uploads\/logo_zientziaklik.jpg"},{"@type":"BreadcrumbList","@id":"https:\/\/www.achucarro.org\/es\/zientziaklik\/#breadcrumb","itemListElement":[{"@type":"ListItem","position":1,"name":"Inicio","item":"https:\/\/www.achucarro.org\/es\/"},{"@type":"ListItem","position":2,"name":"Zientziaklik"}]},{"@type":"WebSite","@id":"https:\/\/www.achucarro.org\/#website","url":"https:\/\/www.achucarro.org\/","name":"Achucarro Basque Center for Neuroscience","description":"We are a fundamental research organisation centered in the study of neuron-glia interactions, in health, ageing and disease","publisher":{"@id":"https:\/\/www.achucarro.org\/#organization"},"potentialAction":[{"@type":"SearchAction","target":{"@type":"EntryPoint","urlTemplate":"https:\/\/www.achucarro.org\/?s={search_term_string}"},"query-input":{"@type":"PropertyValueSpecification","valueRequired":true,"valueName":"search_term_string"}}],"inLanguage":"es"},{"@type":"Organization","@id":"https:\/\/www.achucarro.org\/#organization","name":"Achucarro Basque Center for Neuroscience","url":"https:\/\/www.achucarro.org\/","logo":{"@type":"ImageObject","inLanguage":"es","@id":"https:\/\/www.achucarro.org\/#\/schema\/logo\/image\/","url":"https:\/\/www.achucarro.org\/wp-content\/uploads\/2022\/01\/achucarro.png","contentUrl":"https:\/\/www.achucarro.org\/wp-content\/uploads\/2022\/01\/achucarro.png","width":315,"height":125,"caption":"Achucarro Basque Center for Neuroscience"},"image":{"@id":"https:\/\/www.achucarro.org\/#\/schema\/logo\/image\/"}}]}},"_links":{"self":[{"href":"https:\/\/www.achucarro.org\/es\/wp-json\/wp\/v2\/pages\/21627","targetHints":{"allow":["GET"]}}],"collection":[{"href":"https:\/\/www.achucarro.org\/es\/wp-json\/wp\/v2\/pages"}],"about":[{"href":"https:\/\/www.achucarro.org\/es\/wp-json\/wp\/v2\/types\/page"}],"author":[{"embeddable":true,"href":"https:\/\/www.achucarro.org\/es\/wp-json\/wp\/v2\/users\/2"}],"replies":[{"embeddable":true,"href":"https:\/\/www.achucarro.org\/es\/wp-json\/wp\/v2\/comments?post=21627"}],"version-history":[{"count":2,"href":"https:\/\/www.achucarro.org\/es\/wp-json\/wp\/v2\/pages\/21627\/revisions"}],"predecessor-version":[{"id":22562,"href":"https:\/\/www.achucarro.org\/es\/wp-json\/wp\/v2\/pages\/21627\/revisions\/22562"}],"wp:attachment":[{"href":"https:\/\/www.achucarro.org\/es\/wp-json\/wp\/v2\/media?parent=21627"}],"curies":[{"name":"wp","href":"https:\/\/api.w.org\/{rel}","templated":true}]}}